{"id":111,"date":"2016-04-06T16:44:06","date_gmt":"2016-04-06T14:44:06","guid":{"rendered":"http:\/\/www.bildungswerksport.de\/welt\/bericht\/?page_id=111"},"modified":"2016-06-17T14:03:58","modified_gmt":"2016-06-17T12:03:58","slug":"neue-gepflogenheiten","status":"publish","type":"page","link":"https:\/\/www.bildungswerksport.de\/welt\/bericht\/innovation\/neue-gepflogenheiten\/","title":{"rendered":"1 &#8211; Neue Gepflogenheiten."},"content":{"rendered":"<div>\n<h1 style=\"text-align: center;\">&#8211; 1 &#8211;<\/h1>\n<\/div>\n<div><img loading=\"lazy\" decoding=\"async\" class=\"img-frame aligncenter\" src=\"https:\/\/www.bildungswerksport.de\/welt\/wp-content\/uploads\/sites\/3\/2016\/06\/kursverwalter_oval.jpg\" width=\"703\" height=\"516\" \/><\/div>\n<h1 style=\"text-align: center;\">Neue Gepflogenheiten.<\/h1>\n<p><strong>\u00dcberregional im Team zusammenarbeiten, auf die gleichen Informationen zugreifen k\u00f6nnen und Daten zentral erfassen. F\u00fcr die Mitarbeiterinnen und Mitarbeiter der sechs regionalen Beratungszentren im Bildungswerk ist dies seit \u00fcber 15 Jahren gelebte Realit\u00e4t. Seit sieben Jahren sind die verschiedenen Dienste unter einer einheitlichen Oberfl\u00e4che zusammengefasst. Neu in 2016 ist die Integration eines Video-Konferenzsystems. Es wird Zeit dem \u201eKursverwalter\u201c die n\u00f6tige Aufmerksamkeit zu widmen.<\/strong><\/p>\n<p>Wenn Fred Dietzler morgens in seinem B\u00fcro in Treis-Karden seinen Rechner hochgefahren hat, geht sein erster Weg in den Kursverwalter. Mit einem Blick sieht er, wer von den Kolleginnen und Kollegen ebenfalls online ist, sei es in einem der anderen Beratungszentren, im Home-Office oder gerade unterwegs mit einer Reisegruppe irgendwo auf der Welt. Schnell, mit nur einem Klick hat man eine Nachricht geschrieben \u2013 oder direkt\u00a0 zum Telefonh\u00f6rer gegriffen, sagt der 61-j\u00e4hrige Leiter des Beratungszentrums in Treis-Karden.<\/p>\n<p>Der zweite Blick geht zumeist in die \u00dcbersicht der Partnervereine, die von Treis-Karden aus betreut werden. Wie viele Vereine sind aktuell aktiv, wie viele Vereine waren in der Vergangenheit aktiv und wie sieht das Potential aus. Ein Mausklick weiter hat der erfahrene Kursberater die Liste der ehemaligen Partnervereine auf dem Monitor, schnell sucht er sich drei Vereine heraus und \u00fcberpr\u00fcft, ob die hinterlegten Kontaktinformationen aktuell sind. Da Fred Dietzler den Kontakt gerne auch zu ehemaligen Partnern pflegt, entscheidet er sich spontan zu einem Anruf bei einer der Kursleiterinnen. Mit den \u00fcbersichtlich aufbereiteten Informationen des vereinsspezifischen Dossiers kann er die Vorteile der Kurspartnerschaft f\u00fcr den Verein sehr gut in Erinnerung bringen. Oft ergeben sich dann neue Chancen und ehemalige Partnerschaften werden reaktiviert, freut sich Fred Dietzler. Er wei\u00df, jeder Partnerverein verbessert mit dem Kursangebot die Weiterbildungsm\u00f6glichkeit der Bev\u00f6lkerung im Einzugsgebiet des Vereins \u2013 und darauf kommt es dem p\u00e4dagogischen Mitarbeiter im Team des Bildungswerkes an.<\/p>\n<pre><img loading=\"lazy\" decoding=\"async\" class=\"img-frame aligncenter\" src=\"http:\/\/www.bildungswerksport.de\/welt\/bericht\/wp-content\/uploads\/sites\/3\/2016\/04\/fred_1_oval.jpg\" width=\"601\" height=\"440\" \/><\/pre>\n<p>Dass das Weiterbildungsangebot in seinem Betreuungsbereich gut und vielf\u00e4ltig ist davon zeugen die vielen Veranstaltungsnachweise, die bei ihm eingehen. Veranstaltungsthemen, Dauer, Kursleiter und Teilnehmerzahlen werden von ihm \u00fcberpr\u00fcft und dann mit den Daten im Kursverwalter abgeglichen. \u00dcber sechshundert Veranstaltungen pflegt alleine er j\u00e4hrlich in den Kursverwalter ein und beh\u00e4lt so den \u00dcberblick, welcher Verein gerade was an Veranstaltungen laufen hat. Landesweit sind es j\u00e4hrlich \u00fcber 3.400 Veranstaltungen, die erfasst und in Echtzeit aufgerufen werden k\u00f6nnen. Sind die Kriterien gem\u00e4\u00df rheinland-pf\u00e4lzischem Weiterbildungsgesetz erf\u00fcllt, so erhalten die Partnervereine einen Organisationskostenzuschuss. \u201eDer Kursverwalter sagt mir sogar, wann der Zuschuss f\u00fcr den Kurs auf das Vereinskonto angewiesen wurde. Die Bezuschussung erfolgt n\u00e4mlich zentral \u00fcber die Landesorganisation in Mainz. Dort werden \u00fcber den Kursverwalter, auf Basis der regional erhobenen Daten, auch die Zuwendungsbescheide f\u00fcr die Vereine erstellt und mit wenigen Klicks sogar die zehnseitige Statistik f\u00fcr das statistische Landesamt\u201c berichtet Fred Dietzler stolz. Immerhin ist er schon so lange dabei, dass er sich noch erinnern kann, wie diese Listen fr\u00fcher von Hand ausgef\u00fcllt wurden.<\/p>\n<p>Zwischenzeitlich tut sich etwas im Diskussionsboard. Gesch\u00e4ftsf\u00fchrer Marco Fusaro fragt die Terminpr\u00e4ferenzen f\u00fcr die w\u00f6chentlichen Jour fixe-Treffen ab. Auch die gew\u00fcnschten Themen werden im Diskussionsboard abgesprochen. Das Board erleichtert das Nachvollziehen der Diskussionen ungemein. Selbst wenn man aus dem Urlaub kommt, kann man schnell nachlesen, was zurzeit l\u00e4uft. Auf die Jour fixe freut er sich besonders. Ganz neu ist im Kursverwalter eine Videokonferenz-L\u00f6sung integriert worden. Mit Adobe Connect f\u00fchren wir nun unsere regelm\u00e4\u00dfigen Meetings durch, aber auch Webinare f\u00fcr unsere Teilnehmenden sind geplant. Eine super Sache, sagt Fred Dietzler und f\u00fcgt zwinkernd hinzu: \u201eDas Bildungswerk ist eben immer mindestens einen Schritt voraus.\u201c<\/p>\n<p>Auf eine Funktion muss Fred Dietzler allerdings noch etwas warten, die Integration des gesamten Anmeldeverfahrens \u00fcber die online-Plattform des Kursverwalters. Aber das Jahr ist ja noch nicht zu Ende und er ist ja auch noch eine Weile mit dabei im Bildungswerk.<\/p>\n","protected":false},"excerpt":{"rendered":"<p>&#8211; 1 &#8211; Neue Gepflogenheiten. \u00dcberregional im Team zusammenarbeiten, auf die gleichen Informationen zugreifen k\u00f6nnen und Daten zentral erfassen. F\u00fcr [&hellip;]<\/p>\n","protected":false},"author":1,"featured_media":0,"parent":80,"menu_order":0,"comment_status":"closed","ping_status":"closed","template":"template-full-custom.php","meta":{"footnotes":""},"class_list":["post-111","page","type-page","status-publish","hentry"],"_links":{"self":[{"href":"https:\/\/www.bildungswerksport.de\/welt\/bericht\/wp-json\/wp\/v2\/pages\/111","targetHints":{"allow":["GET"]}}],"collection":[{"href":"https:\/\/www.bildungswerksport.de\/welt\/bericht\/wp-json\/wp\/v2\/pages"}],"about":[{"href":"https:\/\/www.bildungswerksport.de\/welt\/bericht\/wp-json\/wp\/v2\/types\/page"}],"author":[{"embeddable":true,"href":"https:\/\/www.bildungswerksport.de\/welt\/bericht\/wp-json\/wp\/v2\/users\/1"}],"replies":[{"embeddable":true,"href":"https:\/\/www.bildungswerksport.de\/welt\/bericht\/wp-json\/wp\/v2\/comments?post=111"}],"version-history":[{"count":11,"href":"https:\/\/www.bildungswerksport.de\/welt\/bericht\/wp-json\/wp\/v2\/pages\/111\/revisions"}],"predecessor-version":[{"id":538,"href":"https:\/\/www.bildungswerksport.de\/welt\/bericht\/wp-json\/wp\/v2\/pages\/111\/revisions\/538"}],"up":[{"embeddable":true,"href":"https:\/\/www.bildungswerksport.de\/welt\/bericht\/wp-json\/wp\/v2\/pages\/80"}],"wp:attachment":[{"href":"https:\/\/www.bildungswerksport.de\/welt\/bericht\/wp-json\/wp\/v2\/media?parent=111"}],"curies":[{"name":"wp","href":"https:\/\/api.w.org\/{rel}","templated":true}]}}