{"id":263,"date":"2016-06-09T02:22:39","date_gmt":"2016-06-09T00:22:39","guid":{"rendered":"https:\/\/www.bildungswerksport.de\/welt\/bericht\/?page_id=263"},"modified":"2016-06-20T14:47:33","modified_gmt":"2016-06-20T12:47:33","slug":"traditionell-voraus","status":"publish","type":"page","link":"https:\/\/www.bildungswerksport.de\/welt\/bericht\/entwicklung-jetzt\/traditionell-voraus\/","title":{"rendered":"4 &#8211; Traditionell voraus"},"content":{"rendered":"<div>\n<h1 style=\"text-align: center;\">&#8211; 4 &#8211;<\/h1>\n<\/div>\n<div><a class=\"lightbox-image\" title=\"\"><img decoding=\"async\" class=\"img-frame aligncenter\" src=\"https:\/\/www.bildungswerksport.de\/welt\/wp-content\/uploads\/sites\/3\/2016\/06\/kopiert_oval.jpg\" \/><\/a><\/div>\n<h1 style=\"text-align: center;\">Traditionell voraus.<\/h1>\n<p><strong>Sport ist international und das Angebot an neuen Bewegungstrends un\u00fcberschaubar vielf\u00e4ltig. Deshalb steht das Bildungswerk jedem im Sport zur Seite. In den vergangenen f\u00fcnf Jahren hat sich das Qualifizierungsprogramm MOMENTUM zum Impulsgeber nicht nur in Rheinland-Pfalz, sondern auch \u00fcber die Landesgrenzen hinweg entwickelt. Weil MOMENTUM f\u00fcr Dynamik und Ver\u00e4nderung steht, das Neues und Besseres schafft.<\/strong><\/p>\n<div style=\"width:100%px; max-width:100%;\"><div class=\"video-wrap\"><iframe loading=\"lazy\" src=\"https:\/\/player.vimeo.com\/video\/170916390\" width=\"100\" height=\"56\" frameborder=\"0\" title=\"Traditionell voraus.\" webkitallowfullscreen mozallowfullscreen allowfullscreen><\/iframe><\/div>\n<\/div>\n<p>Es ist Anfang Februar. Druckfrisch liegt das Jahresprogramm MOMENTUM 2016 im Briefkasten. Die Einladung zur FIBO \u2013 der f\u00fchrenden Fitness- und Gesundheitsmesse in Deutschland \u2013 ist auch schon eingetroffen, ein wichtiger Baustein der Jahresplanung. Das Karussell dreht sich und die Programmplaner beim Bildungswerk sind jetzt schon wieder mit den Vorbereitungen f\u00fcr das Programm 2017 besch\u00e4ftigt.<\/p>\n<p>Im Team von Mitarbeitenden aus sechs Beratungszentren wird sich jedes Jahr aufs Neue Gedanken gemacht, welche Themen f\u00fcr die Veranstaltungen in Frage kommen und wo sie stattfinden sollen. Das Planungsteam bezieht Anregungen aus dem Kreis der Teilnehmenden mit ein, informiert sich auf f\u00fchrenden Fitness- und Gesundheitsmessen \u00fcber aktuelle Themen und &#8211; extrem wichtig &#8211; tauscht sich regelm\u00e4\u00dfig mit Referentinnen und Referenten aus.<\/p>\n<p>Nun werden die gesammelten Ideen bei einem Treffen mit den verantwortlichen Mitarbeiterinnen und Mitarbeitern vorgestellt und festgelegt, welche der Themen landesweit von Bedeutung sind und somit an mehreren Standorten durchgef\u00fchrt werden. Ein wichtiges Kredo beim Bildungswerk ist, die Seminare wohnortnah, zeit- und kostensparend f\u00fcr die Weiterbildungsinteressierten in Rheinland-Pfalz anzubieten. Beim Bildungswerk Sport gibt es Themen zu entdecken, die speziell und einzigartig in Rheinland-Pfalz und &#8211; sehr wichtig &#8211; f\u00fcr die rheinland-pf\u00e4lzischen Vereine auch relevant sind. Neben dem Einsatz von Tablets in ausgew\u00e4hlten Veranstaltungen bietet auch die Online-Plattform &#8220;Mein Bildungswerk Sport&#8221; einen echten Mehrwert f\u00fcr die Teilnehmenden, vor, w\u00e4hrend und vor allem auch nach einer Veranstaltung.<\/p>\n<p>Im n\u00e4chsten Schritt steht die Termin- und Raumplanung im Mittelpunkt. Die Teilnehmenden bei den Veranstaltungen des Bildungswerk Sport sollen sich wohlf\u00fchlen, daher spielt das Ambiente der Veranstaltungsorte eine gro\u00dfe Rolle. So sind die Weiterbildungsexpertinnen und -experten des Bildungswerk Sport immer auf der Suche nach geeigneten R\u00e4umlichkeiten. Die Terminplanung erfolgt \u00fcber einen gemeinsamen Kalender, um eine ausgeglichene Verteilung im Kalenderjahr sicherzustellen. Zusammen mit den vorgesehenen Referentinnen und Referenten werden die Inhalte besprochen und in einer attraktiven Seminarausschreibung formuliert.<\/p>\n<p>Es ist nun Mitte September. Die Planung f\u00fcr das kommende Jahr steht und das Team der Gestalter macht sich an die Arbeit. Auch gestalterisch macht das Angebot des Bildungswerk Sport schwer was her und setzt mit dem Jahresprogramm immer wieder neue Ma\u00dfst\u00e4be, ohne abzuheben und immer wieder \u00fcberraschend. Die Einteilung der Veranstaltungen in acht unterschiedliche Rubriken bietet bei \u00fcber 100 Veranstaltungen einen ersten \u00dcberblick. Die Suche nach der Lieblingsveranstaltung ist \u00fcber den Wunsch-Referenten, den -Veranstaltungsort, -Termin oder innerhalb der Themenrubriken m\u00f6glich. QR-Codes, weiterf\u00fchrende Informationen sowie hilfreiche Tipps, Bilder und Videos bieten schon beim Bl\u00e4ttern im Programm einen echten Mehrwert.<\/p>\n<p>Es ist kurz vor Weihnachten und die Macher des Qualifizierungsprogramms MOMENTUM k\u00f6nnen jubeln. Der Katalog ist druckreif.<\/p>\n<h2 class=\"page-heading\">Stimmen aus dem Planungsteam:<\/h2>\n<div class=\"testimonial-slider\" ><div class=\"testimonial-container\"><div class=\"testimonial-wrapper\"><div class=\"testimonial-info\"><img decoding=\"async\" class=\"img-frame testimonial-img\" src=\"https:\/\/www.bildungswerksport.de\/welt\/wp-content\/uploads\/sites\/3\/2016\/07\/markus_boehm-150x150.png\" alt=\"&lt;a href=&quot;https:\/\/www.bildungswerksport.de\/welt\/bericht\/d-testimonials\/1-markus-boehm\/&quot;&gt;Markus B\u00f6hm&lt;\/a&gt;\" \/><div class=\"testimonials-details\"><h2><a href=\"https:\/\/www.bildungswerksport.de\/welt\/bericht\/d-testimonials\/1-markus-boehm\/\">Markus B\u00f6hm<\/a><\/h2><span>P\u00e4dagogischer Leiter<br>Beratungszentrum Montabaur<\/span><\/div><\/div><blockquote><p>\u201eEs ist spannend zu sehen, wie immer wieder neue Herausforderungen auf einen zukommen, die manchmal sehr ungew\u00f6hnlich angegangen und mithilfe kurzer Entscheidungswege gemeistert werden k\u00f6nnen. Dabei kann ich mich immer auf die Unterst\u00fctzung des gesamten Teams verlassen.\u201c<\/p><\/blockquote><\/div><\/div><div class=\"testimonial-container\"><div class=\"testimonial-wrapper\"><div class=\"testimonial-info\"><img decoding=\"async\" class=\"img-frame testimonial-img\" src=\"https:\/\/www.bildungswerksport.de\/welt\/wp-content\/uploads\/sites\/3\/2016\/07\/fred_dietzler-150x150.jpg\" alt=\"&lt;a href=&quot;https:\/\/www.bildungswerksport.de\/welt\/bericht\/d-testimonials\/2-fred-dietzler\/&quot;&gt;Fred Dietzler&lt;\/a&gt;\" \/><div class=\"testimonials-details\"><h2><a href=\"https:\/\/www.bildungswerksport.de\/welt\/bericht\/d-testimonials\/2-fred-dietzler\/\">Fred Dietzler<\/a><\/h2><span>P\u00e4dagogischer Leiter<br>Beratungszentrum Treis-Karden<\/span><\/div><\/div><blockquote><p>\u201eIch finde es immer wieder toll, wenn Veranstaltungen auch in unserer Region stattfinden.\u201c<\/p><\/blockquote><\/div><\/div><div class=\"testimonial-container\"><div class=\"testimonial-wrapper\"><div class=\"testimonial-info\"><img decoding=\"async\" class=\"img-frame testimonial-img\" src=\"https:\/\/www.bildungswerksport.de\/welt\/wp-content\/uploads\/sites\/3\/2016\/07\/sigrid_quint-150x150.jpg\" alt=\"&lt;a href=&quot;https:\/\/www.bildungswerksport.de\/welt\/bericht\/d-testimonials\/7-sigrid-quint\/&quot;&gt;Sigrid Quint&lt;\/a&gt;\" \/><div class=\"testimonials-details\"><h2><a href=\"https:\/\/www.bildungswerksport.de\/welt\/bericht\/d-testimonials\/7-sigrid-quint\/\">Sigrid Quint<\/a><\/h2><span>P\u00e4dagogische Leiterin<br>Beratungszentrum Idar-Oberstein<\/span><\/div><\/div><blockquote><p>\u201eUnd genau deshalb arbeite ich gerne beim Bildungswerk \u2013 weil alles machbar ist und nichts unm\u00f6glich.\u201c<\/p><\/blockquote><\/div><\/div><div class=\"testimonial-container\"><div class=\"testimonial-wrapper\"><div class=\"testimonial-info\"><img decoding=\"async\" class=\"img-frame testimonial-img\" src=\"https:\/\/www.bildungswerksport.de\/welt\/wp-content\/uploads\/sites\/3\/2016\/07\/jutta_schueler-150x150.jpg\" alt=\"&lt;a href=&quot;https:\/\/www.bildungswerksport.de\/welt\/bericht\/d-testimonials\/10-jutta-schueler\/&quot;&gt;Jutta Sch\u00fcler&lt;\/a&gt;\" \/><div class=\"testimonials-details\"><h2><a href=\"https:\/\/www.bildungswerksport.de\/welt\/bericht\/d-testimonials\/10-jutta-schueler\/\">Jutta Sch\u00fcler<\/a><\/h2><span>P\u00e4dagogische Mitarbeiterin<br>Beratungszentrum Mainz<\/span><\/div><\/div><blockquote><p>\u201eBesonders viel Freude bereitet es mir, Seminare und Aktionstage zu planen, Vorgespr\u00e4che zur inhaltlichen Gestaltung mit den Referenten zu f\u00fchren und nat\u00fcrlich die Veranstaltungen mit zu erleben.\u201c<\/p><\/blockquote><\/div><\/div><div class=\"testimonial-container\"><div class=\"testimonial-wrapper\"><div class=\"testimonial-info\"><img decoding=\"async\" class=\"img-frame testimonial-img\" src=\"https:\/\/www.bildungswerksport.de\/welt\/wp-content\/uploads\/sites\/3\/2016\/07\/annika_stein-150x150.jpg\" alt=\"&lt;a href=&quot;https:\/\/www.bildungswerksport.de\/welt\/bericht\/d-testimonials\/11-annika-stein\/&quot;&gt;Annika Stein&lt;\/a&gt;\" \/><div class=\"testimonials-details\"><h2><a href=\"https:\/\/www.bildungswerksport.de\/welt\/bericht\/d-testimonials\/11-annika-stein\/\">Annika Stein<\/a><\/h2><span>P\u00e4dagogische Mitarbeiterin<br>Beratungszentrum Mainz<\/span><\/div><\/div><blockquote><p>\u201eBegeisterte Teilnehmer in den Veranstaltungen sind die Belohnung f\u00fcr die Planungsarbeit im Voraus.\u201c <\/p><\/blockquote><\/div><\/div><div class=\"testimonial-container\"><div class=\"testimonial-wrapper\"><div class=\"testimonial-info\"><img decoding=\"async\" class=\"img-frame testimonial-img\" src=\"https:\/\/www.bildungswerksport.de\/welt\/wp-content\/uploads\/sites\/3\/2016\/07\/petra_szablikowski-150x150.jpg\" alt=\"&lt;a href=&quot;https:\/\/www.bildungswerksport.de\/welt\/bericht\/d-testimonials\/12-petra-szablikowski\/&quot;&gt;Petra Szablikowski&lt;\/a&gt;\" \/><div class=\"testimonials-details\"><h2><a href=\"https:\/\/www.bildungswerksport.de\/welt\/bericht\/d-testimonials\/12-petra-szablikowski\/\">Petra Szablikowski<\/a><\/h2><span>P\u00e4dagogische Mitarbeiterin<br>Beratungszentrum Mainz<\/span><\/div><\/div><blockquote><p>\u201eKreativit\u00e4t ist eine meiner St\u00e4rken. Neue Produkte aus vielen kleinen Bausteinen entstehen zu sehen oder Bestehende weiter zu entwickeln \u2013 das bereitet mir Freude und zeichnet meine Arbeit beim Bildungswerk aus.\u201c<\/p><\/blockquote><\/div><\/div><div class=\"testimonial-container\"><div class=\"testimonial-wrapper\"><div class=\"testimonial-info\"><img decoding=\"async\" class=\"img-frame testimonial-img\" src=\"https:\/\/www.bildungswerksport.de\/welt\/wp-content\/uploads\/sites\/3\/2016\/07\/martina_unterleiter-150x150.jpg\" alt=\"&lt;a href=&quot;https:\/\/www.bildungswerksport.de\/welt\/bericht\/d-testimonials\/13-martina-unterleiter\/&quot;&gt;Martina Unterleiter&lt;\/a&gt;\" \/><div class=\"testimonials-details\"><h2><a href=\"https:\/\/www.bildungswerksport.de\/welt\/bericht\/d-testimonials\/13-martina-unterleiter\/\">Martina Unterleiter<\/a><\/h2><span>P\u00e4dagogische Leiterin<br>Beratungszentrum Schifferstadt<\/span><\/div><\/div><blockquote><p>\u201eSport und Bewegung geh\u00f6ren schon immer zu meinem Leben. Und genau deshalb liebe ich meine Arbeit beim Bildungswerk. Ich bin sehr stolz auf ein tolles Referenten-Team, die genau wie ich mit Spa\u00df und viel Begeisterung und vor allem auch mit fachlichem Know-how die Kurse und Seminare leiten und betreuen.\u201c<\/p><\/blockquote><\/div><\/div><\/div>\n<h2 class=\"page-heading\"><\/h2>\n<p>&nbsp;<\/p>\n<div class=\"cta-element\"><h4 class=\"cta-small-title\">Sie erhalten den Katalog MOMENTUM noch nicht?<\/h4><h2 class=\"cta-title\">Jetzt den Katalog MOMEMTUM anfordern.<\/h2><a class=\"button\" href=\"http:\/\/www.bildungswerksport.de\/welt\/bericht\/kontakt\/\">Hier klicken!<\/a><\/div>\n","protected":false},"excerpt":{"rendered":"<p>&#8211; 4 &#8211; Traditionell voraus. Sport ist international und das Angebot an neuen Bewegungstrends un\u00fcberschaubar vielf\u00e4ltig. Deshalb steht das Bildungswerk [&hellip;]<\/p>\n","protected":false},"author":1,"featured_media":0,"parent":261,"menu_order":0,"comment_status":"closed","ping_status":"closed","template":"template-full-custom.php","meta":{"footnotes":""},"class_list":["post-263","page","type-page","status-publish","hentry"],"_links":{"self":[{"href":"https:\/\/www.bildungswerksport.de\/welt\/bericht\/wp-json\/wp\/v2\/pages\/263","targetHints":{"allow":["GET"]}}],"collection":[{"href":"https:\/\/www.bildungswerksport.de\/welt\/bericht\/wp-json\/wp\/v2\/pages"}],"about":[{"href":"https:\/\/www.bildungswerksport.de\/welt\/bericht\/wp-json\/wp\/v2\/types\/page"}],"author":[{"embeddable":true,"href":"https:\/\/www.bildungswerksport.de\/welt\/bericht\/wp-json\/wp\/v2\/users\/1"}],"replies":[{"embeddable":true,"href":"https:\/\/www.bildungswerksport.de\/welt\/bericht\/wp-json\/wp\/v2\/comments?post=263"}],"version-history":[{"count":20,"href":"https:\/\/www.bildungswerksport.de\/welt\/bericht\/wp-json\/wp\/v2\/pages\/263\/revisions"}],"predecessor-version":[{"id":486,"href":"https:\/\/www.bildungswerksport.de\/welt\/bericht\/wp-json\/wp\/v2\/pages\/263\/revisions\/486"}],"up":[{"embeddable":true,"href":"https:\/\/www.bildungswerksport.de\/welt\/bericht\/wp-json\/wp\/v2\/pages\/261"}],"wp:attachment":[{"href":"https:\/\/www.bildungswerksport.de\/welt\/bericht\/wp-json\/wp\/v2\/media?parent=263"}],"curies":[{"name":"wp","href":"https:\/\/api.w.org\/{rel}","templated":true}]}}