{"id":289,"date":"2016-06-10T12:24:08","date_gmt":"2016-06-10T10:24:08","guid":{"rendered":"https:\/\/www.bildungswerksport.de\/welt\/bericht\/?page_id=289"},"modified":"2016-07-06T15:50:01","modified_gmt":"2016-07-06T13:50:01","slug":"willkommen-im-beratungszentrum","status":"publish","type":"page","link":"https:\/\/www.bildungswerksport.de\/welt\/bericht\/leistung-jetzt\/willkommen-im-beratungszentrum\/","title":{"rendered":"8 &#8211; Willkommen im Beratungszentrum"},"content":{"rendered":"<h1 class=\"section-title\" style=\"text-align: center\">&#8211; 8 &#8211;<\/h1>\n<div><a class=\"lightbox-image\" title=\"\"><img decoding=\"async\" class=\"img-frame aligncenter\" src=\"https:\/\/www.bildungswerksport.de\/welt\/wp-content\/uploads\/sites\/3\/2016\/06\/team_oval.jpg\" \/><\/a><\/div>\n<h1 class=\"section-title\" style=\"text-align: center\">Willkommen im Beratungszentrum<\/h1>\n<p><strong>Sechs Mal in Rheinland-Pfalz und damit sicher auch in der N\u00e4he der allermeisten Partnervereine und Mitgliedsverb\u00e4nde kann man unseren kompetenten Mitarbeiterinnen und Mitarbeitern begegnen. Sie sind immer da, wenn es um Veranstaltungen der Weiterbildung geht.<\/strong><\/p>\n<p>Das Team des Bildungswerk Sport sagt \u201eHallo\u201c\u2026<\/p>\n\r\n<div class=\"content-slider-wrapper\" >\r\n<div class=\"content-slider cols-wrapper cols-2\" id=\"content-slider-289\" >\r\n\t<div class=\"section-boxed\">\r\n\t<ul id=\"cs-slider-ul\" style=\"min-height:400px;\">\r\n\t\t\r\n\t\t\t <li data-bg_image_url=\"\" data-bg_image_opacity=\"1\" data-layout=\"img-text\" data-animation=\"slideLeft\" data-bg_color=\"\" data-bg_align=\"center center\" class=\"cs-layout-img-text\" style=\"color:#;\">\r\n\r\n\t\t\t\t<!-- first slider box -->\r\n\t\t\t\t<div class=\"cs-content-right col cs-content\">\r\n\t\t\t\t\t<p class=\"cs-small-title cs-element\" style=\"font-size:12px;font-weight:normal;font-style:normal;text-transform:uppercase;\">Beratungszentrum Montabaur<\/p>\r\n\r\n\t\t\t\t\t <h2 class=\"cs-title cs-element\" style=\"font-size:30px;font-weight:bold;font-style:normal;text-transform:uppercase;\">Markus B\u00f6hm<\/h2>\r\n\r\n\t\t\t\t\t<p class=\"cs-element\" style=\"font-size:18px;font-weight:normal;font-style:normal;text-transform:none;\">\u201eDie Vielf\u00e4ltigkeit meiner Aufgaben, das selbstst\u00e4ndige Arbeiten, die Unterst\u00fctzung durch meine Kollegen und das mir, von meinem Arbeitgeber entgegengebrachte Vertrauen, versetzen mich in die Lage, mich auch zuk\u00fcnftig mit Freude und Zufriedenheit f\u00fcr das Bildungswerk zu engagieren.\u201c<\/p>\r\n\t\t\t\t\t\t\t<p class=\"clear\"><\/p>\r\n\t\t\t\t\t\r\n\t\t\t\t\t<a href=\"https:\/\/www.bildungswerksport.de\/welt\/bericht\/d-testimonials\/1-markus-boehm\/\" class=\"button btn-alt cs-element\" >Story lesen...<\/a>\r\n\t\t\t\t\t\t\t\t\t<\/div>\r\n\t\t\t\t<!-- second slider box -->\r\n\r\n\t\t\t\t\t\t\t\t<div class=\"cs-content-left col nomargin\">\r\n\t\t\t\t\t\t\t\t\t\t\t<img decoding=\"async\" src=\"https:\/\/www.bildungswerksport.de\/welt\/wp-content\/uploads\/sites\/3\/2016\/06\/Markus_slider-569x400.jpg\" class=\"cs-element\" alt=\"Markus B\u00f6hm\"\/>\r\n\t\t\t\t\t\t\t\t\t<\/div>\r\n\t\t\t\t\t\t\t<\/li>\r\n\t\t\t <li data-bg_image_url=\"\" data-bg_image_opacity=\"1\" data-layout=\"text-img\" data-animation=\"slideLeft\" data-bg_color=\"\" data-bg_align=\"center center\" class=\"cs-layout-text-img\" style=\"color:#;\">\r\n\r\n\t\t\t\t<!-- first slider box -->\r\n\t\t\t\t<div class=\"cs-content-left col cs-content\">\r\n\t\t\t\t\t<p class=\"cs-small-title cs-element\" style=\"font-size:12px;font-weight:normal;font-style:normal;text-transform:uppercase;\">Beratungszentrum<br>Treis-Karden<\/p>\r\n\r\n\t\t\t\t\t <h2 class=\"cs-title cs-element\" style=\"font-size:30px;font-weight:bold;font-style:normal;text-transform:uppercase;\">Fred Dietzler<\/h2>\r\n\r\n\t\t\t\t\t<p class=\"cs-element\" style=\"font-size:18px;font-weight:normal;font-style:normal;text-transform:none;\">\u201eDer Sport, egal ob hauptberuflich oder ehrenamtlich, hat mir sehr viel gebracht und ich habe ihm sehr viel zu verdanken.\u201c<\/p>\r\n\t\t\t\t\t\t\t<p class=\"clear\"><\/p>\r\n\t\t\t\t\t\r\n\t\t\t\t\t<a href=\"https:\/\/www.bildungswerksport.de\/welt\/bericht\/d-testimonials\/2-fred-dietzler\/\" class=\"button btn-alt cs-element\" >Story lesen...<\/a>\r\n\t\t\t\t\t\t\t\t\t<\/div>\r\n\t\t\t\t<!-- second slider box -->\r\n\r\n\t\t\t\t\t\t\t\t<div class=\"cs-content-right col nomargin\">\r\n\t\t\t\t\t\t\t\t\t\t\t<img decoding=\"async\" src=\"https:\/\/www.bildungswerksport.de\/welt\/wp-content\/uploads\/sites\/3\/2016\/06\/Fred_slider-569x400.jpg\" class=\"cs-element\" alt=\"Fred Dietzler\"\/>\r\n\t\t\t\t\t\t\t\t\t<\/div>\r\n\t\t\t\t\t\t\t<\/li>\r\n\t\t\t <li data-bg_image_url=\"\" data-bg_image_opacity=\"1\" data-layout=\"img-text\" data-animation=\"slideLeft\" data-bg_color=\"\" data-bg_align=\"center center\" class=\"cs-layout-img-text\" style=\"color:#;\">\r\n\r\n\t\t\t\t<!-- first slider box -->\r\n\t\t\t\t<div class=\"cs-content-right col cs-content\">\r\n\t\t\t\t\t<p class=\"cs-small-title cs-element\" style=\"font-size:12px;font-weight:normal;font-style:normal;text-transform:uppercase;\">Beratungszentrum Trier<\/p>\r\n\r\n\t\t\t\t\t <h2 class=\"cs-title cs-element\" style=\"font-size:30px;font-weight:bold;font-style:normal;text-transform:uppercase;\">C\u00e4cilia Diller<\/h2>\r\n\r\n\t\t\t\t\t<p class=\"cs-element\" style=\"font-size:18px;font-weight:normal;font-style:normal;text-transform:none;\">\u201eWir sind ein Team voller Individualisten, jeder hat seine besonderen St\u00e4rken, die er aber gerne mit allen anderen teilt, und ich bin stolz, Teil dieses Ganzen zu sein.\u201c<\/p>\r\n\t\t\t\t\t\t\t<p class=\"clear\"><\/p>\r\n\t\t\t\t\t\r\n\t\t\t\t\t<a href=\"https:\/\/www.bildungswerksport.de\/welt\/bericht\/d-testimonials\/3-caecilia-diller\/\" class=\"button btn-alt cs-element\" >Story lesen...<\/a>\r\n\t\t\t\t\t\t\t\t\t<\/div>\r\n\t\t\t\t<!-- second slider box -->\r\n\r\n\t\t\t\t\t\t\t\t<div class=\"cs-content-left col nomargin\">\r\n\t\t\t\t\t\t\t\t\t\t\t<img decoding=\"async\" src=\"https:\/\/www.bildungswerksport.de\/welt\/wp-content\/uploads\/sites\/3\/2016\/06\/Cilly_slider-569x400.jpg\" class=\"cs-element\" alt=\"C\u00e4cilia Diller\"\/>\r\n\t\t\t\t\t\t\t\t\t<\/div>\r\n\t\t\t\t\t\t\t<\/li>\r\n\t\t\t <li data-bg_image_url=\"\" data-bg_image_opacity=\"1\" data-layout=\"img-text\" data-animation=\"slideLeft\" data-bg_color=\"\" data-bg_align=\"center center\" class=\"cs-layout-img-text\" style=\"color:#;\">\r\n\r\n\t\t\t\t<!-- first slider box -->\r\n\t\t\t\t<div class=\"cs-content-right col cs-content\">\r\n\t\t\t\t\t<p class=\"cs-small-title cs-element\" style=\"font-size:12px;font-weight:normal;font-style:normal;text-transform:uppercase;\">Beratungszentrum<br>Mainz\/Trier<\/p>\r\n\r\n\t\t\t\t\t <h2 class=\"cs-title cs-element\" style=\"font-size:30px;font-weight:bold;font-style:normal;text-transform:uppercase;\">Marco Fusaro<\/h2>\r\n\r\n\t\t\t\t\t<p class=\"cs-element\" style=\"font-size:18px;font-weight:normal;font-style:normal;text-transform:none;\">\u201eEin wichtiger Motivationsfaktor ist f\u00fcr mich die Identifikation mit den Menschen. Ich f\u00fchle mich als Bildungswerker und will die Marke weiter nach vorne bringen. Mir ist wichtig, dass die Mitarbeiter Freude an ihrem Tun haben. Jeder erh\u00e4lt daher M\u00f6glichkeiten, sich weiterzuentwickeln.\u201c<\/p>\r\n\t\t\t\t\t\t\t<p class=\"clear\"><\/p>\r\n\t\t\t\t\t\r\n\t\t\t\t\t<a href=\"https:\/\/www.bildungswerksport.de\/welt\/bericht\/d-testimonials\/4-marco-fusaro\/\" class=\"button btn-alt cs-element\" >Story lesen...<\/a>\r\n\t\t\t\t\t\t\t\t\t<\/div>\r\n\t\t\t\t<!-- second slider box -->\r\n\r\n\t\t\t\t\t\t\t\t<div class=\"cs-content-left col nomargin\">\r\n\t\t\t\t\t\t\t\t\t\t\t<img decoding=\"async\" src=\"https:\/\/www.bildungswerksport.de\/welt\/wp-content\/uploads\/sites\/3\/2016\/06\/Marco_slider-569x400.jpg\" class=\"cs-element\" alt=\"Marco Fusaro\"\/>\r\n\t\t\t\t\t\t\t\t\t<\/div>\r\n\t\t\t\t\t\t\t<\/li>\r\n\t\t\t <li data-bg_image_url=\"\" data-bg_image_opacity=\"1\" data-layout=\"text-img\" data-animation=\"slideLeft\" data-bg_color=\"\" data-bg_align=\"center center\" class=\"cs-layout-text-img\" style=\"color:#;\">\r\n\r\n\t\t\t\t<!-- first slider box -->\r\n\t\t\t\t<div class=\"cs-content-left col cs-content\">\r\n\t\t\t\t\t<p class=\"cs-small-title cs-element\" style=\"font-size:12px;font-weight:normal;font-style:normal;text-transform:uppercase;\">Beratungszentrum<br>Treis-Karden<\/p>\r\n\r\n\t\t\t\t\t <h2 class=\"cs-title cs-element\" style=\"font-size:30px;font-weight:bold;font-style:normal;text-transform:uppercase;\">Frank Hartmann<\/h2>\r\n\r\n\t\t\t\t\t<p class=\"cs-element\" style=\"font-size:18px;font-weight:normal;font-style:normal;text-transform:none;\">\u201eIch finde es super, dass ich beim Bildungswerk Sport die M\u00f6glichkeit habe, so vielen Menschen andere L\u00e4nder und andere Sitten zu zeigen und ihnen dabei \u00fcber die Kultur sowie die Flora und Fauna zu berichten.\u201c<\/p>\r\n\t\t\t\t\t\t\t<p class=\"clear\"><\/p>\r\n\t\t\t\t\t\r\n\t\t\t\t\t<a href=\"https:\/\/www.bildungswerksport.de\/welt\/bericht\/d-testimonials\/5-frank-hartmann\/\" class=\"button btn-alt cs-element\" >Story lesen...<\/a>\r\n\t\t\t\t\t\t\t\t\t<\/div>\r\n\t\t\t\t<!-- second slider box -->\r\n\r\n\t\t\t\t\t\t\t\t<div class=\"cs-content-right col nomargin\">\r\n\t\t\t\t\t\t\t\t\t\t\t<img decoding=\"async\" src=\"https:\/\/www.bildungswerksport.de\/welt\/wp-content\/uploads\/sites\/3\/2016\/06\/Frank_slider-569x400.jpg\" class=\"cs-element\" alt=\"Frank Hartmann\"\/>\r\n\t\t\t\t\t\t\t\t\t<\/div>\r\n\t\t\t\t\t\t\t<\/li>\r\n\t\t\t <li data-bg_image_url=\"\" data-bg_image_opacity=\"1\" data-layout=\"img-text\" data-animation=\"slideLeft\" data-bg_color=\"\" data-bg_align=\"center center\" class=\"cs-layout-img-text\" style=\"color:#;\">\r\n\r\n\t\t\t\t<!-- first slider box -->\r\n\t\t\t\t<div class=\"cs-content-right col cs-content\">\r\n\t\t\t\t\t<p class=\"cs-small-title cs-element\" style=\"font-size:12px;font-weight:normal;font-style:normal;text-transform:uppercase;\">Beratungszentrum Montabaur<\/p>\r\n\r\n\t\t\t\t\t <h2 class=\"cs-title cs-element\" style=\"font-size:30px;font-weight:bold;font-style:normal;text-transform:uppercase;\">Thomas Hoffmann<\/h2>\r\n\r\n\t\t\t\t\t<p class=\"cs-element\" style=\"font-size:18px;font-weight:normal;font-style:normal;text-transform:none;\">\u201eDie Gespr\u00e4che mit den Vereinsvertretern bereiten mir sehr viel Freude, vor allem wenn ich einen neuen Verein zur Durchf\u00fchrung von Weiterbildungsveranstaltungen bewegen kann.\u201c<\/p>\r\n\t\t\t\t\t\t\t<p class=\"clear\"><\/p>\r\n\t\t\t\t\t\r\n\t\t\t\t\t<a href=\"https:\/\/www.bildungswerksport.de\/welt\/bericht\/d-testimonials\/6-thomas-hoffmann\/\" class=\"button btn-alt cs-element\" >Story lesen...<\/a>\r\n\t\t\t\t\t\t\t\t\t<\/div>\r\n\t\t\t\t<!-- second slider box -->\r\n\r\n\t\t\t\t\t\t\t\t<div class=\"cs-content-left col nomargin\">\r\n\t\t\t\t\t\t\t\t\t\t\t<img decoding=\"async\" src=\"https:\/\/www.bildungswerksport.de\/welt\/wp-content\/uploads\/sites\/3\/2016\/06\/Thomas_slider-569x400.jpg\" class=\"cs-element\" alt=\"Thomas Hoffmann\"\/>\r\n\t\t\t\t\t\t\t\t\t<\/div>\r\n\t\t\t\t\t\t\t<\/li>\r\n\t\t\t <li data-bg_image_url=\"\" data-bg_image_opacity=\"1\" data-layout=\"text-img\" data-animation=\"slideLeft\" data-bg_color=\"\" data-bg_align=\"center center\" class=\"cs-layout-text-img\" style=\"color:#;\">\r\n\r\n\t\t\t\t<!-- first slider box -->\r\n\t\t\t\t<div class=\"cs-content-left col cs-content\">\r\n\t\t\t\t\t<p class=\"cs-small-title cs-element\" style=\"font-size:12px;font-weight:normal;font-style:normal;text-transform:uppercase;\">Beratungszentrum<br>Idar-Oberstein<\/p>\r\n\r\n\t\t\t\t\t <h2 class=\"cs-title cs-element\" style=\"font-size:30px;font-weight:bold;font-style:normal;text-transform:uppercase;\">Sigrid Quint<\/h2>\r\n\r\n\t\t\t\t\t<p class=\"cs-element\" style=\"font-size:18px;font-weight:normal;font-style:normal;text-transform:none;\">\u201eMeine Arbeit, meine Motivation, meine Inspiration: Bewegen hei\u00dft Leben- Bewegung, die Einheit von K\u00f6rper, Geist und Seele!\u201c <\/p>\r\n\t\t\t\t\t\t\t<p class=\"clear\"><\/p>\r\n\t\t\t\t\t\r\n\t\t\t\t\t<a href=\"https:\/\/www.bildungswerksport.de\/welt\/bericht\/d-testimonials\/7-sigrid-quint\/\" class=\"button btn-alt cs-element\" >Story lesen...<\/a>\r\n\t\t\t\t\t\t\t\t\t<\/div>\r\n\t\t\t\t<!-- second slider box -->\r\n\r\n\t\t\t\t\t\t\t\t<div class=\"cs-content-right col nomargin\">\r\n\t\t\t\t\t\t\t\t\t\t\t<img decoding=\"async\" src=\"https:\/\/www.bildungswerksport.de\/welt\/wp-content\/uploads\/sites\/3\/2016\/06\/Sigrid_slider-569x400.jpg\" class=\"cs-element\" alt=\"Sigrid Quint\"\/>\r\n\t\t\t\t\t\t\t\t\t<\/div>\r\n\t\t\t\t\t\t\t<\/li>\r\n\t\t\t <li data-bg_image_url=\"\" data-bg_image_opacity=\"1\" data-layout=\"img-text\" data-animation=\"slideLeft\" data-bg_color=\"\" data-bg_align=\"center center\" class=\"cs-layout-img-text\" style=\"color:#;\">\r\n\r\n\t\t\t\t<!-- first slider box -->\r\n\t\t\t\t<div class=\"cs-content-right col cs-content\">\r\n\t\t\t\t\t<p class=\"cs-small-title cs-element\" style=\"font-size:12px;font-weight:normal;font-style:normal;text-transform:uppercase;\">Beratungszentrum Trier<br>Zur Zeit in Elternzeit.<\/p>\r\n\r\n\t\t\t\t\t <h2 class=\"cs-title cs-element\" style=\"font-size:30px;font-weight:bold;font-style:normal;text-transform:uppercase;\">Claudia Rausch<\/h2>\r\n\r\n\t\t\t\t\t<p class=\"cs-element\" style=\"font-size:18px;font-weight:normal;font-style:normal;text-transform:none;\">\u201eAls Gesundheitsmanagerin stelle ich mir immer wieder die Frage: Wie schaffe ich es, Menschen zu einem gesunderhaltenden Lebensstil zu motivieren?\u201c<\/p>\r\n\t\t\t\t\t\t\t<p class=\"clear\"><\/p>\r\n\t\t\t\t\t\r\n\t\t\t\t\t<a href=\"https:\/\/www.bildungswerksport.de\/welt\/bericht\/d-testimonials\/8-claudia-rausch\/\" class=\"button btn-alt cs-element\" >Story lesen...<\/a>\r\n\t\t\t\t\t\t\t\t\t<\/div>\r\n\t\t\t\t<!-- second slider box -->\r\n\r\n\t\t\t\t\t\t\t\t<div class=\"cs-content-left col nomargin\">\r\n\t\t\t\t\t\t\t\t\t\t\t<img decoding=\"async\" src=\"https:\/\/www.bildungswerksport.de\/welt\/wp-content\/uploads\/sites\/3\/2016\/06\/Claudia_slider-569x400.jpg\" class=\"cs-element\" alt=\"Claudia Rausch\"\/>\r\n\t\t\t\t\t\t\t\t\t<\/div>\r\n\t\t\t\t\t\t\t<\/li>\r\n\t\t\t <li data-bg_image_url=\"\" data-bg_image_opacity=\"1\" data-layout=\"text-img\" data-animation=\"slideLeft\" data-bg_color=\"\" data-bg_align=\"center center\" class=\"cs-layout-text-img\" style=\"color:#;\">\r\n\r\n\t\t\t\t<!-- first slider box -->\r\n\t\t\t\t<div class=\"cs-content-left col cs-content\">\r\n\t\t\t\t\t<p class=\"cs-small-title cs-element\" style=\"font-size:12px;font-weight:normal;font-style:normal;text-transform:uppercase;\">Beratungszentrum Mainz<\/p>\r\n\r\n\t\t\t\t\t <h2 class=\"cs-title cs-element\" style=\"font-size:30px;font-weight:bold;font-style:normal;text-transform:uppercase;\">Anna Katharina Scheib<\/h2>\r\n\r\n\t\t\t\t\t<p class=\"cs-element\" style=\"font-size:18px;font-weight:normal;font-style:normal;text-transform:none;\">\u201eWenn ich sehe, wie begeistert die Teilnehmer nach einem Aktionstag oder Erlebnisbuffet sind, vergisst man, was man im Vorfeld leisten muss, und die Begeisterung steckt einen an.\u201c<\/p>\r\n\t\t\t\t\t\t\t<p class=\"clear\"><\/p>\r\n\t\t\t\t\t\r\n\t\t\t\t\t<a href=\"https:\/\/www.bildungswerksport.de\/welt\/bericht\/d-testimonials\/9-anna-katharina-scheib\/\" class=\"button btn-alt cs-element\" >Story lesen...<\/a>\r\n\t\t\t\t\t\t\t\t\t<\/div>\r\n\t\t\t\t<!-- second slider box -->\r\n\r\n\t\t\t\t\t\t\t\t<div class=\"cs-content-right col nomargin\">\r\n\t\t\t\t\t\t\t\t\t\t\t<img decoding=\"async\" src=\"https:\/\/www.bildungswerksport.de\/welt\/wp-content\/uploads\/sites\/3\/2016\/06\/Anna_slider-569x400.jpg\" class=\"cs-element\" alt=\"Anna Katharina Scheib\"\/>\r\n\t\t\t\t\t\t\t\t\t<\/div>\r\n\t\t\t\t\t\t\t<\/li>\r\n\t\t\t <li data-bg_image_url=\"\" data-bg_image_opacity=\"1\" data-layout=\"text-img\" data-animation=\"slideLeft\" data-bg_color=\"\" data-bg_align=\"center center\" class=\"cs-layout-text-img\" style=\"color:#;\">\r\n\r\n\t\t\t\t<!-- first slider box -->\r\n\t\t\t\t<div class=\"cs-content-left col cs-content\">\r\n\t\t\t\t\t<p class=\"cs-small-title cs-element\" style=\"font-size:12px;font-weight:normal;font-style:normal;text-transform:uppercase;\">Beratungszentrum Mainz<\/p>\r\n\r\n\t\t\t\t\t <h2 class=\"cs-title cs-element\" style=\"font-size:30px;font-weight:bold;font-style:normal;text-transform:uppercase;\">Jutta Sch\u00fcler<\/h2>\r\n\r\n\t\t\t\t\t<p class=\"cs-element\" style=\"font-size:18px;font-weight:normal;font-style:normal;text-transform:none;\">\u201eIch w\u00fcnsche mir f\u00fcr die Zukunft weiterhin offen zu sein f\u00fcr neue Entwicklungen, wissenschaftliche Erkenntnisse und ganz pers\u00f6nliche Erfahrungen, f\u00fcr die Menschen die mir begegnen und ihre ganz individuellen W\u00fcnsche und Bed\u00fcrfnisse.\u201c<\/p>\r\n\t\t\t\t\t\t\t<p class=\"clear\"><\/p>\r\n\t\t\t\t\t\r\n\t\t\t\t\t<a href=\"https:\/\/www.bildungswerksport.de\/welt\/bericht\/d-testimonials\/10-jutta-schueler\/\" class=\"button btn-alt cs-element\" >Story lesen...<\/a>\r\n\t\t\t\t\t\t\t\t\t<\/div>\r\n\t\t\t\t<!-- second slider box -->\r\n\r\n\t\t\t\t\t\t\t\t<div class=\"cs-content-right col nomargin\">\r\n\t\t\t\t\t\t\t\t\t\t\t<img decoding=\"async\" src=\"https:\/\/www.bildungswerksport.de\/welt\/wp-content\/uploads\/sites\/3\/2016\/06\/Jutta_slider-569x400.jpg\" class=\"cs-element\" alt=\"Jutta Sch\u00fcler\"\/>\r\n\t\t\t\t\t\t\t\t\t<\/div>\r\n\t\t\t\t\t\t\t<\/li>\r\n\t\t\t <li data-bg_image_url=\"\" data-bg_image_opacity=\"1\" data-layout=\"img-text\" data-animation=\"slideLeft\" data-bg_color=\"\" data-bg_align=\"center center\" class=\"cs-layout-img-text\" style=\"color:#;\">\r\n\r\n\t\t\t\t<!-- first slider box -->\r\n\t\t\t\t<div class=\"cs-content-right col cs-content\">\r\n\t\t\t\t\t<p class=\"cs-small-title cs-element\" style=\"font-size:12px;font-weight:normal;font-style:normal;text-transform:uppercase;\">Beratungszentrum Mainz<\/p>\r\n\r\n\t\t\t\t\t <h2 class=\"cs-title cs-element\" style=\"font-size:30px;font-weight:bold;font-style:normal;text-transform:uppercase;\">Annika Stein<\/h2>\r\n\r\n\t\t\t\t\t<p class=\"cs-element\" style=\"font-size:18px;font-weight:normal;font-style:normal;text-transform:none;\">\u201eMich treibt an, mit dem Team neue Ma\u00dfst\u00e4be zu setzen. Ob es um neue Themen oder auch neue Wege geht.\u201c<\/p>\r\n\t\t\t\t\t\t\t<p class=\"clear\"><\/p>\r\n\t\t\t\t\t\r\n\t\t\t\t\t<a href=\"https:\/\/www.bildungswerksport.de\/welt\/bericht\/d-testimonials\/11-annika-stein\/\" class=\"button btn-alt cs-element\" >Story lesen...<\/a>\r\n\t\t\t\t\t\t\t\t\t<\/div>\r\n\t\t\t\t<!-- second slider box -->\r\n\r\n\t\t\t\t\t\t\t\t<div class=\"cs-content-left col nomargin\">\r\n\t\t\t\t\t\t\t\t\t\t\t<img decoding=\"async\" src=\"https:\/\/www.bildungswerksport.de\/welt\/wp-content\/uploads\/sites\/3\/2016\/06\/Annika_slider-569x400.jpg\" class=\"cs-element\" alt=\"Annika Stein\"\/>\r\n\t\t\t\t\t\t\t\t\t<\/div>\r\n\t\t\t\t\t\t\t<\/li>\r\n\t\t\t <li data-bg_image_url=\"\" data-bg_image_opacity=\"1\" data-layout=\"text-img\" data-animation=\"slideLeft\" data-bg_color=\"\" data-bg_align=\"center center\" class=\"cs-layout-text-img\" style=\"color:#;\">\r\n\r\n\t\t\t\t<!-- first slider box -->\r\n\t\t\t\t<div class=\"cs-content-left col cs-content\">\r\n\t\t\t\t\t<p class=\"cs-small-title cs-element\" style=\"font-size:12px;font-weight:normal;font-style:normal;text-transform:uppercase;\">Beratungszentrum Mainz<\/p>\r\n\r\n\t\t\t\t\t <h2 class=\"cs-title cs-element\" style=\"font-size:30px;font-weight:bold;font-style:normal;text-transform:uppercase;\">Petra Szablikowski<\/h2>\r\n\r\n\t\t\t\t\t<p class=\"cs-element\" style=\"font-size:18px;font-weight:normal;font-style:normal;text-transform:none;\">\u201eDass wir alle noch weiter \u00fcber den eigenen Tellerrand hinausschauen und immer mehr das Ganze des Bildungswerkes im Blick haben. Daf\u00fcr w\u00fcrde ich gerne in Zukunft meinen Beitrag leisten.\u201c<\/p>\r\n\t\t\t\t\t\t\t<p class=\"clear\"><\/p>\r\n\t\t\t\t\t\r\n\t\t\t\t\t<a href=\"https:\/\/www.bildungswerksport.de\/welt\/bericht\/d-testimonials\/12-petra-szablikowski\/\" class=\"button btn-alt cs-element\" >Story lesen...<\/a>\r\n\t\t\t\t\t\t\t\t\t<\/div>\r\n\t\t\t\t<!-- second slider box -->\r\n\r\n\t\t\t\t\t\t\t\t<div class=\"cs-content-right col nomargin\">\r\n\t\t\t\t\t\t\t\t\t\t\t<img decoding=\"async\" src=\"https:\/\/www.bildungswerksport.de\/welt\/wp-content\/uploads\/sites\/3\/2016\/06\/Petra_slider-569x400.jpg\" class=\"cs-element\" alt=\"Petra Szablikowski\"\/>\r\n\t\t\t\t\t\t\t\t\t<\/div>\r\n\t\t\t\t\t\t\t<\/li>\r\n\t\t\t <li data-bg_image_url=\"\" data-bg_image_opacity=\"1\" data-layout=\"text-img\" data-animation=\"slideLeft\" data-bg_color=\"\" data-bg_align=\"center center\" class=\"cs-layout-text-img\" style=\"color:#;\">\r\n\r\n\t\t\t\t<!-- first slider box -->\r\n\t\t\t\t<div class=\"cs-content-left col cs-content\">\r\n\t\t\t\t\t<p class=\"cs-small-title cs-element\" style=\"font-size:12px;font-weight:normal;font-style:normal;text-transform:uppercase;\">Beratungszentrum<br>Schifferstadt<\/p>\r\n\r\n\t\t\t\t\t <h2 class=\"cs-title cs-element\" style=\"font-size:30px;font-weight:bold;font-style:normal;text-transform:uppercase;\">Martina Unterleiter<\/h2>\r\n\r\n\t\t\t\t\t<p class=\"cs-element\" style=\"font-size:18px;font-weight:normal;font-style:normal;text-transform:none;\">\u201eIch m\u00f6chte weiterhin ein Teil dieser Organisation sein, m\u00f6chte positive Ver\u00e4nderungen mit gestalten, mein Teil dazu beitragen, uns alle in \u201edie richtige Richtung\u201c zu bringen, ich m\u00f6chte weiter mit und am Bildungswerk  Sport wachsen!\u201c<\/p>\r\n\t\t\t\t\t\t\t<p class=\"clear\"><\/p>\r\n\t\t\t\t\t\r\n\t\t\t\t\t<a href=\"https:\/\/www.bildungswerksport.de\/welt\/bericht\/d-testimonials\/13-martina-unterleiter\/\" class=\"button btn-alt cs-element\" >Story lesen...<\/a>\r\n\t\t\t\t\t\t\t\t\t<\/div>\r\n\t\t\t\t<!-- second slider box -->\r\n\r\n\t\t\t\t\t\t\t\t<div class=\"cs-content-right col nomargin\">\r\n\t\t\t\t\t\t\t\t\t\t\t<img decoding=\"async\" src=\"https:\/\/www.bildungswerksport.de\/welt\/wp-content\/uploads\/sites\/3\/2016\/06\/Martina_slider-569x400.jpg\" class=\"cs-element\" alt=\"Martina Unterleiter\"\/>\r\n\t\t\t\t\t\t\t\t\t<\/div>\r\n\t\t\t\t\t\t\t<\/li>\t<\/ul>\r\n<\/div>\r\n<\/div>\r\n<\/div><div class=\"clear\"><\/div>\n","protected":false},"excerpt":{"rendered":"<p>&#8211; 8 &#8211; Willkommen im Beratungszentrum Sechs Mal in Rheinland-Pfalz und damit sicher auch in der N\u00e4he der allermeisten Partnervereine [&hellip;]<\/p>\n","protected":false},"author":1,"featured_media":0,"parent":184,"menu_order":0,"comment_status":"closed","ping_status":"closed","template":"template-full-custom.php","meta":{"footnotes":""},"class_list":["post-289","page","type-page","status-publish","hentry"],"_links":{"self":[{"href":"https:\/\/www.bildungswerksport.de\/welt\/bericht\/wp-json\/wp\/v2\/pages\/289","targetHints":{"allow":["GET"]}}],"collection":[{"href":"https:\/\/www.bildungswerksport.de\/welt\/bericht\/wp-json\/wp\/v2\/pages"}],"about":[{"href":"https:\/\/www.bildungswerksport.de\/welt\/bericht\/wp-json\/wp\/v2\/types\/page"}],"author":[{"embeddable":true,"href":"https:\/\/www.bildungswerksport.de\/welt\/bericht\/wp-json\/wp\/v2\/users\/1"}],"replies":[{"embeddable":true,"href":"https:\/\/www.bildungswerksport.de\/welt\/bericht\/wp-json\/wp\/v2\/comments?post=289"}],"version-history":[{"count":7,"href":"https:\/\/www.bildungswerksport.de\/welt\/bericht\/wp-json\/wp\/v2\/pages\/289\/revisions"}],"predecessor-version":[{"id":572,"href":"https:\/\/www.bildungswerksport.de\/welt\/bericht\/wp-json\/wp\/v2\/pages\/289\/revisions\/572"}],"up":[{"embeddable":true,"href":"https:\/\/www.bildungswerksport.de\/welt\/bericht\/wp-json\/wp\/v2\/pages\/184"}],"wp:attachment":[{"href":"https:\/\/www.bildungswerksport.de\/welt\/bericht\/wp-json\/wp\/v2\/media?parent=289"}],"curies":[{"name":"wp","href":"https:\/\/api.w.org\/{rel}","templated":true}]}}