{"id":321,"date":"2016-06-14T22:20:50","date_gmt":"2016-06-14T20:20:50","guid":{"rendered":"https:\/\/www.bildungswerksport.de\/welt\/bericht\/?page_id=321"},"modified":"2016-06-17T16:22:25","modified_gmt":"2016-06-17T14:22:25","slug":"1-markus-boehm","status":"publish","type":"page","link":"https:\/\/www.bildungswerksport.de\/welt\/bericht\/d-testimonials\/1-markus-boehm\/","title":{"rendered":"1 &#8211; Markus B\u00f6hm"},"content":{"rendered":"<div><a class=\"lightbox-image\" title=\"\" data-rel=\"lightbox\"><img decoding=\"async\" class=\"img-frame  aligncenter\" src=\"https:\/\/www.bildungswerksport.de\/welt\/wp-content\/uploads\/sites\/3\/2016\/06\/Markus_slider.jpg\" width=\"100%\" \/><\/a><\/div>\n<pre>\r\nBeratungszentrum Treis-Karden<\/pre>\n<h1>Markus B\u00f6hm<\/h1>\n<p>In der Kindheit von Markus B\u00f6hm spielten neben Fu\u00dfball alle Sportarten, die in Deesen im Westerwald und im Schulsport realisierbar waren, eine gro\u00dfe Rolle.<\/p>\n<p>Nach dem Abitur und der Bundeswehrzeit begann er zun\u00e4chst ein Bauingenieurstudium, um dann schlie\u00dflich an der \u201eDeutschen Sporthochschule K\u00f6ln\u201c Diplom-Sport zu studieren. Da er bereits vorher in seinem Heimatverein als Fu\u00dfball-Jugendtrainer begonnen hatte, erwarb Markus B\u00f6hm die B-Lizenz und war w\u00e4hrend des Studiums bei der Spielvereinigung Haiderbach weiterhin als Trainer aktiv. Nach erfolgreicher Diplom-Pr\u00fcfung erwarb er zeitgleich noch in Hennef die A-Lizenz des Deutschen Fu\u00dfballbundes, um dann im Sommer eine Bezirksliga-Mannschaft als Spielertrainer zu \u00fcbernehmen.<\/p>\n<p>Gleichzeitig half Markus B\u00f6hm beim Aufbau eines gesundheitsorientierten Fitness-Studios. 1991 begann dann seine berufliche Laufbahn im organisierten Sport. Als Bildungsreferent der Sportjugend Rheinland in Koblenz war er u.a. f\u00fcr die erste \u00dcL-Ausbildung, eine Fun-Sport-Reise mit 120 Jugendlichen nach Holland und die Einf\u00fchrung des Themenschwerpunktes \u201eAbenteuer- und Erlebnissport\u201c verantwortlich. W\u00e4hrenddessen engagierte er sich ehrenamtlich als Jugendleiter und sp\u00e4ter als stellvertretender Gesch\u00e4ftsf\u00fchrer in seinem Heimatverein. In dieser Zeit hat sich die Mitgliederzahl fast verdoppelt, dabei kam ihm seine F\u00e4higkeit, Visionen zu entwickeln, konzeptionell zu planen und diese Planung auch umzusetzen, sehr entgegen.<\/p>\n<p>Seit 1999 arbeitet Markus B\u00f6hm beim Bildungswerk des Landessportbundes in Montabaur im Bereich der Erwachsenenweiterbildung. Die Entwicklung von Weiterbildungsprogrammen f\u00fcr Erwachsene in Form von Kursen, Seminaren und Reisen sind ebenso seine Aufgabe, wie die Beratung der Sportvereine und \u2013verb\u00e4nde in Bezug auf Weiterbildung. Dabei kann er von seiner langj\u00e4hrigen Erfahrung, sowohl im Haupt- als auch im Ehrenamt, stark profitieren. Im Ehrenamt widmet er sich als Jugendtrainer den Nachwuchstalenten in seinem Verein und engagierte sich stark beim Bau der neuen Sportanlage.<\/p>\n<p>Eine wichtige Aufgabe f\u00fcr Markus B\u00f6hm besteht darin, Angebote zu entwickeln, auf Themen aufmerksam zu machen und Veranstaltungen durchzuf\u00fchren, die zun\u00e4chst durch das Bildungswerk getestet werden und sich dann sp\u00e4ter in den Vereinsangeboten wiederfinden.<br \/>\nDabei ist es ihm stets ein besonderes Anliegen, mit dazu beizutragen, dass gemeinsam mit den Vereinen, f\u00fcr Begegnungen zwischen Menschen in einer freundlichen Atmosph\u00e4re und bei gesundheitsf\u00f6rdernden Angeboten gesorgt wird. In diesem Sinne freut sich Markus B\u00f6hm immer auf den n\u00e4chsten Kontakt.<\/p>\n<p>Daran mitzuwirken, dass es diese Angebote auch zuk\u00fcnftig f\u00fcr alle Menschen, besonders auch f\u00fcr die immer st\u00e4rker wachsende \u00e4ltere Generation gibt, ist seine t\u00e4gliche, pers\u00f6nliche Motivation.<\/p>\n<h2 class=\"page-heading\"><\/h2>\n<h4>N\u00e4chster Beitrag:<\/h4>\n<div><a class=\"lightbox-image\" title=\"\" data-rel=\"lightbox\"><img loading=\"lazy\" decoding=\"async\" class=\"img-frame aligncenter\" src=\"https:\/\/www.bildungswerksport.de\/welt\/wp-content\/uploads\/sites\/3\/2016\/06\/Fred_slider.jpg\" width=\"500\" height=\"351\" \/><\/a><\/div>\n<div class=\"cta-element\"><h4 class=\"cta-small-title\">Beratungszentrum Treis-Karden<\/h4><h2 class=\"cta-title\">Fred Dietzler<\/h2><a class=\"button\" href=\"https:\/\/www.bildungswerksport.de\/welt\/bericht\/d-testimonials\/2-fred-dietzler\/\">Hier klicken...<\/a><\/div>\n","protected":false},"excerpt":{"rendered":"<p>Beratungszentrum Treis-Karden Markus B\u00f6hm In der Kindheit von Markus B\u00f6hm spielten neben Fu\u00dfball alle Sportarten, die in Deesen im Westerwald [&hellip;]<\/p>\n","protected":false},"author":1,"featured_media":0,"parent":319,"menu_order":0,"comment_status":"closed","ping_status":"closed","template":"template-full-custom.php","meta":{"footnotes":""},"class_list":["post-321","page","type-page","status-publish","hentry"],"_links":{"self":[{"href":"https:\/\/www.bildungswerksport.de\/welt\/bericht\/wp-json\/wp\/v2\/pages\/321","targetHints":{"allow":["GET"]}}],"collection":[{"href":"https:\/\/www.bildungswerksport.de\/welt\/bericht\/wp-json\/wp\/v2\/pages"}],"about":[{"href":"https:\/\/www.bildungswerksport.de\/welt\/bericht\/wp-json\/wp\/v2\/types\/page"}],"author":[{"embeddable":true,"href":"https:\/\/www.bildungswerksport.de\/welt\/bericht\/wp-json\/wp\/v2\/users\/1"}],"replies":[{"embeddable":true,"href":"https:\/\/www.bildungswerksport.de\/welt\/bericht\/wp-json\/wp\/v2\/comments?post=321"}],"version-history":[{"count":8,"href":"https:\/\/www.bildungswerksport.de\/welt\/bericht\/wp-json\/wp\/v2\/pages\/321\/revisions"}],"predecessor-version":[{"id":552,"href":"https:\/\/www.bildungswerksport.de\/welt\/bericht\/wp-json\/wp\/v2\/pages\/321\/revisions\/552"}],"up":[{"embeddable":true,"href":"https:\/\/www.bildungswerksport.de\/welt\/bericht\/wp-json\/wp\/v2\/pages\/319"}],"wp:attachment":[{"href":"https:\/\/www.bildungswerksport.de\/welt\/bericht\/wp-json\/wp\/v2\/media?parent=321"}],"curies":[{"name":"wp","href":"https:\/\/api.w.org\/{rel}","templated":true}]}}