{"id":367,"date":"2016-06-15T21:31:19","date_gmt":"2016-06-15T19:31:19","guid":{"rendered":"https:\/\/www.bildungswerksport.de\/welt\/bericht\/?page_id=367"},"modified":"2016-06-16T08:03:34","modified_gmt":"2016-06-16T06:03:34","slug":"2-fred-dietzler","status":"publish","type":"page","link":"https:\/\/www.bildungswerksport.de\/welt\/bericht\/d-testimonials\/2-fred-dietzler\/","title":{"rendered":"2 &#8211; Fred Dietzler"},"content":{"rendered":"<div><a class=\"lightbox-image\" title=\"\" data-rel=\"lightbox\"><img decoding=\"async\" class=\"img-frame \" src=\"https:\/\/www.bildungswerksport.de\/welt\/wp-content\/uploads\/sites\/3\/2016\/06\/Fred_slider.jpg\" width=\"100%\" \/><\/a><\/div>\n<pre>Beratungszentrum Treis-Karden<\/pre>\n<h1>Fred Dietzler<\/h1>\n<p>Fred Dietzler ist seit dem 1. Juli 1994 beim Bildungswerk Sport t\u00e4tig. Als gelernter Industriekaufmann leitete er siebzehn Jahre die Au\u00dfenstelle des Bildungswerkes in Niederzissen im Rathaus der Verbandsgemeinde Brohltal. Seit September 2011 leitet er mit seinem Kollegen Frank Hartmann das Beratungszentrum in Treis-Karden.<\/p>\n<p>Geboren ist er am 20.11.1954 in M\u00fcnstermaifeld im Kreis Mayen-Koblenz. Dem Sport war Fred Dietzler schon immer verbunden. Als Kind mit 6\u00a0Jahren begann er mit dem Fu\u00dfballspielen. F\u00fcr seinen Heimatverein SV Hatzenport\/L\u00f6f war er w\u00e4hrend seiner aktiven Zeit viele Jahre Jugendbetreuer, ca. 8 Jahre Schiedsrichter und auch im Gespann als Linienrichter in h\u00f6heren Klassen t\u00e4tig. Fred Dietzler kennt das Ehrenamt, er war \u00fcber 20 Jahre im Vorstand seines Heimatvereines, davon 12 Jahre als 1. Vorsitzender, ca. 3 Jahre 1. Vorsitzender im F\u00f6rderverein und ist auch heute immer noch im Hintergrund aktiv.<\/p>\n<p>Im Kreisvorstand des Fu\u00dfballkreises Rhein-Ahr war er f\u00fcnf Jahre als Kreisehrenamtsbeauftragter t\u00e4tig. Zu seinen Hobbys geh\u00f6ren nach wie vor der Fu\u00dfball, Musik h\u00f6ren, seine Familie, seine Tiere, seine Freunde, Radfahren und in Urlaub fahren, um neue Eindr\u00fccke zu gewinnen.<br \/>\nDarauf angesprochen, was ihn beim Bildungswerk Sport besonders motiviert, antwortet er gerne: \u201eEs sind die vielen Kontakte mit den Sportvereinen.\u201c Mittlerweile betreut Fred Dietzler Vereine aus sechs Sportkreisen, die \u00fcber ihn ihre Kursangebote einreichen, auch die Pr\u00fcfung der Veranstaltungen wird von ihm durchgef\u00fchrt. Die Gespr\u00e4che mit den Vereinsvertretern machen ihm t\u00e4glich sehr viel Freude. Dabei ist es stets eine neue Herausforderung, neue Vereine f\u00fcr die Durchf\u00fchrung von Kursangeboten zu gewinnen. Das Durchf\u00fchren von eigenen Kursangeboten, aber auch von Fortbildungsveranstaltungen f\u00fcr Kurs- und \u00dcbungsleiter, geh\u00f6ren weiter zu seinem Aufgabengebiet.<\/p>\n<p>Fred Dietzler erfreut immer wieder aufs Neue das Zusammentreffen mit seinen Kollegen. Im Team unterst\u00fctzt jeder jeden. F\u00fcr das Bildungswerk Sport w\u00fcnscht er sich f\u00fcr die Zukunft, dass es noch weiter nach oben geht. Eines ist klar, er wird seinen Teil dazugeben.<\/p>\n<h2 class=\"page-heading\"><\/h2>\n<h4>N\u00e4chster Beitrag:<\/h4>\n<div><a class=\"lightbox-image\" title=\"\" data-rel=\"lightbox\"><img loading=\"lazy\" decoding=\"async\" class=\"img-frame aligncenter\" src=\"https:\/\/www.bildungswerksport.de\/welt\/wp-content\/uploads\/sites\/3\/2016\/06\/Cilly_slider.jpg\" width=\"500\" height=\"351\" \/><\/a><\/div>\n<div class=\"cta-element\"><h4 class=\"cta-small-title\">Beratungszentrum Trier<\/h4><h2 class=\"cta-title\">C\u00e4cilia Diller<\/h2><a class=\"button\" href=\"https:\/\/www.bildungswerksport.de\/welt\/bericht\/d-testimonials\/3-caecilia-diller\/\">Hier klicken...<\/a><\/div>\n","protected":false},"excerpt":{"rendered":"<p>Beratungszentrum Treis-Karden Fred Dietzler Fred Dietzler ist seit dem 1. Juli 1994 beim Bildungswerk Sport t\u00e4tig. Als gelernter Industriekaufmann leitete [&hellip;]<\/p>\n","protected":false},"author":1,"featured_media":0,"parent":319,"menu_order":0,"comment_status":"closed","ping_status":"closed","template":"template-full-custom.php","meta":{"footnotes":""},"class_list":["post-367","page","type-page","status-publish","hentry"],"_links":{"self":[{"href":"https:\/\/www.bildungswerksport.de\/welt\/bericht\/wp-json\/wp\/v2\/pages\/367","targetHints":{"allow":["GET"]}}],"collection":[{"href":"https:\/\/www.bildungswerksport.de\/welt\/bericht\/wp-json\/wp\/v2\/pages"}],"about":[{"href":"https:\/\/www.bildungswerksport.de\/welt\/bericht\/wp-json\/wp\/v2\/types\/page"}],"author":[{"embeddable":true,"href":"https:\/\/www.bildungswerksport.de\/welt\/bericht\/wp-json\/wp\/v2\/users\/1"}],"replies":[{"embeddable":true,"href":"https:\/\/www.bildungswerksport.de\/welt\/bericht\/wp-json\/wp\/v2\/comments?post=367"}],"version-history":[{"count":10,"href":"https:\/\/www.bildungswerksport.de\/welt\/bericht\/wp-json\/wp\/v2\/pages\/367\/revisions"}],"predecessor-version":[{"id":478,"href":"https:\/\/www.bildungswerksport.de\/welt\/bericht\/wp-json\/wp\/v2\/pages\/367\/revisions\/478"}],"up":[{"embeddable":true,"href":"https:\/\/www.bildungswerksport.de\/welt\/bericht\/wp-json\/wp\/v2\/pages\/319"}],"wp:attachment":[{"href":"https:\/\/www.bildungswerksport.de\/welt\/bericht\/wp-json\/wp\/v2\/media?parent=367"}],"curies":[{"name":"wp","href":"https:\/\/api.w.org\/{rel}","templated":true}]}}