{"id":375,"date":"2016-06-15T21:38:58","date_gmt":"2016-06-15T19:38:58","guid":{"rendered":"https:\/\/www.bildungswerksport.de\/welt\/bericht\/?page_id=375"},"modified":"2016-06-16T01:13:47","modified_gmt":"2016-06-15T23:13:47","slug":"6-thomas-hoffmann","status":"publish","type":"page","link":"https:\/\/www.bildungswerksport.de\/welt\/bericht\/d-testimonials\/6-thomas-hoffmann\/","title":{"rendered":"6 &#8211; Thomas Hoffmann"},"content":{"rendered":"<pre>Beratungszentrum Montabaur<\/pre>\n<h1>Thomas Hoffmann<\/h1>\n<p>Das ehrenamtliche Engagement von Thomas Hoffmann begann im Jahre 1995 in seinem Heimatverein, der Spvgg. Haiderbach \u2014 in der Spielvereinigung war er auch im Zeitraum 1968 bis 1978 als Jugendspieler aktiv. Sp\u00e4ter, in den Jahren 1995 bis 2008, war Thomas Hoffmann dort als Trainer im Jugendbereich t\u00e4tig.<\/p>\n<p>Im Jahre 2005 entschloss er sich, eine Ausbildung zum Vereinsmanager-C zu absolvieren. Mit dieser Vereinsmanager-C Lizenz arbeitete er von 2006 bis 2011 aktiv im Vorstand der Spvgg. Haiderbach. Lebenslanges Lernen ist eine wichtige Motivation f\u00fcr Thomas Hoffmann, so absolvierte er im Jahr 2009 an der Akademie des Sportbundes Rheinland in Koblenz die Ausbildung zur Vereinsmanager-B Lizenz. 2010 wurde er in das Amt des ehrenamtlichen Ortsb\u00fcrgermeisters seiner Heimatgemeinde Wittgert gew\u00e4hlt. Im Jahr darauf beendete er seine Vorstandst\u00e4tigkeit bei der Spvgg. Haiderbach. Das Amt des Ortsb\u00fcrgermeisters bekleidet der mittlerweile 54-J\u00e4hrige bis heute.<\/p>\n<p>2008 bekam Thomas Hoffman die M\u00f6glichkeit, beim Bildungswerk des Landessportbundes in der Erwachsenenbildung zu arbeiten. Seine Aufgabe ist es, die Vereine der Kreise Westerwald, Rhein-Lahn, Altenkirchen und Neuwied in Sachen Kursma\u00dfnahmen zu beraten und die eingereichten Kursma\u00dfnahmen der Vereine zu bearbeiten und zur Bezuschussung frei zu geben.<\/p>\n<h2 class=\"page-heading\"><\/h2>\n<h4>N\u00e4chster Beitrag:<\/h4>\n<div><a class=\"lightbox-image\" title=\"\" data-rel=\"lightbox\"><img decoding=\"async\" class=\"img-frame aligncenter\" src=\"https:\/\/www.bildungswerksport.de\/welt\/wp-content\/uploads\/sites\/3\/2016\/06\/Sigrid_slider.jpg\" width=\"500\" \/><\/a><\/div>\n<div class=\"cta-element\"><h4 class=\"cta-small-title\">Beratungszentrum Idar-Oberstein<\/h4><h2 class=\"cta-title\">Sigrid Quint<\/h2><a class=\"button\" href=\"https:\/\/www.bildungswerksport.de\/welt\/bericht\/d-testimonials\/7-sigrid-quint\/\">Hier klicken...<\/a><\/div>\n","protected":false},"excerpt":{"rendered":"<p>Beratungszentrum Montabaur Thomas Hoffmann Das ehrenamtliche Engagement von Thomas Hoffmann begann im Jahre 1995 in seinem Heimatverein, der Spvgg. Haiderbach [&hellip;]<\/p>\n","protected":false},"author":1,"featured_media":0,"parent":319,"menu_order":0,"comment_status":"closed","ping_status":"closed","template":"template-full-custom.php","meta":{"footnotes":""},"class_list":["post-375","page","type-page","status-publish","hentry"],"_links":{"self":[{"href":"https:\/\/www.bildungswerksport.de\/welt\/bericht\/wp-json\/wp\/v2\/pages\/375","targetHints":{"allow":["GET"]}}],"collection":[{"href":"https:\/\/www.bildungswerksport.de\/welt\/bericht\/wp-json\/wp\/v2\/pages"}],"about":[{"href":"https:\/\/www.bildungswerksport.de\/welt\/bericht\/wp-json\/wp\/v2\/types\/page"}],"author":[{"embeddable":true,"href":"https:\/\/www.bildungswerksport.de\/welt\/bericht\/wp-json\/wp\/v2\/users\/1"}],"replies":[{"embeddable":true,"href":"https:\/\/www.bildungswerksport.de\/welt\/bericht\/wp-json\/wp\/v2\/comments?post=375"}],"version-history":[{"count":7,"href":"https:\/\/www.bildungswerksport.de\/welt\/bericht\/wp-json\/wp\/v2\/pages\/375\/revisions"}],"predecessor-version":[{"id":467,"href":"https:\/\/www.bildungswerksport.de\/welt\/bericht\/wp-json\/wp\/v2\/pages\/375\/revisions\/467"}],"up":[{"embeddable":true,"href":"https:\/\/www.bildungswerksport.de\/welt\/bericht\/wp-json\/wp\/v2\/pages\/319"}],"wp:attachment":[{"href":"https:\/\/www.bildungswerksport.de\/welt\/bericht\/wp-json\/wp\/v2\/media?parent=375"}],"curies":[{"name":"wp","href":"https:\/\/api.w.org\/{rel}","templated":true}]}}