{"id":377,"date":"2016-06-15T21:40:52","date_gmt":"2016-06-15T19:40:52","guid":{"rendered":"https:\/\/www.bildungswerksport.de\/welt\/bericht\/?page_id=377"},"modified":"2016-06-16T01:15:51","modified_gmt":"2016-06-15T23:15:51","slug":"7-sigrid-quint","status":"publish","type":"page","link":"https:\/\/www.bildungswerksport.de\/welt\/bericht\/d-testimonials\/7-sigrid-quint\/","title":{"rendered":"7 &#8211; Sigrid Quint"},"content":{"rendered":"<pre>Beratungszentrum Idar-Oberstein<\/pre>\n<h1>Sigrid Quint<\/h1>\n<p>\u201eBewegen hei\u00dft Leben- Bewegung, die Einheit von K\u00f6rper, Geist und Seele!\u201c Das wusste auch schon der Earl of Derby 1873 als er sagte: \u201eWer keine Zeit f\u00fcrs Training hat, wird sich Zeit f\u00fcr Krankheiten nehmen m\u00fcssen\u201c. Und das genau wollen wir nicht! Wir wollen uns bewegen, um beweglich und gesund f\u00fcr unsere Zukunft zu bleiben. Wir wollen etwas bewegen in unserem Leben, wir wollen direkt und indirekt Andere bewegen, Ver\u00e4nderungen im Fluss zu halten. Wir brauchen st\u00e4ndige Bewegung, damit wir fit genug sind, den allt\u00e4glichen Anforderung zurufen zu k\u00f6nnen \u201eKommt ruhig, wir schaffen das!\u201c und dies alles mit einer gro\u00dfen Portion Leichtigkeit. Mit diesen Worten beschreibt Sigrid Quint, warum sie so gerne beim Bildungswerk des Landessportbund arbeitet.<\/p>\n<p>Seit 1994 ist sie als p\u00e4dagogische Mitarbeiterin dabei, im Team des Bildungswerk Sport im Beratungszentrum Idar-Oberstein. Sigrid Quint hat Spa\u00df an ihrer Arbeit, die t\u00e4glich neuen Herausforderungen, die \u2014 erfolgreich abgeschlossen \u2014 Zufriedenheit bringen. Die Arbeit ist immer abwechslungsreich und deshalb nie langweilig. Zum Beispiel durch nachhaltige Kontakte zu den Menschen, immer aktuellen Angeboten, aktive Unterst\u00fctzung und Informationsaustausch f\u00fcr lebenslanges Lernen in der Erwachsenenweiterbildung.<\/p>\n<p>Nat\u00fcrlich hat die staatlich anerkannte Sport-und Gymnastiklehrerin auch W\u00fcnsche f\u00fcr die Zukunft. Dass noch viel mehr Menschen das Bildungswerk Sport kennenlernen, um erfahren zu k\u00f6nnen, welche wertvollen und f\u00f6rdernden M\u00f6glichkeiten das Bildungswerk Sport bietet. Und sie w\u00fcnscht den Menschen Momente, in denen die allt\u00e4glichen Gedanken Pause machen k\u00f6nnen und Zeit bleibt f\u00fcr neue Erfahrungen und Erfolge. Sie selbst findet diese Momente beim Tanzen und beim Reisen.<\/p>\n<h2 class=\"page-heading\"><\/h2>\n<h4>N\u00e4chster Beitrag:<\/h4>\n<div><a class=\"lightbox-image\" title=\"\" data-rel=\"lightbox\"><img decoding=\"async\" class=\"img-frame aligncenter\" src=\"https:\/\/www.bildungswerksport.de\/welt\/wp-content\/uploads\/sites\/3\/2016\/06\/Claudia_slider.jpg\" width=\"500\" \/><\/a><\/div>\n<div class=\"cta-element\"><h4 class=\"cta-small-title\">Beratungszentrum Trier - Zur Zeit in Elternzeit.<\/h4><h2 class=\"cta-title\">Claudia Rausch<\/h2><a class=\"button\" href=\"https:\/\/www.bildungswerksport.de\/welt\/bericht\/d-testimonials\/8-claudia-rausch\/\">Hier klicken...<\/a><\/div>\n","protected":false},"excerpt":{"rendered":"<p>Beratungszentrum Idar-Oberstein Sigrid Quint \u201eBewegen hei\u00dft Leben- Bewegung, die Einheit von K\u00f6rper, Geist und Seele!\u201c Das wusste auch schon der [&hellip;]<\/p>\n","protected":false},"author":1,"featured_media":0,"parent":319,"menu_order":0,"comment_status":"closed","ping_status":"closed","template":"template-full-custom.php","meta":{"footnotes":""},"class_list":["post-377","page","type-page","status-publish","hentry"],"_links":{"self":[{"href":"https:\/\/www.bildungswerksport.de\/welt\/bericht\/wp-json\/wp\/v2\/pages\/377","targetHints":{"allow":["GET"]}}],"collection":[{"href":"https:\/\/www.bildungswerksport.de\/welt\/bericht\/wp-json\/wp\/v2\/pages"}],"about":[{"href":"https:\/\/www.bildungswerksport.de\/welt\/bericht\/wp-json\/wp\/v2\/types\/page"}],"author":[{"embeddable":true,"href":"https:\/\/www.bildungswerksport.de\/welt\/bericht\/wp-json\/wp\/v2\/users\/1"}],"replies":[{"embeddable":true,"href":"https:\/\/www.bildungswerksport.de\/welt\/bericht\/wp-json\/wp\/v2\/comments?post=377"}],"version-history":[{"count":9,"href":"https:\/\/www.bildungswerksport.de\/welt\/bericht\/wp-json\/wp\/v2\/pages\/377\/revisions"}],"predecessor-version":[{"id":469,"href":"https:\/\/www.bildungswerksport.de\/welt\/bericht\/wp-json\/wp\/v2\/pages\/377\/revisions\/469"}],"up":[{"embeddable":true,"href":"https:\/\/www.bildungswerksport.de\/welt\/bericht\/wp-json\/wp\/v2\/pages\/319"}],"wp:attachment":[{"href":"https:\/\/www.bildungswerksport.de\/welt\/bericht\/wp-json\/wp\/v2\/media?parent=377"}],"curies":[{"name":"wp","href":"https:\/\/api.w.org\/{rel}","templated":true}]}}