{"id":382,"date":"2016-06-15T21:45:51","date_gmt":"2016-06-15T19:45:51","guid":{"rendered":"https:\/\/www.bildungswerksport.de\/welt\/bericht\/?page_id=382"},"modified":"2016-06-16T01:18:12","modified_gmt":"2016-06-15T23:18:12","slug":"9-anna-katharina-scheib","status":"publish","type":"page","link":"https:\/\/www.bildungswerksport.de\/welt\/bericht\/d-testimonials\/9-anna-katharina-scheib\/","title":{"rendered":"9 &#8211; Anna Katharina Scheib"},"content":{"rendered":"<pre>Beratungszentrum Mainz<\/pre>\n<h1>Anna Katharina Scheib<\/h1>\n<p>Als Hessin genie\u00dft Anna Katharina Scheib seit September\u00a02007 den Blick \u00fcber den Rhein nach Wiesbaden. Erst w\u00e4hrend ihrer Ausbildung zur Sport- und Fitnesskauffrau beim Landessportbund (die meiste Zeit war sie jedoch beim Bildungswerk) und seit Juli 2009 beim Bildungswerk des Landessportbundes im dritten Stock.<\/p>\n<p>Von klein auf steht Sport bei ihr weit oben. Erst probierte sie Leichtathletik, entdeckte aber schnell den Fu\u00dfball f\u00fcr sich. Beim Fu\u00dfball wechselte Anna Katharina Scheib im Jahr 2004 die Seiten und ist seit 2008 nur noch als Schiedsrichterin aktiv (2. Frauen-Bundesliga, SRA 1. Frauen-Bundesliga).<br \/>\nAls Anna Katharina Scheib anfing, sich Gedanken \u00fcber ihre berufliche Zukunft zu machen, war ihr klar: \u201eMein Beruf hat etwas mit Sport zu tun!\u201c Und so ist sie beim Bildungswerk gelandet! Ihre Ausbildung hatte kaum begonnen, stand schon eine Tagung mit allen Kollegen auf dem Plan. \u201eIch konnte alle Mitarbeitenden zeitnah pers\u00f6nlich kennenlernen, was mir den Einstieg erleichterte.\u201c sagt sie heute. Bereits damals merkte Anna Katharina Scheib, in welch tollem Team sie sich befand. Das hat sich f\u00fcr sie bis heute nicht ge\u00e4ndert.<\/p>\n<p>Jeder hat seinen eigenen Charakter und seine St\u00e4rken. Dank dieser Vielfalt kann sich jeder auf seine eigene Art und Weise einbringen. Anna Katharina Scheib arbeitet gerne mit Computern und ist f\u00fcr Technik zu begeistern. Wenn etwas nicht passt, wird so lange get\u00fcftelt, bis es klappt. Sie freut sich jedes Mal aufs Neue, wenn sie den Kollegen mit ihrem Know-how helfen kann.<\/p>\n<p>Anna Katharina Scheib ist im Mainzer Team besch\u00e4ftigt und hat als Sachbearbeiterin einen sehr vielf\u00e4ltigen T\u00e4tigkeitsbereich: u.a. die allgemeine B\u00fcrowirtschaft und Organisation, Buchhaltung und die Seminarverwaltung. Sie erledigt so ziemlich alles, was anf\u00e4llt und unterst\u00fctzt ihre Kolleginnen Annika, Jutta und Petra.<\/p>\n<p>Pers\u00f6nliche und berufliche Ziele zu erreichen; sich selbst weiterzuentwickeln; das Team zu unterst\u00fctzen; Abenteuer erleben und andere Menschen begeistern \u2013 dies treibt Anna Katharina Scheib Tag f\u00fcr Tag neu an, und all das kann sie mit dem Bildungswerk erleben.<\/p>\n<p>Um f\u00fcr all das die n\u00f6tige Fitness zu haben, geht sie joggen oder f\u00e4hrt Rennrad. Und immer bleibt genug Zeit f\u00fcr Freunde, Familie oder Freiwillige Feuerwehr, welche ihr durch die Eltern in die Wiege gelegt wurde und eine Herzensangelegenheit ist.<\/p>\n<p>Trotz allem befindet sich Anna Katharina Scheib noch am Anfang ihres beruflichen Werdeganges, und bis zum Ruhestand werden noch einige Jahre vergehen. Bis sie diese Zeit in einem H\u00e4uschen mit Garten genie\u00dfen kann, ist ihr wichtig, dass der Beruf ihr Freude bereitet. Da im Leben nichts wirklich planbar ist, versucht sie jeden Tag zu genie\u00dfen. Wir sind gespannt, welche Abenteuer das Leben bis dahin noch f\u00fcr sie bereith\u00e4lt.<\/p>\n<h2 class=\"page-heading\"><\/h2>\n<h4>N\u00e4chster Beitrag:<\/h4>\n<div><a class=\"lightbox-image\" title=\"\" data-rel=\"lightbox\"><img decoding=\"async\" class=\"img-frame  aligncenter\" src=\"https:\/\/www.bildungswerksport.de\/welt\/wp-content\/uploads\/sites\/3\/2016\/06\/Jutta_slider.jpg\" width=\"500\" \/><\/a><\/div>\n<div class=\"cta-element\"><h4 class=\"cta-small-title\">Beratungszentrum Mainz<\/h4><h2 class=\"cta-title\">Jutta Sch\u00fcler<\/h2><a class=\"button\" href=\"https:\/\/www.bildungswerksport.de\/welt\/bericht\/d-testimonials\/10-jutta-schueler\/\">Hier klicken...<\/a><\/div>\n","protected":false},"excerpt":{"rendered":"<p>Beratungszentrum Mainz Anna Katharina Scheib Als Hessin genie\u00dft Anna Katharina Scheib seit September\u00a02007 den Blick \u00fcber den Rhein nach Wiesbaden. [&hellip;]<\/p>\n","protected":false},"author":1,"featured_media":0,"parent":319,"menu_order":0,"comment_status":"closed","ping_status":"closed","template":"template-full-custom.php","meta":{"footnotes":""},"class_list":["post-382","page","type-page","status-publish","hentry"],"_links":{"self":[{"href":"https:\/\/www.bildungswerksport.de\/welt\/bericht\/wp-json\/wp\/v2\/pages\/382","targetHints":{"allow":["GET"]}}],"collection":[{"href":"https:\/\/www.bildungswerksport.de\/welt\/bericht\/wp-json\/wp\/v2\/pages"}],"about":[{"href":"https:\/\/www.bildungswerksport.de\/welt\/bericht\/wp-json\/wp\/v2\/types\/page"}],"author":[{"embeddable":true,"href":"https:\/\/www.bildungswerksport.de\/welt\/bericht\/wp-json\/wp\/v2\/users\/1"}],"replies":[{"embeddable":true,"href":"https:\/\/www.bildungswerksport.de\/welt\/bericht\/wp-json\/wp\/v2\/comments?post=382"}],"version-history":[{"count":6,"href":"https:\/\/www.bildungswerksport.de\/welt\/bericht\/wp-json\/wp\/v2\/pages\/382\/revisions"}],"predecessor-version":[{"id":471,"href":"https:\/\/www.bildungswerksport.de\/welt\/bericht\/wp-json\/wp\/v2\/pages\/382\/revisions\/471"}],"up":[{"embeddable":true,"href":"https:\/\/www.bildungswerksport.de\/welt\/bericht\/wp-json\/wp\/v2\/pages\/319"}],"wp:attachment":[{"href":"https:\/\/www.bildungswerksport.de\/welt\/bericht\/wp-json\/wp\/v2\/media?parent=382"}],"curies":[{"name":"wp","href":"https:\/\/api.w.org\/{rel}","templated":true}]}}