{"id":384,"date":"2016-06-15T21:47:24","date_gmt":"2016-06-15T19:47:24","guid":{"rendered":"https:\/\/www.bildungswerksport.de\/welt\/bericht\/?page_id=384"},"modified":"2016-06-16T08:05:26","modified_gmt":"2016-06-16T06:05:26","slug":"10-jutta-schueler","status":"publish","type":"page","link":"https:\/\/www.bildungswerksport.de\/welt\/bericht\/d-testimonials\/10-jutta-schueler\/","title":{"rendered":"10 &#8211; Jutta Sch\u00fcler"},"content":{"rendered":"<div><a class=\"lightbox-image\" title=\"\" data-rel=\"lightbox\"><img decoding=\"async\" class=\"img-frame \" src=\"https:\/\/www.bildungswerksport.de\/welt\/wp-content\/uploads\/sites\/3\/2016\/06\/Jutta_slider.jpg\" width=\"100%\" \/><\/a><\/div>\n<pre>\r\nBeratungszentrum Schifferstadt<\/pre>\n<h1>Jutta Sch\u00fcler<\/h1>\n<p>Jutta Sch\u00fcler hat schon in jungen Jahren ihre Liebe zum Sport entdeckt. Die Welt wollte sie auf den Kopf stellen, als sie zum ersten Mal versuchte auf den H\u00e4nden zu stehen, und da war auch f\u00fcr ihre Eltern klar, dass sie ihr Bed\u00fcfnis nach Bewegung am besten im Turnverein ausleben sollte. Jutta Sch\u00fclers sportliche Karriere begann mit regionalen Turnwettbewerben und Gau-Turnfesten und f\u00fchrte sie sp\u00e4ter zur Leichtathletik und in den USC Mainz. Ihre St\u00e4rken lagen im Weit- und Hochsprung und im Sprint \u00fcber 100 und 200 Meter.<\/p>\n<p>F\u00fcr Jutta Sch\u00fcler war zwar schon fr\u00fch klar, dass sie ihr Hobby gerne zum Beruf machen w\u00fcrde, doch fehlte zun\u00e4chst die schulische Voraussetzung zur Umsetzung dieses Ziels. Sie begann eine Ausbildung als Arzthelferin bei dem damals bekannten Orthop\u00e4den, Sport- und Olympiaarzt (1972) Dr. Landgraf. Das Interesse an medizinischen Fragen, die Freude am Umgang mit Menschen und der Bezug zum Sport waren die wesentlichen Motive f\u00fcr diese Entscheidung.<\/p>\n<p>\u00dcber viele Umwege (Ilse Glaser Gymnastikschule in Frankfurt, Besuch des Ketteler-Kollegs in Mainz und Erwerb der Hochschulreife) kam sie dann doch dem eigentlichen Ziel n\u00e4her, dem Diplomsport-Studium an der Johannes-Gutenberg-Universit\u00e4t in Mainz.<\/p>\n<p>Durch einen gl\u00fccklichen Zufall ergab es sich, dass Jutta Sch\u00fcler nach Abschluss ihres Studiums dann 1988 beim Bildungswerk des Landessportbundes landete. Dort hat sie in einem kleinen Team erfahren, wie wunderbar und vielseitig die Weiterbildung im und mit dem Sport sein kann. Neben den Fortbildungen im Bereich Gesundheit und Sport Lernen hatte sie mit viel Engagement die ersten Aus- und Fortbildungen im Bereich Sport in der Krebsnachsorge organisiert. Nach der Zusammenf\u00fchrung des Referats Ausbildung mit dem Bildungswerk erweiterte sich der Ausbildungsbereich, und mit den neuen Aufgaben und dem neuen Gesch\u00e4ftsf\u00fchrer Lothar Westram wurde auch das Team nach und nach immer gr\u00f6\u00dfer.<\/p>\n<p>\u00dcber zwanzig Jahre ist Jutta Sch\u00fcler nun schon Mitarbeiterin im Bildungswerk. Hat vier verschiedene Gesch\u00e4ftsf\u00fchrer erlebt und einige Tiefen und H\u00f6hen mitgemacht. Seit der Geburt ihres Sohnes 1993 ist sie nur noch als Minijoberin im Bildungswerk t\u00e4tig, doch die Begeisterung f\u00fcr ihre Arbeit ist dennoch ungebrochen, und sie freut sich auf jeden Tag, den sie im B\u00fcro oder bei Veranstaltungen des Bildungswerkes verbringen kann.<\/p>\n<p>Was sie antreibt, sind die vielf\u00e4ltigen Aufgaben und die M\u00f6glichkeit, immer wieder neue Akzente setzen zu k\u00f6nnen. \u201eDer Gesundheitssport ist so variationsreich geworden, dass wir die Fortbildungen f\u00fcr die Kursleiterinnen und Kursleiter immer wieder neu gestalten k\u00f6nnen und ihnen damit hilfreiche Unterst\u00fctzung f\u00fcr ihre Arbeit geben.\u201c sagt Jutta Sch\u00fcler mit Begeisterung.<\/p>\n<h2 class=\"page-heading\"><\/h2>\n<h4>N\u00e4chster Beitrag:<\/h4>\n<div><a class=\"lightbox-image\" title=\"\" data-rel=\"lightbox\"><img decoding=\"async\" class=\"img-frame aligncenter\" src=\"https:\/\/www.bildungswerksport.de\/welt\/wp-content\/uploads\/sites\/3\/2016\/06\/Annika_slider.jpg\" width=\"500\" \/><\/a><\/div>\n<div class=\"cta-element\"><h4 class=\"cta-small-title\">Beratungszentrum Mainz<\/h4><h2 class=\"cta-title\">Annika Stein<\/h2><a class=\"button\" href=\"https:\/\/www.bildungswerksport.de\/welt\/bericht\/d-testimonials\/11-annika-stein\/\">Hier klicken...<\/a><\/div>\n","protected":false},"excerpt":{"rendered":"<p>Beratungszentrum Schifferstadt Jutta Sch\u00fcler Jutta Sch\u00fcler hat schon in jungen Jahren ihre Liebe zum Sport entdeckt. Die Welt wollte sie [&hellip;]<\/p>\n","protected":false},"author":1,"featured_media":0,"parent":319,"menu_order":0,"comment_status":"closed","ping_status":"closed","template":"template-full-custom.php","meta":{"footnotes":""},"class_list":["post-384","page","type-page","status-publish","hentry"],"_links":{"self":[{"href":"https:\/\/www.bildungswerksport.de\/welt\/bericht\/wp-json\/wp\/v2\/pages\/384","targetHints":{"allow":["GET"]}}],"collection":[{"href":"https:\/\/www.bildungswerksport.de\/welt\/bericht\/wp-json\/wp\/v2\/pages"}],"about":[{"href":"https:\/\/www.bildungswerksport.de\/welt\/bericht\/wp-json\/wp\/v2\/types\/page"}],"author":[{"embeddable":true,"href":"https:\/\/www.bildungswerksport.de\/welt\/bericht\/wp-json\/wp\/v2\/users\/1"}],"replies":[{"embeddable":true,"href":"https:\/\/www.bildungswerksport.de\/welt\/bericht\/wp-json\/wp\/v2\/comments?post=384"}],"version-history":[{"count":8,"href":"https:\/\/www.bildungswerksport.de\/welt\/bericht\/wp-json\/wp\/v2\/pages\/384\/revisions"}],"predecessor-version":[{"id":480,"href":"https:\/\/www.bildungswerksport.de\/welt\/bericht\/wp-json\/wp\/v2\/pages\/384\/revisions\/480"}],"up":[{"embeddable":true,"href":"https:\/\/www.bildungswerksport.de\/welt\/bericht\/wp-json\/wp\/v2\/pages\/319"}],"wp:attachment":[{"href":"https:\/\/www.bildungswerksport.de\/welt\/bericht\/wp-json\/wp\/v2\/media?parent=384"}],"curies":[{"name":"wp","href":"https:\/\/api.w.org\/{rel}","templated":true}]}}