{"id":386,"date":"2016-06-15T21:48:51","date_gmt":"2016-06-15T19:48:51","guid":{"rendered":"https:\/\/www.bildungswerksport.de\/welt\/bericht\/?page_id=386"},"modified":"2016-06-16T01:20:28","modified_gmt":"2016-06-15T23:20:28","slug":"11-annika-stein","status":"publish","type":"page","link":"https:\/\/www.bildungswerksport.de\/welt\/bericht\/d-testimonials\/11-annika-stein\/","title":{"rendered":"11 &#8211; Annika Stein"},"content":{"rendered":"<pre>Beratungszentrum Mainz<\/pre>\n<h1>Annika Stein<\/h1>\n<p>Dass Annika Stein ihr Hobby zum Beruf machen w\u00fcrde, war f\u00fcr sie schon fr\u00fch klar, da sie bereits im Kindesalter gerne sportlich aktiv war und sich besonders f\u00fcr das Basketball-Spielen begeisterte. Auch wenn zun\u00e4chst noch unklar war, in welche Richtung es gehen k\u00f6nnte.<\/p>\n<p>Die perfekte Chance, diesem Wunsch nachzukommen, erm\u00f6glichte ihr das duale Studium \u201eBachelor of Arts in Fitness\u00f6konomie\u201c, bei dem sich monatliche Pr\u00e4senzphasen in Saarbr\u00fccken mit der praxisnahen Ausbildung in Mainz abwechselten. Neugierig und weltoffen zog es Annika Stein danach zun\u00e4chst noch hinaus in die weite Welt, die sie als Fitnesstrainerin auf zwei Kreuzfahrtschiffen der AIDA-Flotte bereisen und auch hier verschiedene Menschen und Kulturen kennen und sch\u00e4tzen lernen durfte. Nach ihrer Schiffreise arbeitete sie ein weiteres Jahr in einem renommierten Fitness Club in Hamburg, der \u201esch\u00f6nsten Stadt der Welt\u201c. Bis sie schlie\u00dflich doch die Sehnsucht nach Familie und Freunden packte sowie der Wunsch, in der Heimat einen Job zu finden, in dem sie das Sportliche mit dem Organisatorischen verbinden kann. Das Bildungswerk Sport bot ihr genau diese M\u00f6glichkeit, und sie ist froh dar\u00fcber, seit nun bereits zwei Jahren Teil des Teams zu sein.<\/p>\n<p>Als Mitarbeiterin im Beratungszentrum Mainz ist Annika Stein mit an der Planung und Organisation der Veranstaltungen beteiligt. Dazu z\u00e4hlen neben der Beobachtung des Marktes und anderer Organisationen, der Auswahl von Themen und Referenten sowie der Seminarvorbereitung und -durchf\u00fchrung, auch der Auf- und Ausbau des Kursbereichs. \u201eIch sehe als eine meiner Aufgaben zudem, innovative Bewegungsprogramme auszuw\u00e4hlen, zu testen, sie zu bewerten sowie diese an die Menschen in den Vereinen und in den Studios weiterzutragen\u201c, sagt die stets motivierte 27-J\u00e4hrige. Im Team arbeitet sie daran, die Qualit\u00e4t der Angebote und die Prozesse stetig zu verbessern.<\/p>\n<p>Auf die Frage, was sie antreibt, antwortet Annika Stein: \u201eMit dem Bildungswerk Sport neue Ma\u00dfst\u00e4be zu setzen. Mein Ansporn ist zudem, dass das Bildungswerk durch unsere Arbeit sportliche Vielfalt und Qualit\u00e4t in das Leben der Menschen bringt, wir sie begleiten und begeistern. Kursleitern, die unsere Veranstaltungen besuchen, geben wir Werkzeuge an die Hand, so dass auch diese wiederum in der Lage sind, ihr Wissen weiterzutragen und Menschen in ihren Kursen auf verschiedene Weise zu bewegen.\u201c<\/p>\n<p>Die eigenverantwortliche und abwechslungsreiche Arbeit beim Bildungswerk Sport macht ihr sichtbar Spa\u00df und sie f\u00fchlt sich wohl. Mittlerweile hat sie sich gut in das buntgemischte Team eingefunden, das sich gegenseitig austauscht und unterst\u00fctzt. Beruflich gesehen m\u00f6chte sie das Bildungswerk des Landessportbundes weiter mit vorantreiben und zum Organisationserfolg beitragen. Auch privat f\u00fchlt sie sich hier \u201ezu Hause\u201c und freut sich, auch zuk\u00fcnftig eine optimale Work-Life-Balance zu finden. Sport und Bewegung spielen hierbei nach wie vor eine gro\u00dfe Rolle f\u00fcr Annika Stein.<\/p>\n<h2 class=\"page-heading\"><\/h2>\n<h4>N\u00e4chster Beitrag:<\/h4>\n<div><a class=\"lightbox-image\" title=\"\" data-rel=\"lightbox\"><img decoding=\"async\" class=\"img-frame  aligncenter\" src=\"https:\/\/www.bildungswerksport.de\/welt\/wp-content\/uploads\/sites\/3\/2016\/06\/Petra_slider.jpg\" width=\"500\" \/><\/a><\/div>\n<div class=\"cta-element\"><h4 class=\"cta-small-title\">Beratungszentrum Mainz<\/h4><h2 class=\"cta-title\">Petra Szablikowski<\/h2><a class=\"button\" href=\"https:\/\/www.bildungswerksport.de\/welt\/bericht\/d-testimonials\/12-petra-szablikowski\/\">Hier klicken...<\/a><\/div>\n","protected":false},"excerpt":{"rendered":"<p>Beratungszentrum Mainz Annika Stein Dass Annika Stein ihr Hobby zum Beruf machen w\u00fcrde, war f\u00fcr sie schon fr\u00fch klar, da [&hellip;]<\/p>\n","protected":false},"author":1,"featured_media":0,"parent":319,"menu_order":0,"comment_status":"closed","ping_status":"closed","template":"template-full-custom.php","meta":{"footnotes":""},"class_list":["post-386","page","type-page","status-publish","hentry"],"_links":{"self":[{"href":"https:\/\/www.bildungswerksport.de\/welt\/bericht\/wp-json\/wp\/v2\/pages\/386","targetHints":{"allow":["GET"]}}],"collection":[{"href":"https:\/\/www.bildungswerksport.de\/welt\/bericht\/wp-json\/wp\/v2\/pages"}],"about":[{"href":"https:\/\/www.bildungswerksport.de\/welt\/bericht\/wp-json\/wp\/v2\/types\/page"}],"author":[{"embeddable":true,"href":"https:\/\/www.bildungswerksport.de\/welt\/bericht\/wp-json\/wp\/v2\/users\/1"}],"replies":[{"embeddable":true,"href":"https:\/\/www.bildungswerksport.de\/welt\/bericht\/wp-json\/wp\/v2\/comments?post=386"}],"version-history":[{"count":7,"href":"https:\/\/www.bildungswerksport.de\/welt\/bericht\/wp-json\/wp\/v2\/pages\/386\/revisions"}],"predecessor-version":[{"id":473,"href":"https:\/\/www.bildungswerksport.de\/welt\/bericht\/wp-json\/wp\/v2\/pages\/386\/revisions\/473"}],"up":[{"embeddable":true,"href":"https:\/\/www.bildungswerksport.de\/welt\/bericht\/wp-json\/wp\/v2\/pages\/319"}],"wp:attachment":[{"href":"https:\/\/www.bildungswerksport.de\/welt\/bericht\/wp-json\/wp\/v2\/media?parent=386"}],"curies":[{"name":"wp","href":"https:\/\/api.w.org\/{rel}","templated":true}]}}