{"id":388,"date":"2016-06-15T21:50:34","date_gmt":"2016-06-15T19:50:34","guid":{"rendered":"https:\/\/www.bildungswerksport.de\/welt\/bericht\/?page_id=388"},"modified":"2016-06-16T01:23:10","modified_gmt":"2016-06-15T23:23:10","slug":"12-petra-szablikowski","status":"publish","type":"page","link":"https:\/\/www.bildungswerksport.de\/welt\/bericht\/d-testimonials\/12-petra-szablikowski\/","title":{"rendered":"12 &#8211; Petra Szablikowski"},"content":{"rendered":"<pre>Beratungszentrum Mainz<\/pre>\n<h1>Petra Szablikowski<\/h1>\n<p>Das Licht der Welt erblickte Petra Szablikowski in Waldshut am Hochrhein, eine wundersch\u00f6ne Ecke Deutschlands am Fu\u00dfe des Schwarzwald. Das Diplomsport-Studium brachte sie nach Mainz, und dort f\u00fchlt sie sich nun schon fast 30 Jahre richtig wohl.<\/p>\n<p>Beruflich haben es ihr Sportorganisationen angetan. Beim Landessportbund startete Petra Szablikowski ihre Karriere als Mitarbeiterin in der \u00d6ffentlichkeitsarbeit. Nach 2\u00bd Jahren stieg sie auf zum Bildungswerk, dem sie bis heute treu geblieben ist.<\/p>\n<p>Auch privat stand und steht der Sport bei Petra Szablikowski ganz vorne. Dabei geh\u00f6rt dem Minigolfsport noch heute ihre besondere Leidenschaft. Die Leichtathletik und das Basketball waren weitere Sportarten, die sie begeisterten. Ansonsten zieht es sie in die Natur, um beim Wandern, Radfahren oder Faulenzen die Sch\u00f6nheit der Umgebung zu genie\u00dfen.<\/p>\n<p>Petra Szablikowski besch\u00e4ftigt sich heute am liebsten mit Dingen, bei denen sie kreativ sein kann. Dies erm\u00f6glichen ihr die Arbeitsfelder \u00d6ffentlichkeitsarbeit und Qualifizierung. Aber auch die Aufbereitung der Weiterbildungsstunden mit den dazugeh\u00f6rigen Statistiken z\u00e4hlen zu den Aufgaben. Besonders entgegen kommt ihr die Vielfalt der Aufgaben.<\/p>\n<p>Aus einem bekannten Text zieht Petra Szablikowski regelm\u00e4\u00dfig ihren Antrieb: \u201eDie Gelassenheit, Dinge hinzunehmen, die ich nicht \u00e4ndern kann. Den Mut, Dinge zu ver\u00e4ndern, die ich \u00e4ndern kann. Die Weisheit, das eine vom anderen zu unterscheiden.\u201c Und das w\u00fcnscht sie sich so h\u00e4ufig wie m\u00f6glich.<\/p>\n<h2 class=\"page-heading\"><\/h2>\n<h4>N\u00e4chster Beitrag:<\/h4>\n<div><a class=\"lightbox-image\" title=\"\" data-rel=\"lightbox\"><img decoding=\"async\" class=\"img-frame  aligncenter\" src=\"https:\/\/www.bildungswerksport.de\/welt\/wp-content\/uploads\/sites\/3\/2016\/06\/Martina_slider.jpg\" width=\"500\" \/><\/a><\/div>\n<div class=\"cta-element\"><h4 class=\"cta-small-title\">Beratungszentrum Schifferstadt<\/h4><h2 class=\"cta-title\">Martina Unterleiter<\/h2><a class=\"button\" href=\"https:\/\/www.bildungswerksport.de\/welt\/bericht\/d-testimonials\/13-martina-unterleiter\/\">Hier klicken...<\/a><\/div>\n","protected":false},"excerpt":{"rendered":"<p>Beratungszentrum Mainz Petra Szablikowski Das Licht der Welt erblickte Petra Szablikowski in Waldshut am Hochrhein, eine wundersch\u00f6ne Ecke Deutschlands am [&hellip;]<\/p>\n","protected":false},"author":1,"featured_media":0,"parent":319,"menu_order":0,"comment_status":"closed","ping_status":"closed","template":"template-full-custom.php","meta":{"footnotes":""},"class_list":["post-388","page","type-page","status-publish","hentry"],"_links":{"self":[{"href":"https:\/\/www.bildungswerksport.de\/welt\/bericht\/wp-json\/wp\/v2\/pages\/388","targetHints":{"allow":["GET"]}}],"collection":[{"href":"https:\/\/www.bildungswerksport.de\/welt\/bericht\/wp-json\/wp\/v2\/pages"}],"about":[{"href":"https:\/\/www.bildungswerksport.de\/welt\/bericht\/wp-json\/wp\/v2\/types\/page"}],"author":[{"embeddable":true,"href":"https:\/\/www.bildungswerksport.de\/welt\/bericht\/wp-json\/wp\/v2\/users\/1"}],"replies":[{"embeddable":true,"href":"https:\/\/www.bildungswerksport.de\/welt\/bericht\/wp-json\/wp\/v2\/comments?post=388"}],"version-history":[{"count":8,"href":"https:\/\/www.bildungswerksport.de\/welt\/bericht\/wp-json\/wp\/v2\/pages\/388\/revisions"}],"predecessor-version":[{"id":474,"href":"https:\/\/www.bildungswerksport.de\/welt\/bericht\/wp-json\/wp\/v2\/pages\/388\/revisions\/474"}],"up":[{"embeddable":true,"href":"https:\/\/www.bildungswerksport.de\/welt\/bericht\/wp-json\/wp\/v2\/pages\/319"}],"wp:attachment":[{"href":"https:\/\/www.bildungswerksport.de\/welt\/bericht\/wp-json\/wp\/v2\/media?parent=388"}],"curies":[{"name":"wp","href":"https:\/\/api.w.org\/{rel}","templated":true}]}}