{"id":390,"date":"2016-06-15T21:52:02","date_gmt":"2016-06-15T19:52:02","guid":{"rendered":"https:\/\/www.bildungswerksport.de\/welt\/bericht\/?page_id=390"},"modified":"2016-06-16T01:24:23","modified_gmt":"2016-06-15T23:24:23","slug":"13-martina-unterleiter","status":"publish","type":"page","link":"https:\/\/www.bildungswerksport.de\/welt\/bericht\/d-testimonials\/13-martina-unterleiter\/","title":{"rendered":"13 &#8211; Martina Unterleiter"},"content":{"rendered":"<pre>Beratungszentrum Schifferstadt<\/pre>\n<h1>Martina Unterleiter<\/h1>\n<p>Martina Unterleiter wurde 1966 in Heidelberg geboren, dort ist sie auch bis zum Abitur zur Schule gegangen, und selbst zum Studium hat es sie nicht in eine andere Stadt gezogen. W\u00e4hrend ihres Sportstudiums wohnte sie mit einer Freundin fast zehn Jahre lang in einer 2-Zimmer-Wohnung mitten in der Stadt und geno\u00df das Studentenleben in vollen Z\u00fcgen.<\/p>\n<p>Sport war immer ein wichtiger Teil in ihrem Leben. Es hat sie allerdings nie sehr lange bei einer Sportart gehalten \u2014 sie wollte vieles testen: Turnen, Tischtennis, Hockey, Handball waren die ersten Sportarten, die Martina Unterleiter ausprobiert hatte. Eine Mannschaftssportart musste es sein, das war klar. Basketball beim USC Heidelberg war dann die letzte l\u00e4ngere Station \u2013 dieser Sport begleitete sie auch durch das gesamte Studium.<\/p>\n<p>Hier der Sport als\u00a0 Wettkampf \u2014 im Rahmen des Studiums fand Martina Unterleiter jedoch auch immer mehr Zugang zu einer ganz anderen Art der sportlichen Bet\u00e4tigung: Gesundheitssport \u2014 Sport zur Erhaltung und Verbesserung des Wohlbefindens. Menschen Spa\u00df und Freude an der Bewegung vermitteln, sie sp\u00fcren lassen, was Bewegung mit dem eigenen K\u00f6rper macht, welche nachhaltigen Effekte sie hat. Das sollte ihre Aufgabe werden! In diesem Berufsfeld wollte sie t\u00e4tig sein.<\/p>\n<p>Ihr Ziel war gesteckt \u2014 bereits w\u00e4hrend des Studiums sammelte Martina Unterleiter vielseitige Erfahrungen im Gesundheitssport. Sie absolvierte Ausbildungen im Rehasportbereich, betreute Osteoporosesportgruppen und war im pr\u00e4ventiven Sport t\u00e4tig. Diese Erfahrungen pr\u00e4gen bis heute ihr Tun. Es motiviert sie, wenn sie sp\u00fcrt, dass \u201eder Funke \u00fcberspringt\u201c. Wenn die Menschen Spa\u00df an der Bewegung haben, wenn sie gerne immer wieder dabei sind und sich freuen.<\/p>\n<p>Diese Motivation \u00fcbertr\u00e4gt sich bis heute auf die Arbeit von Martina Unterleiter: \u201eAuch nach 17 Jahren arbeite ich jeden Tag noch gerne beim Bildungswerk Sport. Es macht mir Spa\u00df, es inspiriert mich, Kursangebote zu planen, Trends zu erkennen, neue Ideen zu entwickeln.\u201c<\/p>\n<h2 class=\"page-heading\"><\/h2>\n<h4>N\u00e4chster Beitrag:<\/h4>\n<div><a class=\"lightbox-image\" title=\"\" data-rel=\"lightbox\"><img decoding=\"async\" class=\"img-frame aligncenter\" src=\"https:\/\/www.bildungswerksport.de\/welt\/wp-content\/uploads\/sites\/3\/2016\/06\/Markus_slider.jpg\" width=\"500\" \/><\/a><\/div>\n<div class=\"cta-element\"><h4 class=\"cta-small-title\">Beratungszentrum Montabaur<\/h4><h2 class=\"cta-title\">Markus B\u00f6hm<\/h2><a class=\"button\" href=\"https:\/\/www.bildungswerksport.de\/welt\/bericht\/d-testimonials\/1-markus-boehm\/\">Hier klicken...<\/a><\/div>\n","protected":false},"excerpt":{"rendered":"<p>Beratungszentrum Schifferstadt Martina Unterleiter Martina Unterleiter wurde 1966 in Heidelberg geboren, dort ist sie auch bis zum Abitur zur Schule [&hellip;]<\/p>\n","protected":false},"author":1,"featured_media":0,"parent":319,"menu_order":0,"comment_status":"closed","ping_status":"closed","template":"template-full-custom.php","meta":{"footnotes":""},"class_list":["post-390","page","type-page","status-publish","hentry"],"_links":{"self":[{"href":"https:\/\/www.bildungswerksport.de\/welt\/bericht\/wp-json\/wp\/v2\/pages\/390","targetHints":{"allow":["GET"]}}],"collection":[{"href":"https:\/\/www.bildungswerksport.de\/welt\/bericht\/wp-json\/wp\/v2\/pages"}],"about":[{"href":"https:\/\/www.bildungswerksport.de\/welt\/bericht\/wp-json\/wp\/v2\/types\/page"}],"author":[{"embeddable":true,"href":"https:\/\/www.bildungswerksport.de\/welt\/bericht\/wp-json\/wp\/v2\/users\/1"}],"replies":[{"embeddable":true,"href":"https:\/\/www.bildungswerksport.de\/welt\/bericht\/wp-json\/wp\/v2\/comments?post=390"}],"version-history":[{"count":6,"href":"https:\/\/www.bildungswerksport.de\/welt\/bericht\/wp-json\/wp\/v2\/pages\/390\/revisions"}],"predecessor-version":[{"id":475,"href":"https:\/\/www.bildungswerksport.de\/welt\/bericht\/wp-json\/wp\/v2\/pages\/390\/revisions\/475"}],"up":[{"embeddable":true,"href":"https:\/\/www.bildungswerksport.de\/welt\/bericht\/wp-json\/wp\/v2\/pages\/319"}],"wp:attachment":[{"href":"https:\/\/www.bildungswerksport.de\/welt\/bericht\/wp-json\/wp\/v2\/media?parent=390"}],"curies":[{"name":"wp","href":"https:\/\/api.w.org\/{rel}","templated":true}]}}