{"id":1082,"date":"2024-09-09T15:45:26","date_gmt":"2024-09-09T13:45:26","guid":{"rendered":"https:\/\/www.bildungswerksport.de\/welt\/partnerschaft\/?page_id=1082"},"modified":"2024-09-20T17:18:57","modified_gmt":"2024-09-20T15:18:57","slug":"hashtag-generator-fuer-social-media","status":"publish","type":"page","link":"https:\/\/www.bildungswerksport.de\/welt\/partnerschaft\/hashtag-generator-fuer-social-media\/","title":{"rendered":"Hashtag-Generator f\u00fcr Social-Media"},"content":{"rendered":"\n<h2 class=\"wp-block-heading\">Willkommen beim KI-gest\u00fctzten Hashtag-Generator!<\/h2>\n\n\n\n<p>Erstelle in wenigen Schritten ma\u00dfgeschneiderte Hashtags f\u00fcr deine Social-Media-Beitr\u00e4ge. Gib einfach deinen Beitragstext ein, w\u00e4hle die Plattform und definiere deine Zielgruppe. Unser Generator analysiert deine Eingaben und liefert dir relevante Hashtags, um deine Reichweite und Sichtbarkeit zu erh\u00f6hen. Ideal f\u00fcr Posts zu Bildung, Marketing, Networking und vieles mehr!<\/p>\n\n\n\n<p>Bevor du startest, kannst du dich hier \u00fcber unsere&nbsp;<a class=\"\" href=\"https:\/\/www.bildungswerksport.de\/welt\/datenschutz\" target=\"_blank\" rel=\"noreferrer noopener\">Datenschutzerkl\u00e4rung&nbsp;<\/a>informieren. Unsere KI kann Fehler machen, \u00fcberpr\u00fcfe daher wichtige Informationen.<\/p>\n\n\n\n<div class=\"wp-block-ai-engine-form-container mwai-form-container\" id=\"mwai-form-container-3059yaqb5\">[mwai-form-container id=&#8221;3059yaqb5&#8243; theme=&#8221;none&#8221;]\n<h4 class=\"wp-block-heading has-black-color has-text-color has-link-color wp-elements-d05619d129380b08a61306f7b42bfe58\">1. Kopiere deinen Beitragsentwurf in das Feld<\/h4>\n\n\n\n<div class=\"wp-block-ai-engine-form-field\">[mwai-form-field id=&#8221;mwai-90ouyd9yp&#8221; type=&#8221;textarea&#8221; name=&#8221;BEITRAG&#8221; options=&#8221;%5B%5D&#8221; placeholder=&#8221;Erstelle hier deinen Beitrag&#8221; rows=&#8221;10&#8243; required=&#8221;true&#8221;]<\/div>\n\n\n\n<div style=\"height:30px\" aria-hidden=\"true\" class=\"wp-block-spacer\"><\/div>\n\n\n\n<h4 class=\"wp-block-heading has-black-color has-text-color has-link-color wp-elements-dfe145e84a741a38ca9f528dd369c384\">2. W\u00e4hle die Social-Media-Plattform<\/h4>\n\n\n\n<div class=\"wp-block-ai-engine-form-field\">[mwai-form-field id=&#8221;mwai-d33x7gnnd&#8221; type=&#8221;select&#8221; name=&#8221;SOCIAL-MEDIA_PLATTFORM&#8221; options=&#8221;%5B%7B%22label%22%3A%22LinkedIn%22%2C%22value%22%3A%22LinkedIn%22%7D%2C%7B%22label%22%3A%22Facebook%22%2C%22value%22%3A%22Facebook%22%7D%2C%7B%22label%22%3A%22Instagram%22%2C%22value%22%3A%22Instagram%22%7D%2C%7B%22label%22%3A%22X%20(Twitter)%22%2C%22value%22%3A%22X%20(Twitter)%22%7D%2C%7B%22label%22%3A%22TikTok%22%2C%22value%22%3A%22TikTok%22%7D%2C%7B%22label%22%3A%22Youtube%22%2C%22value%22%3A%22Youtube%22%7D%2C%7B%22label%22%3A%22Vimeo%22%2C%22value%22%3A%22Vimeo%22%7D%5D&#8221; required=&#8221;true&#8221;]<\/div>\n\n\n\n<div style=\"height:30px\" aria-hidden=\"true\" class=\"wp-block-spacer\"><\/div>\n\n\n\n<h4 class=\"wp-block-heading has-black-color has-text-color has-link-color wp-elements-473f44d0242a09c2f74c1bab19cb88ed\">3. Bestimme deine Zielgruppe (Mehrfachauswahl m\u00f6glich)<\/h4>\n\n\n\n<div class=\"wp-block-ai-engine-form-field\">[mwai-form-field id=&#8221;mwai-7p7qbw6c5&#8243; type=&#8221;checkbox&#8221; name=&#8221;ZIELGRUPPE&#8221; options=&#8221;%5B%7B%22label%22%3A%22Arbeitssuchende%22%2C%22value%22%3A%22Arbeitssuchende%22%7D%2C%7B%22label%22%3A%22Berufst%C3%A4tige%22%2C%22value%22%3A%22Berufst%C3%A4tige%22%7D%2C%7B%22label%22%3A%22Ehrenamtliche%22%2C%22value%22%3A%22Ehrenamtliche%22%7D%2C%7B%22label%22%3A%22Eltern%22%2C%22value%22%3A%22Eltern%22%7D%2C%7B%22label%22%3A%22Fachkr%C3%A4fte%22%2C%22value%22%3A%22Fachkr%C3%A4fte%22%7D%2C%7B%22label%22%3A%22F%C3%BChrungskr%C3%A4fte%22%2C%22value%22%3A%22F%C3%BChrungskr%C3%A4fte%22%7D%2C%7B%22label%22%3A%22Gesundheitinteressierte%22%2C%22value%22%3A%22Gesundheitinteressierte%22%7D%2C%7B%22label%22%3A%22Journalist*innen%22%2C%22value%22%3A%22Journalist*innen%22%7D%2C%7B%22label%22%3A%22Kreative%20und%20K%C3%BCnstler*innen%22%2C%22value%22%3A%22Kreative%20und%20K%C3%BCnstler*innen%22%7D%2C%7B%22label%22%3A%22Lehrer*innen%2FErzieher*innen%22%2C%22value%22%3A%22Lehrer*innen%2FErzieher*innen%22%7D%2C%7B%22label%22%3A%22Menschen%20in%20sozialen%20Berufen%22%2C%22value%22%3A%22Menschen%20in%20sozialen%20Berufen%22%7D%2C%7B%22label%22%3A%22Menschen%20mit%20besonderen%20Lernanforderungen%22%2C%22value%22%3A%22Menschen%20mit%20besonderen%20Lernanforderungen%22%7D%2C%7B%22label%22%3A%22Mitarbeiter*innen%20in%20Krankenkassen%22%2C%22value%22%3A%22Mitarbeiter*innen%20in%20Krankenkassen%22%7D%2C%7B%22label%22%3A%22Mitarbeiter*innen%20in%20Ministerien%22%2C%22value%22%3A%22Mitarbeiter*innen%20in%20Ministerien%22%7D%2C%7B%22label%22%3A%22Mitarbeiter*innen%20in%20Stiftungen%22%2C%22value%22%3A%22Mitarbeiter*innen%20in%20Stiftungen%22%7D%2C%7B%22label%22%3A%22Personen%20im%20Ruhestand%22%2C%22value%22%3A%22Personen%20im%20Ruhestand%22%7D%2C%7B%22label%22%3A%22Politisch%20und%20gesellschaftlich%20Engagierte%22%2C%22value%22%3A%22Politisch%20und%20gesellschaftlich%20Engagierte%22%7D%2C%7B%22label%22%3A%22Quereinsteiger*innen%22%2C%22value%22%3A%22Quereinsteiger*innen%22%7D%2C%7B%22label%22%3A%22Selbstst%C3%A4ndige%22%2C%22value%22%3A%22Selbstst%C3%A4ndige%22%7D%2C%7B%22label%22%3A%22Sportinteressierte%22%2C%22value%22%3A%22Sportinteressierte%22%7D%2C%7B%22label%22%3A%22Sportler*innen%22%2C%22value%22%3A%22Sportler*innen%22%7D%2C%7B%22label%22%3A%22Technikinteressierte%22%2C%22value%22%3A%22Technikinteressierte%22%7D%2C%7B%22label%22%3A%22%C3%9Cbungsleiter*innen%2FTrainer*innen%22%2C%22value%22%3A%22%C3%9Cbungsleiter*innen%2FTrainer*innen%22%7D%2C%7B%22label%22%3A%22Vereinsvorst%C3%A4nde%2FVereinsmanager%22%2C%22value%22%3A%22Vereinsvorst%C3%A4nde%2FVereinsmanager%22%7D%2C%7B%22label%22%3A%22Wissenschaftler*innen%22%2C%22value%22%3A%22Wissenschaftler*innen%22%7D%5D&#8221;]<\/div>\n\n\n\n<div style=\"height:30px\" aria-hidden=\"true\" class=\"wp-block-spacer\"><\/div>\n\n\n\n<h4 class=\"wp-block-heading has-black-color has-text-color has-link-color wp-elements-95f464d2d335961c9bf93f56a1a34e24\">4. W\u00e4hle branchenspezifische Schl\u00fcsselw\u00f6rter (optional)<\/h4>\n\n\n\n<div class=\"wp-block-ai-engine-form-field\">[mwai-form-field id=&#8221;mwai-eq8g3e0ud&#8221; type=&#8221;input&#8221; name=&#8221;BRANCHENSPEZIFISCH&#8221; options=&#8221;%5B%5D&#8221;]<\/div>\n\n\n\n<div style=\"height:30px\" aria-hidden=\"true\" class=\"wp-block-spacer\"><\/div>\n\n\n\n<h4 class=\"wp-block-heading has-black-color has-text-color has-link-color wp-elements-9e233dc4898aa3f2ab4b050d01d098cc\">5. Generiere nun die passenden Hashtags und erhalte ebenfalls eine Begr\u00fcndung<\/h4>\n\n\n\n<div class=\"wp-block-ai-engine-form-submit\">[mwai-form-submit id=&#8221;mwai-p4jxmoan5&#8243; label=&#8221;Hashtags erstellen&#8221; message=&#8221;Du%20bist%20ein%20erfahrener%20Social-Media-Consultant%20mit%20besonderer%20Expertise%20im%20Bereich%20der%20Erwachsenenbildung.%0AErstelle%20eine%20reine%20Liste%20gezielter%20und%20relevanter%20Hashtags%20f%C3%BCr%20den%20folgenden%20%7BBEITRAG%7D%20ausschlie%C3%9Flich%20f%C3%BCr%20die%20Plattform%20%7BSOCIAL-MEDIA_PLATTFORM%7D%20und%20die%20Zielgruppen%20%7BZIELGRUPPE%7D.%20Nutze%20auch%20die%20folgenden%20branchenspezifischen%20Schl%C3%BCsselw%C3%B6rter%2C%20wenn%20vorhanden%3A%20%7BBRANCHENSPEZIFISCH%7D%0AOptimiere%20die%20Anzahl%20und%20den%20Stil%20(Informativ%2C%20Inspirierend%2FMotivierend%2C%20Unterhaltsam%2C%20Humorvoll%2C%20Seri%C3%B6s)%20der%20generierten%20Hashtags%20f%C3%BCr%20die%20gew%C3%A4hlte%20Plattform%20und%20gib%20eine%20Begr%C3%BCndung%2C%20sowohl%20f%C3%BCr%20den%20gew%C3%A4hlten%20Stil%2C%20die%20Anzahl%20und%20die%20Auswahl%20an%20sich.&#8221; output_element=&#8221;#mwai-73w4q3dah&#8221; temperature=&#8221;0.8&#8243; max_tokens=&#8221;4096&#8243;]<\/div>\n\n\n\n<div style=\"height:30px\" aria-hidden=\"true\" class=\"wp-block-spacer\"><\/div>\n\n\n\n<div class=\"wp-block-ai-engine-form-output\">[mwai-form-output id=&#8221;mwai-73w4q3dah&#8221;]<\/div>\n\n\n\n<div style=\"height:60px\" aria-hidden=\"true\" class=\"wp-block-spacer\"><\/div>\n\n\n\n<h4 class=\"wp-block-heading has-black-color has-text-color has-link-color wp-elements-974820ba231f377eb18c2f02b7cdc126\">6. Abschlie\u00dfend kannst du deinen Beitrag nochmal komplett optimieren lassen<\/h4>\n\n\n\n<div class=\"wp-block-ai-engine-form-submit\">[mwai-form-submit id=&#8221;mwai-v8a4vlydb&#8221; label=&#8221;Beitrag \u00fcberarbeiten&#8221; message=&#8221;Du%20bist%20ein%20erfahrener%20Social-Media-Consultant%20mit%20besonderer%20Expertise%20im%20Bereich%20der%20Erwachsenenbildung.%20Ich%20m%C3%B6chte%20einen%20Social-Media-Beitrag%20erstellen%2C%20der%20sich%20an%20die%20Zielgruppe%20(%7BZIELGRUPPE%7D)%20richtet%20und%20das%20%5BThema%5D%20behandelt.%20Der%20Beitrag%20soll%20fesselnd%20und%20ansprechend%20sein%2C%20mit%20einem%20klaren%20Call-to-Action%2C%20der%20%5Beine%20gew%C3%BCnschte%20Handlung%2C%20z.B.%20Anmelden%20f%C3%BCr%20ein%20Event%2C%20Teilen%20des%20Beitrags%5D%20f%C3%B6rdert.%0A%0ABitte%20optimiere%20den%20Text%20f%C3%BCr%20die%20Plattform%20%7BSOCIAL-MEDIA_PLATTFORM%7D%2C%20achte%20dabei%20besonders%20auf%20den%20Weiterbildungskontext%2C%20und%20benutze%20die%20Hashtags%20Hashtags%20aus%20%5B%24%7B%23mwai-73w4q3dah%7D%5D%2C%20die%20sowohl%20die%20Reichweite%20als%20auch%20das%20Engagement%20erh%C3%B6hen.%0A%0ABer%C3%BCcksichtige%20au%C3%9Ferdem%20die%20ideale%20L%C3%A4nge%20und%20Struktur%20des%20Beitrags%20f%C3%BCr%20diese%20Plattform%20und%20gib%20Vorschl%C3%A4ge%20f%C3%BCr%20visuelle%20Elemente%20(wie%20Bilder%20oder%20Videos)%2C%20die%20den%20Beitrag%20wirkungsvoller%20gestalten%20k%C3%B6nnten.%0A%0A%0AThema%3A%20%7BBEITRAG%7D&#8221; output_element=&#8221;#mwai-v23aoulty&#8221; temperature=&#8221;0.8&#8243; max_tokens=&#8221;4096&#8243;]<\/div>\n\n\n\n<div style=\"height:30px\" aria-hidden=\"true\" class=\"wp-block-spacer\"><\/div>\n\n\n\n<div class=\"wp-block-ai-engine-form-output\">[mwai-form-output id=&#8221;mwai-v23aoulty&#8221;]<\/div>\n<\/div>\n","protected":false},"excerpt":{"rendered":"<p>Willkommen beim KI-gest\u00fctzten Hashtag-Generator! Erstelle in wenigen Schritten ma\u00dfgeschneiderte Hashtags f\u00fcr deine Social-Media-Beitr\u00e4ge. Gib einfach deinen Beitragstext ein, w\u00e4hle die Plattform und definiere deine Zielgruppe. Unser Generator analysiert deine Eingaben und liefert dir relevante Hashtags, um deine Reichweite und Sichtbarkeit zu erh\u00f6hen. Ideal f\u00fcr Posts zu Bildung, Marketing, Networking und vieles mehr! Bevor du startest,&hellip; <br \/> <a class=\"button small blue\" href=\"https:\/\/www.bildungswerksport.de\/welt\/partnerschaft\/hashtag-generator-fuer-social-media\/\">Weiterlesen<\/a><\/p>\n","protected":false},"author":1,"featured_media":0,"parent":0,"menu_order":0,"comment_status":"closed","ping_status":"closed","template":"","meta":{"footnotes":""},"class_list":["post-1082","page","type-page","status-publish","hentry"],"_links":{"self":[{"href":"https:\/\/www.bildungswerksport.de\/welt\/partnerschaft\/wp-json\/wp\/v2\/pages\/1082","targetHints":{"allow":["GET"]}}],"collection":[{"href":"https:\/\/www.bildungswerksport.de\/welt\/partnerschaft\/wp-json\/wp\/v2\/pages"}],"about":[{"href":"https:\/\/www.bildungswerksport.de\/welt\/partnerschaft\/wp-json\/wp\/v2\/types\/page"}],"author":[{"embeddable":true,"href":"https:\/\/www.bildungswerksport.de\/welt\/partnerschaft\/wp-json\/wp\/v2\/users\/1"}],"replies":[{"embeddable":true,"href":"https:\/\/www.bildungswerksport.de\/welt\/partnerschaft\/wp-json\/wp\/v2\/comments?post=1082"}],"version-history":[{"count":56,"href":"https:\/\/www.bildungswerksport.de\/welt\/partnerschaft\/wp-json\/wp\/v2\/pages\/1082\/revisions"}],"predecessor-version":[{"id":1160,"href":"https:\/\/www.bildungswerksport.de\/welt\/partnerschaft\/wp-json\/wp\/v2\/pages\/1082\/revisions\/1160"}],"wp:attachment":[{"href":"https:\/\/www.bildungswerksport.de\/welt\/partnerschaft\/wp-json\/wp\/v2\/media?parent=1082"}],"curies":[{"name":"wp","href":"https:\/\/api.w.org\/{rel}","templated":true}]}}