{"id":139,"date":"2020-01-27T12:20:55","date_gmt":"2020-01-27T11:20:55","guid":{"rendered":"http:\/\/www.bildungswerksport.de\/welt\/partnerschaft\/?page_id=139"},"modified":"2021-08-19T14:53:38","modified_gmt":"2021-08-19T12:53:38","slug":"mythen","status":"publish","type":"page","link":"https:\/\/www.bildungswerksport.de\/welt\/partnerschaft\/mythen\/","title":{"rendered":"Mythen und Wahrheiten"},"content":{"rendered":"<h3 style=\"text-align: center;\">Der 1. Mythos:<\/h3>\n<p style=\"text-align: center;\">Wir k\u00f6nnen in unserem Verein nicht viel bieten.<\/p>\n<p style=\"text-align: center;\">Uns fehlen die Ressourcen.<\/p>\n<p style=\"text-align: center;\">Und mit den gro\u00dfen angesagten Studios halten wir sowieso nicht mit.<\/p>\n<h3 style=\"text-align: center;\">Eine Wahrheit:<\/h3>\n<p style=\"text-align: center;\">Es braucht keine perfekten Angebote.<\/p>\n<p style=\"text-align: center;\">Es braucht keine perfekten Ressourcen. \u00dcbungsleiter*innen lassen sich qualifizieren<br \/>\nund Bewegungsr\u00e4ume lassen sich innen wie au\u00dfen finden.<\/p>\n<p style=\"text-align: center;\">Den Rest machen die Menschen selbst. Wie zum Beispiel in angesagten Studios auch.<\/p>\n<hr \/>\n<h3 style=\"text-align: center;\">Der 2. Mythos:<\/h3>\n<p style=\"text-align: center;\">Wir wissen gar nicht genau, was die Vereinsmitglieder und die Bev\u00f6lkerung wollen.<\/p>\n<p style=\"text-align: center;\">Und sie selbst wissen es oft auch nicht.<\/p>\n<h3 style=\"text-align: center;\">Eine Wahrheit:<\/h3>\n<p style=\"text-align: center;\">Die Vereinsmitglieder und die Bev\u00f6lkerung wissen sehr wohl genau und am besten, was sie wollen. Nicht alle vielleicht, aber die Engagierten.<\/p>\n<p style=\"text-align: center;\">Die muss man einladen.<br \/>\nUnd dann selbst machen lassen.<\/p>\n<p style=\"text-align: center;\">Zus\u00e4tzliche Informationen, \u00fcber Bed\u00fcrfnisse und Interessen innerhalb der Bev\u00f6lkerung, lassen sich ermitteln.<\/p>\n<hr \/>\n<h3 style=\"text-align: center;\">Der 3. Mythos:<\/h3>\n<p style=\"text-align: center;\">Die \u00dcbungsleiter*innen k\u00f6nnen doch mit Ressourcen, Verantwortung und Budgets gar nicht umgehen.<\/p>\n<p style=\"text-align: center;\">Das ist alles viel zu unsicher.<\/p>\n<h3 style=\"text-align: center;\">Eine Wahrheit:<\/h3>\n<p style=\"text-align: center;\">Die k\u00f6nnen mit Ressourcen, Verantwortung und Budgets umgehen, wenn man ihnen vertraut und sie unterst\u00fctzt.<\/p>\n<p style=\"text-align: center;\">Wagt man diesen Schritt nicht, ist nur eins sicher:<\/p>\n<p style=\"text-align: center;\"><strong>Die sind bald alle weg.<\/strong><\/p>\n<div class=\"page-content\">\n<div id=\"jetzt-starten\" class=\"cta-blue-section\" data-label=\"Jetzt starten\" data-id=\"cta-blue-section\" data-category=\"cta\">\n<div class=\"gridContainer\">\n<div class=\"flexbox-list flexbox-list-align-center row\">\n<div class=\"cta-blue-textcol dynamic-color\">\n<h2 class=\"cta-blue-text\" style=\"text-align: center;\"><b class=\"element2\">Starte jetzt mit deinem Verein.<\/b><\/h2>\n<\/div>\n<div class=\"cta-blue-btncol\" style=\"text-align: center;\"><a class=\"button big yellow dark-text\" href=\"..\/#contact-4\" target=\"_self\" rel=\"noopener noreferrer\"> Nimm Kontakt mit uns auf <\/a><\/div>\n<\/div>\n<\/div>\n<\/div>\n<\/div>\n","protected":false},"excerpt":{"rendered":"<p>Der 1. Mythos: Wir k\u00f6nnen in unserem Verein nicht viel bieten. Uns fehlen die Ressourcen. Und mit den gro\u00dfen angesagten Studios halten wir sowieso nicht mit. Eine Wahrheit: Es braucht keine perfekten Angebote. Es braucht keine perfekten Ressourcen. \u00dcbungsleiter*innen lassen sich qualifizieren und Bewegungsr\u00e4ume lassen sich innen wie au\u00dfen finden. Den Rest machen die Menschen&hellip; <br \/> <a class=\"button small blue\" href=\"https:\/\/www.bildungswerksport.de\/welt\/partnerschaft\/mythen\/\">Weiterlesen<\/a><\/p>\n","protected":false},"author":1,"featured_media":0,"parent":0,"menu_order":0,"comment_status":"closed","ping_status":"closed","template":"","meta":{"footnotes":""},"class_list":["post-139","page","type-page","status-publish","hentry"],"_links":{"self":[{"href":"https:\/\/www.bildungswerksport.de\/welt\/partnerschaft\/wp-json\/wp\/v2\/pages\/139","targetHints":{"allow":["GET"]}}],"collection":[{"href":"https:\/\/www.bildungswerksport.de\/welt\/partnerschaft\/wp-json\/wp\/v2\/pages"}],"about":[{"href":"https:\/\/www.bildungswerksport.de\/welt\/partnerschaft\/wp-json\/wp\/v2\/types\/page"}],"author":[{"embeddable":true,"href":"https:\/\/www.bildungswerksport.de\/welt\/partnerschaft\/wp-json\/wp\/v2\/users\/1"}],"replies":[{"embeddable":true,"href":"https:\/\/www.bildungswerksport.de\/welt\/partnerschaft\/wp-json\/wp\/v2\/comments?post=139"}],"version-history":[{"count":17,"href":"https:\/\/www.bildungswerksport.de\/welt\/partnerschaft\/wp-json\/wp\/v2\/pages\/139\/revisions"}],"predecessor-version":[{"id":350,"href":"https:\/\/www.bildungswerksport.de\/welt\/partnerschaft\/wp-json\/wp\/v2\/pages\/139\/revisions\/350"}],"wp:attachment":[{"href":"https:\/\/www.bildungswerksport.de\/welt\/partnerschaft\/wp-json\/wp\/v2\/media?parent=139"}],"curies":[{"name":"wp","href":"https:\/\/api.w.org\/{rel}","templated":true}]}}