{"id":719,"date":"2023-07-05T19:25:15","date_gmt":"2023-07-05T17:25:15","guid":{"rendered":"https:\/\/www.bildungswerksport.de\/welt\/partnerschaft\/?page_id=719"},"modified":"2025-09-11T09:51:20","modified_gmt":"2025-09-11T07:51:20","slug":"ki-beim-bildungswerk","status":"publish","type":"page","link":"https:\/\/www.bildungswerksport.de\/welt\/partnerschaft\/ki-beim-bildungswerk\/","title":{"rendered":"Bildungswerk Kursgenerator"},"content":{"rendered":"\n<h2 class=\"wp-block-heading\">Mit KI den Verein erfolgreich gestalten \u2013 smarte Tools f\u00fcr deine Arbeit<\/h2>\n\n\n\n<p>Neben unserem pers\u00f6nlichen Service wollen wir dich nat\u00fcrlich auch mit den neuesten Technologien bei deiner Arbeit im Verein unterst\u00fctzen. Daf\u00fcr haben wir sieben praktische Tools f\u00fcr dich entwickelt, die dich nicht nur bei der Erstellung ma\u00dfgeschneiderter Kurse unterst\u00fctzen, sondern auch bei vielen weiteren organisatorischen Aufgaben. Ob es um die Planung von Veranstaltungen, die Erstellung von Ausschreibungen, die Verwaltung von Teilnehmenden oder die Optimierung interner Prozesse geht \u2013 unsere KI-gest\u00fctzten L\u00f6sungen helfen dir, effizienter zu arbeiten und dich auf das Wesentliche zu konzentrieren. So bleibt mehr Zeit f\u00fcr das Miteinander im Verein. Und bei aller Technik: Unsere Mitarbeiter*innen stehen nat\u00fcrlich auch weiterhin mit Rat und Tat pers\u00f6nlich zur Seite und beraten zu allen Fragen rund um das Thema Weiterbildung und Vereinsorganisation.<\/p>\n\n\n\n<p>Suchst du dagegen eine Veranstaltung, an der du selbst im Rahmen einer Weiterbildung teilnehmen m\u00f6chtest, dann besuche bitte unseren Veranstaltungskatalog hier:&nbsp;<a href=\"https:\/\/www.bildungswerksport.de\/momentum\/katalog\/uebersicht.php\">https:\/\/www.bildungswerksport.de\/momentum\/katalog\/uebersicht.php<\/a><\/p>\n\n\n\n<div style=\"height:69px\" aria-hidden=\"true\" class=\"wp-block-spacer\"><\/div>\n\n\n\n<h3 class=\"wp-block-heading\">Acht innovative Optionen \u2013 Sechs Varianten plus zwei Extra-Tools!<\/h3>\n\n\n\n<div class=\"wp-block-columns alignwide is-layout-flex wp-container-core-columns-is-layout-829b1d53 wp-block-columns-is-layout-flex\" style=\"margin-bottom:0\">\n<div class=\"wp-block-column has-text-color has-background has-link-color wp-elements-639322afa7701d6b5ccdb2f86c37891b is-layout-flow wp-block-column-is-layout-flow\" style=\"color:#000000;background-color:#ffe97d;padding-top:2em;padding-right:2em;padding-bottom:2em;padding-left:2em\">\n<h2 class=\"wp-block-heading has-text-align-center\" id=\"\u00dcber-ein-Formular-zum-Ziel\" style=\"font-size:40px\"><strong>1.<\/strong><\/h2>\n\n\n\n<p class=\"has-text-align-center has-normal-font-size\" style=\"line-height:1.5;text-transform:uppercase\"><strong>\u00dcber ein Formular zum Ziel<\/strong><\/p>\n\n\n\n<hr class=\"wp-block-separator has-text-color has-css-opacity has-background is-style-wide\" style=\"background-color:#000000;color:#000000\"\/>\n\n\n\n<p class=\"has-normal-font-size\">Nutze verschiedene Felder und Men\u00fcs, um spezifische Informationen f\u00fcr deine Ausschreibung anzugeben.<\/p>\n\n\n\n<p class=\"has-normal-font-size\">Der Kursgenerator erstellt daraus automatisch eine passende Ausschreibung f\u00fcr deinen Kurs.<\/p>\n\n\n\n<div class=\"wp-block-buttons alignfull is-horizontal is-content-justification-center is-layout-flex wp-container-core-buttons-is-layout-499968f5 wp-block-buttons-is-layout-flex\">\n<div class=\"wp-block-button has-custom-width wp-block-button__width-100 is-style-outline is-style-outline--1\"><a class=\"wp-block-button__link has-text-color has-background has-link-color has-text-align-center wp-element-button\" href=\"https:\/\/www.bildungswerksport.de\/welt\/partnerschaft\/auschreibungstextgenerator\/\" style=\"color:#006a83;background-color:#cde8eb\"><strong>Jetzt starten<\/strong><\/a><\/div>\n<\/div>\n<\/div>\n\n\n\n<div class=\"wp-block-column has-text-color has-background has-link-color wp-elements-d462ed9ac8f12f395e0dc4dfa6303c2f is-layout-flow wp-block-column-is-layout-flow\" style=\"color:#000000;background-color:#d1d1e1;padding-top:2em;padding-right:2em;padding-bottom:2em;padding-left:2em\">\n<h2 class=\"wp-block-heading has-text-align-center\" id=\"Im-Dialog-zum-Kurskonzept\" style=\"font-size:40px\"><strong>2.<\/strong><\/h2>\n\n\n\n<p class=\"has-text-align-center has-normal-font-size\" style=\"line-height:1.5;text-transform:uppercase\"><strong>Im Dialog zum Kurskonzept<\/strong><\/p>\n\n\n\n<hr class=\"wp-block-separator has-css-opacity is-style-wide\"\/>\n\n\n\n<p class=\"has-normal-font-size\">In dieser Version f\u00fchrt dich ein KI-gesteuerter Dialog durch den Prozess der Kursgestaltung.<\/p>\n\n\n\n<p class=\"has-normal-font-size\">Unser Kursgenerator fragt nach relevanten Details und erstellt daraufhin die Kursausschreibung.<\/p>\n\n\n\n<div class=\"wp-block-buttons alignfull is-horizontal is-content-justification-center is-layout-flex wp-container-core-buttons-is-layout-499968f5 wp-block-buttons-is-layout-flex\">\n<div class=\"wp-block-button has-custom-width wp-block-button__width-100 is-style-outline is-style-outline--2\"><a class=\"wp-block-button__link has-text-color has-background has-link-color has-text-align-center wp-element-button\" href=\"https:\/\/www.bildungswerksport.de\/welt\/partnerschaft\/im-dialog-zum-kurskonzept\/\" style=\"color:#006a83;background-color:#cde8eb\"><strong>Jetzt starten<\/strong><\/a><\/div>\n<\/div>\n<\/div>\n\n\n\n<div class=\"wp-block-column has-text-color has-background has-link-color wp-elements-fca4d47bff0f033be602ec1f6fbb4f0e is-layout-flow wp-block-column-is-layout-flow\" style=\"color:#000000;background-color:#c0ebf1;padding-top:2em;padding-right:2em;padding-bottom:2em;padding-left:2em\">\n<h2 class=\"wp-block-heading has-text-align-center\" id=\"Freie-Texteingabe\" style=\"font-size:40px\"><strong>3.<\/strong><\/h2>\n\n\n\n<p class=\"has-text-align-center has-normal-font-size\" style=\"text-transform:uppercase\"><strong>Freie Texteingabe<\/strong><\/p>\n\n\n\n<hr class=\"wp-block-separator has-css-opacity is-style-wide\"\/>\n\n\n\n<p class=\"has-normal-font-size\">Gib Details wie Kursziele, Zielgruppe und spezielle Anforderungen ein oder formuliere eine beliebige Aufgabe.<\/p>\n\n\n\n<p class=\"has-normal-font-size\">Die KI in unserem Kursgenerator analysiert deine Eingabe und hilft dir bei der L\u00f6sung der Aufgabe.<\/p>\n\n\n\n<div class=\"wp-block-buttons alignfull is-horizontal is-content-justification-center is-layout-flex wp-container-core-buttons-is-layout-499968f5 wp-block-buttons-is-layout-flex\">\n<div class=\"wp-block-button has-custom-width wp-block-button__width-100 is-style-outline is-style-outline--3\"><a class=\"wp-block-button__link has-text-color has-background has-link-color has-text-align-center wp-element-button\" href=\"https:\/\/www.bildungswerksport.de\/welt\/partnerschaft\/variante-freie-texteingabe\" style=\"color:#006a83;background-color:#cde8eb\"><strong>Jetzt starten<\/strong><\/a><\/div>\n<\/div>\n<\/div>\n<\/div>\n\n\n\n<div style=\"height:15px\" aria-hidden=\"true\" class=\"wp-block-spacer\"><\/div>\n\n\n\n<div class=\"wp-block-columns alignwide is-layout-flex wp-container-core-columns-is-layout-829b1d53 wp-block-columns-is-layout-flex\" style=\"margin-bottom:0\">\n<div class=\"wp-block-column has-text-color has-background has-link-color wp-elements-26115e99e89eb31196a7653c0223e229 is-layout-flow wp-block-column-is-layout-flow\" style=\"color:#000000;background-color:#f7c0dd;padding-top:2em;padding-right:2em;padding-bottom:2em;padding-left:2em\">\n<h2 class=\"wp-block-heading has-text-align-center\" id=\"\u00dcber-ein-Formular-zum-Ziel\" style=\"font-size:40px\"><strong>4.<\/strong><\/h2>\n\n\n\n<p class=\"has-text-align-center has-normal-font-size\" style=\"line-height:1.5;text-transform:uppercase\"><strong>Der Bildgenerator<\/strong> (Update!)<\/p>\n\n\n\n<hr class=\"wp-block-separator has-text-color has-css-opacity has-background is-style-wide\" style=\"background-color:#000000;color:#000000\"\/>\n\n\n\n<p class=\"has-normal-font-size\">Beschreibe detailliert das gew\u00fcnschte Bild, einschlie\u00dflich Thema, Stil und spezifischer Elemente.<\/p>\n\n\n\n<p class=\"has-normal-font-size\">Die KI in unserem Kursgenerator analysiert deine Eingabe und kreiert basierend darauf ein einzigartiges Bild.<\/p>\n\n\n\n<div class=\"wp-block-buttons alignfull is-horizontal is-content-justification-center is-layout-flex wp-container-core-buttons-is-layout-499968f5 wp-block-buttons-is-layout-flex\">\n<div class=\"wp-block-button has-custom-width wp-block-button__width-100 is-style-outline is-style-outline--4\"><a class=\"wp-block-button__link has-text-color has-background has-link-color has-text-align-center wp-element-button\" href=\"https:\/\/www.bildungswerksport.de\/welt\/partnerschaft\/bildgenerator\/\" style=\"color:#006a83;background-color:#cde8eb\"><strong>Jetzt starten<\/strong><\/a><\/div>\n<\/div>\n<\/div>\n\n\n\n<div class=\"wp-block-column has-text-color has-background has-link-color wp-elements-a24ea1f0284e9779e64cbbd8f9c11fdb is-layout-flow wp-block-column-is-layout-flow\" style=\"color:#000000;background-color:#e08b35;padding-top:2em;padding-right:2em;padding-bottom:2em;padding-left:2em\">\n<h2 class=\"wp-block-heading has-text-align-center\" id=\"Freie-Texteingabe\" style=\"font-size:40px\"><strong>5.<\/strong><\/h2>\n\n\n\n<p class=\"has-text-align-center has-normal-font-size\" style=\"text-transform:uppercase\"><strong>Hashtag-Generator<\/strong><\/p>\n\n\n\n<hr class=\"wp-block-separator has-css-opacity is-style-wide\"\/>\n\n\n\n<p class=\"has-normal-font-size\">Der KI-gest\u00fctzte Hashtag-Generator f\u00fcr Social Media hilft dir, relevante Hashtags  zu generieren.<\/p>\n\n\n\n<p class=\"has-normal-font-size\">Der Generator ist besonders f\u00fcr Posts im Bereich Bildung, Marketing und Networking geeignet.<\/p>\n\n\n\n<div class=\"wp-block-buttons alignfull is-horizontal is-content-justification-center is-layout-flex wp-container-core-buttons-is-layout-499968f5 wp-block-buttons-is-layout-flex\">\n<div class=\"wp-block-button has-custom-width wp-block-button__width-100 is-style-outline is-style-outline--5\"><a class=\"wp-block-button__link has-text-color has-background has-link-color has-text-align-center wp-element-button\" href=\"https:\/\/www.bildungswerksport.de\/welt\/partnerschaft\/hashtag-generator-fuer-social-media\/\" style=\"color:#006a83;background-color:#cde8eb\"><strong>Jetzt starten<\/strong><\/a><\/div>\n<\/div>\n<\/div>\n\n\n\n<div class=\"wp-block-column has-text-color has-background has-link-color wp-elements-61971905c8dbc38da07acb4c7040ee24 is-layout-flow wp-block-column-is-layout-flow\" style=\"color:#000000;background-color:#a6caee;padding-top:2em;padding-right:2em;padding-bottom:2em;padding-left:2em\">\n<h2 class=\"wp-block-heading has-text-align-center\" id=\"Freie-Texteingabe\" style=\"font-size:40px\"><strong>6.<\/strong><\/h2>\n\n\n\n<p class=\"has-text-align-center has-normal-font-size\" style=\"line-height:1.5;text-transform:uppercase\"><strong>ABC der Weiterbildung<\/strong><\/p>\n\n\n\n<hr class=\"wp-block-separator has-css-opacity is-style-wide\"\/>\n\n\n\n<p class=\"has-normal-font-size\">Hier kannst du im Detail das WBG, die WBGDVO und die Handreichung (ABC der Weiterbildung) befragen.<\/p>\n\n\n\n<p class=\"has-normal-font-size\">Unsere KI analysiert deine Eingabe und gibt dir auf Basis offizieller Texte eine kompetente Antwort.<\/p>\n\n\n\n<div class=\"wp-block-buttons alignfull is-horizontal is-content-justification-center is-layout-flex wp-container-core-buttons-is-layout-499968f5 wp-block-buttons-is-layout-flex\">\n<div class=\"wp-block-button has-custom-width wp-block-button__width-100 is-style-outline is-style-outline--6\"><a class=\"wp-block-button__link has-text-color has-background has-link-color has-text-align-center wp-element-button\" href=\"https:\/\/www.bildungswerksport.de\/welt\/partnerschaft\/unterstuetzung-rund-um-wbg-wbgdvo-und-abc-der-weiterbildung\" style=\"color:#006a83;background-color:#cde8eb\"><strong>Jetzt starten<\/strong><\/a><\/div>\n<\/div>\n<\/div>\n<\/div>\n\n\n\n<div style=\"height:100px\" aria-hidden=\"true\" class=\"wp-block-spacer\"><\/div>\n\n\n\n<h2 class=\"wp-block-heading\">Hilfreiche Tools<\/h2>\n\n\n\n<div class=\"wp-block-columns alignwide is-layout-flex wp-container-core-columns-is-layout-829b1d53 wp-block-columns-is-layout-flex\" style=\"margin-bottom:0\">\n<div class=\"wp-block-column has-text-color has-background has-link-color wp-elements-fac48c6dae2ed894a396345e6e45139a is-layout-flow wp-block-column-is-layout-flow\" style=\"color:#000000;background-color:#a3b6d0;padding-top:2em;padding-right:2em;padding-bottom:2em;padding-left:2em\">\n<h2 class=\"wp-block-heading has-text-align-center\" id=\"Im-Dialog-zum-Kurskonzept\" style=\"font-size:40px\"><strong>7.<\/strong><\/h2>\n\n\n\n<p class=\"has-text-align-center has-normal-font-size\" style=\"line-height:1.5;text-transform:uppercase\"><strong>Der Promptgenerator<\/strong><\/p>\n\n\n\n<hr class=\"wp-block-separator has-css-opacity is-style-wide\"\/>\n\n\n\n<p class=\"has-normal-font-size\">Verwende den Prompt-Generator, um pr\u00e4zise Prompts f\u00fcr unseren Kursgenerator zu erstellen.<\/p>\n\n\n\n<p class=\"has-normal-font-size\"> Du musst dich dabei nicht an jede Einzelheit erinnern, die Plattform hilft dir, den perfekten Prompt zu formulieren.<\/p>\n\n\n\n<div class=\"wp-block-buttons alignfull is-horizontal is-content-justification-center is-layout-flex wp-container-core-buttons-is-layout-499968f5 wp-block-buttons-is-layout-flex\">\n<div class=\"wp-block-button has-custom-width wp-block-button__width-100 is-style-outline is-style-outline--7\"><a class=\"wp-block-button__link has-text-color has-background has-link-color has-text-align-center wp-element-button\" href=\"https:\/\/www.bildungswerksport.de\/welt\/partnerschaft\/promptgenerator\/\" style=\"color:#006a83;background-color:#cde8eb\"><strong>Jetzt starten<\/strong><\/a><\/div>\n<\/div>\n<\/div>\n\n\n\n<div class=\"wp-block-column has-text-color has-background has-link-color wp-elements-232413d50b6eaa043d6502206651cf90 is-layout-flow wp-block-column-is-layout-flow\" style=\"color:#000000;background-color:#a3b6d0;padding-top:2em;padding-right:2em;padding-bottom:2em;padding-left:2em\">\n<h2 class=\"wp-block-heading has-text-align-center\" id=\"Im-Dialog-zum-Kurskonzept\" style=\"font-size:40px\"><strong>8.<\/strong> <em>neu!<\/em><\/h2>\n\n\n\n<p class=\"has-text-align-center has-normal-font-size\" style=\"line-height:1.5;text-transform:uppercase\"><strong>QR-Code-generator<\/strong><\/p>\n\n\n\n<hr class=\"wp-block-separator has-css-opacity is-style-wide\"\/>\n\n\n\n<p class=\"has-normal-font-size\">Vertraue uns &#8211; und nutze jetzt unser Tool um im Handumdrehen QR-Codes f\u00fcr deine Links zu erstellen.<\/p>\n\n\n\n<p class=\"has-normal-font-size\">Die Erzeugung ist kinderleicht, l\u00e4uft direkt \u00fcber unsere Server und deine Daten werden nicht an Dritte weitergegeben.<\/p>\n\n\n\n<div class=\"wp-block-buttons alignfull is-horizontal is-content-justification-center is-layout-flex wp-container-core-buttons-is-layout-499968f5 wp-block-buttons-is-layout-flex\">\n<div class=\"wp-block-button has-custom-width wp-block-button__width-100 is-style-outline is-style-outline--8\"><a class=\"wp-block-button__link has-text-color has-background has-link-color has-text-align-center wp-element-button\" href=\"https:\/\/www.bildungswerksport.de\/welt\/partnerschaft\/qr-code-generator\/\" style=\"color:#006a83;background-color:#cde8eb\"><strong>Jetzt starten<\/strong><\/a><\/div>\n<\/div>\n<\/div>\n\n\n\n<div class=\"wp-block-column has-text-color has-background has-link-color wp-elements-d8050e0360e391fc2ae8db4adf23426f is-layout-flow wp-block-column-is-layout-flow\" style=\"color:#000000;background-color:#00c563;padding-top:2em;padding-right:2em;padding-bottom:2em;padding-left:2em\">\n<h2 class=\"wp-block-heading has-text-align-center\" id=\"Freie-Texteingabe\" style=\"font-size:40px\"><strong>?<\/strong><\/h2>\n\n\n\n<p class=\"has-text-align-center has-normal-font-size\" style=\"text-transform:uppercase\"><strong>Die Zukunft<\/strong><\/p>\n\n\n\n<hr class=\"wp-block-separator has-css-opacity is-style-wide\"\/>\n\n\n\n<p class=\"has-normal-font-size\">Der Kursgenerator wird kontinuierlich weiterentwickelt. Sei gespannt auf die Innovationen, die wir in Zukunft f\u00fcr dich bereithalten.<\/p>\n<\/div>\n<\/div>\n\n\n\n<div style=\"height:100px\" aria-hidden=\"true\" class=\"wp-block-spacer\"><\/div>\n\n\n\n<h3 class=\"wp-block-heading\">Lass dich von unserer Reihe &#8220;45 Minuten KI f\u00fcr deinen Sportverein&#8221; inspirieren&#8230;<\/h3>\n\n\n\n<div class=\"wp-block-cover alignfull wp-duotone-rgb4448102-ffb23d-9\" style=\"margin-top:0;padding-top:4vw;padding-right:4vw;padding-bottom:4vw;padding-left:4vw;min-height:50vh;aspect-ratio:unset;\"><img decoding=\"async\" class=\"wp-block-cover__image-background wp-image-334\" alt=\"\" src=\"https:\/\/pd.w.org\/2022\/01\/2661f82cd1ba9172.16386413.jpg\" data-object-fit=\"cover\"\/><span aria-hidden=\"true\" class=\"wp-block-cover__background has-background-dim-90 has-background-dim\" style=\"background-color:#2c3066\"><\/span><div class=\"wp-block-cover__inner-container is-layout-flow wp-block-cover-is-layout-flow\">\n<div class=\"wp-block-group\"><div class=\"wp-block-group__inner-container is-layout-flow wp-block-group-is-layout-flow\">\n<p class=\"has-text-align-center has-text-color\" style=\"color:#ffb23d;font-size:3em;font-style:normal;font-weight:700;letter-spacing:-2px;line-height:0.9;text-transform:uppercase\">45 MInuten KI<br>f\u00fcr deinen Sportverein<\/p>\n\n\n\n<div style=\"height:48px\" aria-hidden=\"true\" class=\"wp-block-spacer\"><\/div>\n\n\n\n<div class=\"wp-block-buttons is-content-justification-center is-layout-flex wp-container-core-buttons-is-layout-16018d1d wp-block-buttons-is-layout-flex\">\n<div class=\"wp-block-button\"><a class=\"wp-block-button__link has-text-color has-background has-custom-font-size wp-element-button\" href=\"https:\/\/vimeo.com\/showcase\/11869378?share=copy\" style=\"color:#2c3066;background-color:#ffb23d;padding-top:32px;padding-right:48px;padding-bottom:32px;padding-left:48px;font-size:20px;font-style:normal;font-weight:700;letter-spacing:1px;text-transform:uppercase\" target=\"_blank\" rel=\"noreferrer noopener\">Hier geht es zu allen Videos der Reihe&#8230;<\/a><\/div>\n<\/div>\n<\/div><\/div>\n<\/div><\/div>\n\n\n\n<div style='padding:56.25% 0 0 0;position:relative;'><iframe src='https:\/\/vimeo.com\/showcase\/11869378\/embed2' allowfullscreen frameborder='0' style='position:absolute;top:0;left:0;width:100%;height:100%;'><\/iframe><\/div>\n\n\n\n<p><\/p>\n","protected":false},"excerpt":{"rendered":"<p>Mit KI den Verein erfolgreich gestalten \u2013 smarte Tools f\u00fcr deine Arbeit Neben unserem pers\u00f6nlichen Service wollen wir dich nat\u00fcrlich auch mit den neuesten Technologien bei deiner Arbeit im Verein unterst\u00fctzen. Daf\u00fcr haben wir sieben praktische Tools f\u00fcr dich entwickelt, die dich nicht nur bei der Erstellung ma\u00dfgeschneiderter Kurse unterst\u00fctzen, sondern auch bei vielen weiteren&hellip; <br \/> <a class=\"button small blue\" href=\"https:\/\/www.bildungswerksport.de\/welt\/partnerschaft\/ki-beim-bildungswerk\/\">Weiterlesen<\/a><\/p>\n","protected":false},"author":1,"featured_media":0,"parent":0,"menu_order":0,"comment_status":"closed","ping_status":"closed","template":"","meta":{"footnotes":""},"class_list":["post-719","page","type-page","status-publish","hentry"],"_links":{"self":[{"href":"https:\/\/www.bildungswerksport.de\/welt\/partnerschaft\/wp-json\/wp\/v2\/pages\/719","targetHints":{"allow":["GET"]}}],"collection":[{"href":"https:\/\/www.bildungswerksport.de\/welt\/partnerschaft\/wp-json\/wp\/v2\/pages"}],"about":[{"href":"https:\/\/www.bildungswerksport.de\/welt\/partnerschaft\/wp-json\/wp\/v2\/types\/page"}],"author":[{"embeddable":true,"href":"https:\/\/www.bildungswerksport.de\/welt\/partnerschaft\/wp-json\/wp\/v2\/users\/1"}],"replies":[{"embeddable":true,"href":"https:\/\/www.bildungswerksport.de\/welt\/partnerschaft\/wp-json\/wp\/v2\/comments?post=719"}],"version-history":[{"count":88,"href":"https:\/\/www.bildungswerksport.de\/welt\/partnerschaft\/wp-json\/wp\/v2\/pages\/719\/revisions"}],"predecessor-version":[{"id":1286,"href":"https:\/\/www.bildungswerksport.de\/welt\/partnerschaft\/wp-json\/wp\/v2\/pages\/719\/revisions\/1286"}],"wp:attachment":[{"href":"https:\/\/www.bildungswerksport.de\/welt\/partnerschaft\/wp-json\/wp\/v2\/media?parent=719"}],"curies":[{"name":"wp","href":"https:\/\/api.w.org\/{rel}","templated":true}]}}