{"id":834,"date":"2023-07-29T13:22:44","date_gmt":"2023-07-29T11:22:44","guid":{"rendered":"https:\/\/www.bildungswerksport.de\/welt\/partnerschaft\/?page_id=834"},"modified":"2025-04-13T10:21:45","modified_gmt":"2025-04-13T08:21:45","slug":"im-dialog-zum-kurskonzept","status":"publish","type":"page","link":"https:\/\/www.bildungswerksport.de\/welt\/partnerschaft\/im-dialog-zum-kurskonzept\/","title":{"rendered":"Im Dialog zum Kurskonzept"},"content":{"rendered":"\n<h3 class=\"wp-block-heading\">Im Dialog zum Kurskonzept<\/h3>\n\n\n\n<p>Nutze unseren Kursgenerator zur Erstellung der Ausschreibungen f\u00fcr deine Weiterbildungsveranstaltungen. Und nicht vergessen, melde uns deine Veranstaltungen.&nbsp;Denn wir f\u00f6rdern deine wertvollen Bildungsinitiativen noch zus\u00e4tzlich. Die F\u00f6rderung bietet zahlreiche Vorteile, die eure Weiterbildungsarbeit nachhaltig unterst\u00fctzen \u2013 nicht nur finanziell.<\/p>\n\n\n\n<p>Bevor du startest, kannst du dich hier \u00fcber unsere <a href=\"https:\/\/www.bildungswerksport.de\/welt\/datenschutz\/\" target=\"_blank\" rel=\"noreferrer noopener\">Datenschutzerkl\u00e4rung <\/a>informieren.<\/p>\n\n\n\n<p>Du wirst von unserem Tool durch einen Dialog gef\u00fchrt. Beantworte die Fragen so gut wie m\u00f6glich.<em>&nbsp;<\/em>Unser KI-Algorithmus wird deine Texteingaben analysieren und auf dieser Basis eine passende Kursausschreibung generieren.&nbsp;Gerne kannst du den generierten Text im Anschluss auch mit unseren Expertinnen und Experten besprechen.<\/p>\n\n\n\n<div style=\"height:50px\" aria-hidden=\"true\" class=\"wp-block-spacer\"><\/div>\n\n\n\n<pre class=\"wp-block-preformatted\"><div class='mwai-chatbot-container' data-params='{&quot;aiName&quot;:&quot;Kursgenerator&quot;,&quot;userName&quot;:&quot;Du&quot;,&quot;guestName&quot;:&quot;Du:&quot;,&quot;textSend&quot;:&quot;Absenden&quot;,&quot;textClear&quot;:&quot;L\\u00f6schen&quot;,&quot;imageUpload&quot;:true,&quot;fileUpload&quot;:true,&quot;multiUpload&quot;:false,&quot;maxUploads&quot;:1,&quot;fileUploads&quot;:1,&quot;mode&quot;:&quot;chat&quot;,&quot;textInputPlaceholder&quot;:&quot;Schreibe hier deine Anfrage rein...&quot;,&quot;textInputMaxLength&quot;:2048,&quot;textCompliance&quot;:&quot;&quot;,&quot;startSentence&quot;:&quot;Hallo, zu welchem Thema m\\u00f6chtest du eine Veranstaltung durchf\\u00fchren?&quot;,&quot;localMemory&quot;:false,&quot;themeId&quot;:&quot;chatgpt&quot;,&quot;window&quot;:false,&quot;icon&quot;:&quot;&quot;,&quot;iconText&quot;:&quot;&quot;,&quot;iconTextDelay&quot;:1,&quot;iconAlt&quot;:&quot;AI Chatbot Avatar&quot;,&quot;iconPosition&quot;:&quot;bottom-right&quot;,&quot;centerOpen&quot;:false,&quot;width&quot;:&quot;&quot;,&quot;openDelay&quot;:&quot;&quot;,&quot;iconBubble&quot;:false,&quot;windowAnimation&quot;:&quot;zoom&quot;,&quot;fullscreen&quot;:false,&quot;copyButton&quot;:true,&quot;headerSubtitle&quot;:&quot;Discuss with&quot;,&quot;containerType&quot;:&quot;standard&quot;,&quot;headerType&quot;:&quot;standard&quot;,&quot;messagesType&quot;:&quot;standard&quot;,&quot;inputType&quot;:&quot;standard&quot;,&quot;footerType&quot;:&quot;standard&quot;}' data-system='{&quot;botId&quot;:&quot;default&quot;,&quot;customId&quot;:&quot;bad8c09122b2f2638da6b01a5e1b2810&quot;,&quot;userData&quot;:null,&quot;sessionId&quot;:&quot;69e7a49ae7d63&quot;,&quot;restNonce&quot;:null,&quot;contextId&quot;:834,&quot;pluginUrl&quot;:&quot;https:\\\/\\\/www.bildungswerksport.de\\\/welt\\\/wp-content\\\/plugins\\\/ai-engine-pro\\\/&quot;,&quot;restUrl&quot;:&quot;https:\\\/\\\/www.bildungswerksport.de\\\/welt\\\/partnerschaft\\\/wp-json&quot;,&quot;stream&quot;:true,&quot;debugMode&quot;:true,&quot;eventLogs&quot;:false,&quot;speech_recognition&quot;:true,&quot;speech_synthesis&quot;:false,&quot;typewriter&quot;:false,&quot;crossSite&quot;:false,&quot;actions&quot;:[],&quot;blocks&quot;:[],&quot;shortcuts&quot;:[]}' data-theme='{&quot;type&quot;:&quot;internal&quot;,&quot;name&quot;:&quot;ChatGPT&quot;,&quot;themeId&quot;:&quot;chatgpt&quot;,&quot;settings&quot;:{&quot;fontColor&quot;:&quot;#ffffff&quot;,&quot;backgroundPrimaryColor&quot;:&quot;#0079ad&quot;,&quot;backgroundSecondaryColor&quot;:&quot;#004494&quot;,&quot;fontSize&quot;:&quot;18px&quot;,&quot;backgroundHeaderColor&quot;:&quot;#ffffff&quot;,&quot;headerButtonsColor&quot;:&quot;#000000&quot;},&quot;style&quot;:&quot;&quot;,&quot;cssUrl&quot;:&quot;https:\\\/\\\/www.bildungswerksport.de\\\/welt\\\/wp-content\\\/plugins\\\/ai-engine-pro\\\/themes\\\/chatgpt.css&quot;}'><\/div><\/pre>\n","protected":false},"excerpt":{"rendered":"<p>Im Dialog zum Kurskonzept Nutze unseren Kursgenerator zur Erstellung der Ausschreibungen f\u00fcr deine Weiterbildungsveranstaltungen. Und nicht vergessen, melde uns deine Veranstaltungen.&nbsp;Denn wir f\u00f6rdern deine wertvollen Bildungsinitiativen noch zus\u00e4tzlich. Die F\u00f6rderung bietet zahlreiche Vorteile, die eure Weiterbildungsarbeit nachhaltig unterst\u00fctzen \u2013 nicht nur finanziell. Bevor du startest, kannst du dich hier \u00fcber unsere Datenschutzerkl\u00e4rung informieren. Du wirst&hellip; <br \/> <a class=\"button small blue\" href=\"https:\/\/www.bildungswerksport.de\/welt\/partnerschaft\/im-dialog-zum-kurskonzept\/\">Weiterlesen<\/a><\/p>\n","protected":false},"author":1,"featured_media":0,"parent":0,"menu_order":0,"comment_status":"closed","ping_status":"closed","template":"","meta":{"footnotes":""},"class_list":["post-834","page","type-page","status-publish","hentry"],"_links":{"self":[{"href":"https:\/\/www.bildungswerksport.de\/welt\/partnerschaft\/wp-json\/wp\/v2\/pages\/834","targetHints":{"allow":["GET"]}}],"collection":[{"href":"https:\/\/www.bildungswerksport.de\/welt\/partnerschaft\/wp-json\/wp\/v2\/pages"}],"about":[{"href":"https:\/\/www.bildungswerksport.de\/welt\/partnerschaft\/wp-json\/wp\/v2\/types\/page"}],"author":[{"embeddable":true,"href":"https:\/\/www.bildungswerksport.de\/welt\/partnerschaft\/wp-json\/wp\/v2\/users\/1"}],"replies":[{"embeddable":true,"href":"https:\/\/www.bildungswerksport.de\/welt\/partnerschaft\/wp-json\/wp\/v2\/comments?post=834"}],"version-history":[{"count":33,"href":"https:\/\/www.bildungswerksport.de\/welt\/partnerschaft\/wp-json\/wp\/v2\/pages\/834\/revisions"}],"predecessor-version":[{"id":1226,"href":"https:\/\/www.bildungswerksport.de\/welt\/partnerschaft\/wp-json\/wp\/v2\/pages\/834\/revisions\/1226"}],"wp:attachment":[{"href":"https:\/\/www.bildungswerksport.de\/welt\/partnerschaft\/wp-json\/wp\/v2\/media?parent=834"}],"curies":[{"name":"wp","href":"https:\/\/api.w.org\/{rel}","templated":true}]}}