{"id":944,"date":"2023-10-09T17:39:06","date_gmt":"2023-10-09T15:39:06","guid":{"rendered":"https:\/\/www.bildungswerksport.de\/welt\/partnerschaft\/?page_id=944"},"modified":"2024-04-17T08:36:16","modified_gmt":"2024-04-17T06:36:16","slug":"promptgenerator","status":"publish","type":"page","link":"https:\/\/www.bildungswerksport.de\/welt\/partnerschaft\/promptgenerator\/","title":{"rendered":"Prompt-Generator"},"content":{"rendered":"\n<h3 class=\"wp-block-heading\">Prompt-Generator<\/h3>\n\n\n\n<script>\r\nasync function inZwischenablageKopieren(text) {\r\n    try {\r\n        await navigator.clipboard.writeText(text);\r\n        alert('Dein Prompt wurde erfolgreich in die Zwischenablage kopiert!');\r\n    } catch (err) {\r\n        console.error('Fehler beim Kopieren in die Zwischenablage:', err);\r\n\t\talert('FEHLER: Dein Prompt konnte leider nicht in die Zwischenablage kopiert werden!');\r\n    }\r\n}\r\n\r\nfunction prompt(){\r\n\taufgabe = \"Aufgabe: \" + document.getElementById(\"wpforms-712-field_1\").value;\r\n\taufgabe = aufgabe + \"\\nThema: \" + document.getElementById(\"wpforms-712-field_2\").value;\r\n\taufgabe = aufgabe + \"\\nStil: \" + document.getElementById(\"wpforms-712-field_3\").value;\r\n\taufgabe = aufgabe + \"\\nTon: \" + document.getElementById(\"wpforms-712-field_4\").value;\r\n\taufgabe = aufgabe + \"\\nZielgruppe: \" + document.getElementById(\"wpforms-712-field_5\").value;\r\n\taufgabe = aufgabe + \"\\nL\u00e4nge: \" + document.getElementById(\"wpforms-712-field_6\").value;\r\n\tinZwischenablageKopieren(aufgabe);\t\r\n}\r\n<\/script>\r\n<div id=\"post-712\" class=\"post-712 wpforms type-wpforms status-publish hentry\">\r\n\t<div>\r\n\t\t<div class=\"wpforms-container wpforms-container-full\" id=\"wpforms-712\">\r\n\t\t\t<form id=\"wpforms-form-712\" class=\"wpforms-validate wpforms-form\">\r\n\t\t\t\t<div class=\"wpforms-field-container\">\r\n\t\t\t\t\t<div id=\"wpforms-712-field_8-container\" class=\"wpforms-field wpforms-field-html\" data-field-id=\"8\">\r\n\t\t\t\t\t\t<div id=\"wpforms-712-field_8\">Wie wir an verschiedenen Stellen regelm\u00e4\u00dfig erl\u00e4utern, liegt der Schl\u00fcssel f\u00fcr eine gute Antwort unseres KI-gest\u00fctzten Kursgenerators darin, sehr spezifisch bei der Formulierung des Prompts zu sein. Du musst dich jedoch nicht an alle wichtigen Informationen erinnern. Verwende einfach unseren Prompt-Generator, um den perfekten Prompt zu erstellen:<\/div>\r\n\t\t\t\t\t<\/div>\r\n\t\t\t\t\t<div id=\"wpforms-712-field_1-container\" class=\"wpforms-field wpforms-field-text\" data-field-id=\"1\">\r\n\t\t\t\t\t\t<label class=\"wpforms-field-label\" for=\"wpforms-712-field_1\">Aufgabe<\/label>\r\n\t\t\t\t\t\t<input type=\"text\" id=\"wpforms-712-field_1\" class=\"wpforms-field-medium\" name=\"wpforms[fields][1]\" placeholder=\"Gib eine Aufgabe ein oder w\u00e4hle aus der Liste\" list=\"aufgaben\" \/>\r\n\t\t\t\t\t\t<datalist id=\"aufgaben\">\r\n\t\t\t\t\t\t\t<option>Schreibe einen Blogbeitrag zum [Thema]<\/option>\r\n\t\t\t\t\t\t\t<option>Erstelle zehn aufeinander aufbauende Facebook Stories zum [Thema].<\/option>\r\n\t\t\t\t\t\t\t<option>Erstelle f\u00fcnf Slogans zum [Thema].<\/option>\r\n\t\t\t\t\t\t\t<option>Erstelle f\u00fcnf Youtube-Titel zum [Thema].<\/option>\r\n\t\t\t\t\t\t\t<option>Fasse den folgenden Text in 3 Abs\u00e4tzen zusammen<\/option>\r\n\t\t\t\t\t\t\t<option>Generiere ein Lehrmaterial \u00fcber das Thema [Thema]<\/option>\r\n\t\t\t\t\t\t\t<option>Erstelle einen personalisierten Lernplan basierend auf meinen aktuellen F\u00e4higkeiten und Interessen.<\/option>\r\n\t\t\t\t\t\t\t<option>Hilf mir, einen Aufsatz \u00fcber [Thema] zu schreiben.<\/option>\r\n\t\t\t\t\t\t\t<option>Fasse den folgenden Artikel zusammen.<\/option>\r\n\t\t\t\t\t\t\t<option>Gib mir eine \u00dcbung, um meine Aussprache in [Fremdsprache] zu verbessern.<\/option>\r\n\t\t\t\t\t\t\t<option>Erstelle f\u00fcnf mathematische \u00dcbungen im Bereich [Mathematikthema]<\/option>\r\n\t\t\t\t\t\t\t<option>Fragen Sie den Chatbot nach Erkl\u00e4rungen zum [Thema].<\/option>\r\n\t\t\t\t\t\t\t<option>Simuliere eine Unterhaltung zum [Thema] mit einem virtuellen Partner.<\/option>\r\n\t\t\t\t\t\t\t<option>Generiere zehn Multiple-Choice-Fragen zum [Thema] f\u00fcr einen Test.<\/option>\r\n\t\t\t\t\t\t\t<option>Schreibe eine kurze Geschichte \u00fcber [Thema].<\/option>\r\n\t\t\t\t\t\t\t<option>Empfehle mir Lernressourcen f\u00fcr [Thema].<\/option>\r\n\t\t\t\t\t\t\t<option>Entwickle ein interaktives Quizspiel zu [Thema].<\/option>\r\n\t\t\t\t\t\t\t<option>Voraussagen, in welchen Bereichen ich beim Lernen zu [Thema] Schwierigkeiten haben k\u00f6nnte.<\/option>\r\n\t\t\t\t\t\t\t<option>Erstelle eine Pr\u00e4sentation \u00fcber [Thema] mit passenden Folien.<\/option>\r\n\t\t\t\t\t\t\t<option>Simuliere eine soziale Interaktionssituation zum [Thema], um soziale F\u00e4higkeiten zu \u00fcben.<\/option>\r\n\t\t\t\t\t\t\t<option>Erstelle ein Lernprotokoll meiner Aktivit\u00e4ten und Fortschritte zum [Thema]<\/option>\r\n\t\t\t\t\t\t\t<option>Hilf mir, kreative Ideen f\u00fcr ein Projekt zum [Thema] zu entwickeln.<\/option>\r\n\t\t\t\t\t\t\t<option>Erstelle einen virtuellen Mentor, der mir bei [Thema] hilft.<\/option>\r\n\t\t\t\t\t\t\t<option>Erstelle eine realistische Simulation f\u00fcr [Thema].<\/option>\r\n\t\t\t\t\t\t<\/datalist>\r\n\t\t\t\t\t<\/div>\r\n\t\t\t\t\t<div id=\"wpforms-712-field_2-container\" class=\"wpforms-field wpforms-field-text\" data-field-id=\"2\">\r\n\t\t\t\t\t\t<label class=\"wpforms-field-label\" for=\"wpforms-712-field_2\">Thema<\/label>\r\n\t\t\t\t\t\t<input type=\"text\" id=\"wpforms-712-field_2\" class=\"wpforms-field-medium\" name=\"wpforms[fields][2]\" placeholder=\"Gib das Thema ein\">\r\n\t\t\t\t\t<\/div>\r\n\t\t\t\t\t<div id=\"wpforms-712-field_3-container\" class=\"wpforms-field wpforms-field-text\" data-field-id=\"3\">\r\n\t\t\t\t\t\t<label class=\"wpforms-field-label\" for=\"wpforms-712-field_3\">Stil<\/label>\r\n\t\t\t\t\t\t<input type=\"text\" id=\"wpforms-712-field_3\" class=\"wpforms-field-medium\" name=\"wpforms[fields][3]\" placeholder=\"Gib einen Stil an oder w\u00e4hle einen aus der Liste\" list=\"stil\">\r\n\t\t\t\t\t\t<datalist id=\"stil\">\r\n\t\t\t\t\t\t\t<option>akademisch<\/option>\r\n\t\t\t\t\t\t\t<option>beschreibend<\/option>\r\n\t\t\t\t\t\t\t<option>emotional<\/option>\r\n\t\t\t\t\t\t\t<option>erkl\u00e4rend<\/option>\r\n\t\t\t\t\t\t\t<option>erz\u00e4hlend<\/option>\r\n\t\t\t\t\t\t\t<option>formell<\/option>\r\n\t\t\t\t\t\t\t<option>gesch\u00e4ftlich<\/option>\r\n\t\t\t\t\t\t\t<option>gesetzlich<\/option>\r\n\t\t\t\t\t\t\t<option>informell<\/option>\r\n\t\t\t\t\t\t\t<option>kreativ<\/option>\r\n\t\t\t\t\t\t\t<option>l\u00e4ssig<\/option>\r\n\t\t\t\t\t\t\t<option>medizinisch<\/option>\r\n\t\t\t\t\t\t\t<option>poetisch<\/option>\r\n\t\t\t\t\t\t\t<option>technisch<\/option>\r\n\t\t\t\t\t\t\t<option>\u00fcberzeugend<\/option>\r\n\t\t\t\t\t\t<\/datalist>\r\n\t\t\t\t\t<\/div>\r\n\t\t\t\t\t<div id=\"wpforms-712-field_4-container\" class=\"wpforms-field wpforms-field-text\" data-field-id=\"4\">\r\n\t\t\t\t\t\t<label class=\"wpforms-field-label\" for=\"wpforms-712-field_4\">Tonart<\/label>\r\n\t\t\t\t\t\t<input type=\"text\" id=\"wpforms-712-field_4\" class=\"wpforms-field-medium\" name=\"wpforms[fields][4]\" placeholder=\"Gib eine Tonart an oder w\u00e4hle eine aus der Liste\" list=\"ton\">\r\n\t\t\t\t\t\t<datalist id=\"ton\">\r\n\t\t\t\t\t\t\t<option>aufgeregt<\/option>\r\n\t\t\t\t\t\t\t<option>besorgt<\/option>\r\n\t\t\t\t\t\t\t<option>durchsetzungsf\u00e4hig<\/option>\r\n\t\t\t\t\t\t\t<option>einf\u00fchlsam<\/option>\r\n\t\t\t\t\t\t\t<option>enthusiastisch<\/option>\r\n\t\t\t\t\t\t\t<option>ermutigend<\/option>\r\n\t\t\t\t\t\t\t<option>ernst<\/option>\r\n\t\t\t\t\t\t\t<option>freundlich<\/option>\r\n\t\t\t\t\t\t\t<option>fr\u00f6hlich<\/option>\r\n\t\t\t\t\t\t\t<option>kooperativ<\/option>\r\n\t\t\t\t\t\t\t<option>lustig<\/option>\r\n\t\t\t\t\t\t\t<option>neuigierig<\/option>\r\n\t\t\t\t\t\t\t<option>optmistisch<\/option>\r\n\t\t\t\t\t\t\t<option>professionell<\/option>\r\n\t\t\t\t\t\t\t<option>traurig<\/option>\r\n\t\t\t\t\t\t\t<option>\u00fcberrascht<\/option>\r\n\t\t\t\t\t\t\t<option>w\u00fctend<\/option>\r\n\t\t\t\t\t\t\t<option>zuversichtlich<\/option>\r\n\t\t\t\t\t\t<\/datalist>\r\n\t\t\t\t\t<\/div>\r\n\t\t\t\t\t<div id=\"wpforms-712-field_5-container\" class=\"wpforms-field wpforms-field-text\" data-field-id=\"5\">\r\n\t\t\t\t\t\t<label class=\"wpforms-field-label\" for=\"wpforms-712-field_5\">Zielgruppe<\/label>\r\n\t\t\t\t\t\t<input type=\"text\" id=\"wpforms-712-field_5\" class=\"wpforms-field-medium\" name=\"wpforms[fields][5]\" placeholder=\"Gib eine Zielgruppe an oder w\u00e4hle eine aus der Liste\" list=\"zielgruppe\">\r\n\t\t\t\t\t\t<datalist id=\"zielgruppe\">\r\n\t\t\t\t\t\t\t<option>\u00dcbungsleiter*innen<\/option>\r\n\t\t\t\t\t\t\t<option>Berufst\u00e4tige in der Umschulung oder Weiterbildung.<\/option>\r\n\t\t\t\t\t\t\t<option>Arbeitssuchende, die ihre Qualifikationen verbessern m\u00f6chten.<\/option>\r\n\t\t\t\t\t\t\t<option>Hochschulabsolventen, die ihre Kenntnisse vertiefen wollen.<\/option>\r\n\t\t\t\t\t\t\t<option>Senioren, die lebenslanges Lernen praktizieren m\u00f6chten.<\/option>\r\n\t\t\t\t\t\t\t<option>Migranten und Fl\u00fcchtlinge zur Integration und Sprachf\u00f6rderung.<\/option>\r\n\t\t\t\t\t\t\t<option>Eltern, die ihre Erziehungsf\u00e4higkeiten verbessern m\u00f6chten.<\/option>\r\n\t\t\t\t\t\t\t<option>Lehrer und P\u00e4dagogen, um ihre Lehrkompetenzen zu erweitern.<\/option>\r\n\t\t\t\t\t\t\t<option>Menschen mit Behinderungen, um ihre Selbstst\u00e4ndigkeit zu f\u00f6rdern.<\/option>\r\n\t\t\t\t\t\t\t<option>K\u00fcnstler und Kreative, die ihre F\u00e4higkeiten weiterentwickeln wollen.<\/option>\r\n\t\t\t\t\t\t\t<option>Unternehmer und Gr\u00fcnder zur St\u00e4rkung ihrer Gesch\u00e4ftskompetenzen.<\/option>\r\n\t\t\t\t\t\t\t<option>Medizinisches Personal zur beruflichen Fortbildung.<\/option>\r\n\t\t\t\t\t\t\t<option>Umweltsch\u00fctzer und Aktivisten zur Sensibilisierung und Schulung.<\/option>\r\n\t\t\t\t\t\t\t<option>Rentner, die neue Hobbys und Interessen entdecken m\u00f6chten.<\/option>\r\n\t\t\t\t\t\t\t<option>Angeh\u00f6rige der LGBTQ+ Community f\u00fcr Sensibilisierung und Unterst\u00fctzung.<\/option>\r\n\t\t\t\t\t\t\t<option>F\u00fchrungskr\u00e4fte zur Weiterentwicklung ihrer F\u00fchrungsqualit\u00e4ten.<\/option>\r\n\t\t\t\t\t\t\t<option>Eltern von Kindern mit besonderen Bed\u00fcrfnissen zur Unterst\u00fctzung.<\/option>\r\n\t\t\t\t\t\t\t<option>Personen in der Altenpflege zur beruflichen Weiterentwicklung.<\/option>\r\n\t\t\t\t\t\t\t<option>Menschen mit psychischen Gesundheitsproblemen zur Selbsthilfe.<\/option>\r\n\t\t\t\t\t\t\t<option>Sportler und Athleten zur Verbesserung ihrer F\u00e4higkeiten.<\/option>\r\n\t\t\t\t\t\t\t<option>Politisch Interessierte zur Bildung und Beteiligung.<\/option>\r\n\t\t\t\t\t\t\t<option>Menschen mit Interesse an kultureller Bildung und Geschichte.<\/option>\r\n\t\t\t\t\t\t\t<option>Konsumenten f\u00fcr finanzielle Bildung und Budgetierung.<\/option>\r\n\t\t\t\t\t\t\t<option>Autodidakten und Hobbyisten, die neue F\u00e4higkeiten erlernen m\u00f6chten.<\/option>\r\n\t\t\t\t\t\t\t<option>Technologie-Enthusiasten zur Fortbildung im Bereich der IT.<\/option>\r\n\t\t\t\t\t\t\t<option>Landwirte und G\u00e4rtner zur Verbesserung ihrer landwirtschaftlichen Kenntnisse.<\/option>\r\n\t\t\t\t\t\t\t<option>Menschen in l\u00e4ndlichen Gebieten f\u00fcr lokale Entwicklungsprojekte.<\/option>\r\n\t\t\t\t\t\t\t<option>Pflegekr\u00e4fte und Betreuer zur Weiterbildung im Gesundheitswesen.<\/option>\r\n\t\t\t\t\t\t\t<option>Reisende f\u00fcr interkulturelle Sensibilisierung und Sprachkenntnisse.<\/option>\r\n\t\t\t\t\t\t\t<option>Personen, die sich auf ein bestimmtes Zertifikat oder Diplom vorbereiten.<\/option>\r\n\t\t\t\t\t\t\t<option>Gemeindegruppen und soziale Organisationen zur St\u00e4rkung der Gemeinschaft.<\/option>\r\n\t\t\t\t\t\t<\/datalist>\r\n\t\t\t\t\t<\/div>\r\n\t\t\t\t\t<div id=\"wpforms-712-field_6-container\" class=\"wpforms-field wpforms-field-text\" data-field-id=\"6\">\r\n\t\t\t\t\t\t<label class=\"wpforms-field-label\" for=\"wpforms-712-field_6\">L\u00e4nge<\/label>\r\n\t\t\t\t\t\t<input type=\"text\" id=\"wpforms-712-field_6\" class=\"wpforms-field-medium\" name=\"wpforms[fields][6]\" placeholder=\"Gib eine L\u00e4nge an oder w\u00e4hle eine aus der Liste\" list=\"laenge\">\r\n\t\t\t\t\t\t<div class=\"wpforms-field-description\">Unsere KI nimmt es nicht so genau mit der L\u00e4nge der Text - aber einen Versuch ist es wert.<\/div>\r\n\t\t\t\t\t\t<datalist id=\"laenge\">\r\n\t\t\t\t\t\t\t<option>1 Absatz<\/option>\r\n\t\t\t\t\t\t\t<option>2 Abs\u00e4tze<\/option>\r\n\t\t\t\t\t\t\t<option>3 Abs\u00e4tze<\/option>\r\n\t\t\t\t\t\t\t<option>20 W\u00f6rter<\/option>\r\n\t\t\t\t\t\t\t<option>50 W\u00f6rter<\/option>\r\n\t\t\t\t\t\t\t<option>100 W\u00f6rter<\/option>\r\n\t\t\t\t\t\t\t<option>200 W\u00f6rter<\/option>\r\n\t\t\t\t\t\t\t<option>500 W\u00f6rter<\/option>\r\n\t\t\t\t\t\t<\/datalist>\r\n\t\t\t\t\t<\/div>\r\n\t\t\t\t<\/div>\r\n\t\t\t<\/form>\r\n\t\t<\/div>\r\n\t<\/div>\r\n<\/div>\n\n\n\n<div class=\"wp-block-buttons is-layout-flex wp-block-buttons-is-layout-flex\">\n<div class=\"wp-block-button\"><a class=\"wp-block-button__link wp-element-button\" onClick=\"prompt();\">1. in die Zwischenablage kopieren<\/a><\/div>\n\n\n\n<div class=\"wp-block-button\"><a class=\"wp-block-button__link wp-element-button\" href=\"https:\/\/www.bildungswerksport.de\/welt\/partnerschaft\/variante-freie-texteingabe\">2. Zum Kursgenerator wechseln<\/a><\/div>\n<\/div>\n","protected":false},"excerpt":{"rendered":"<p>Prompt-Generator<\/p>\n","protected":false},"author":1,"featured_media":0,"parent":0,"menu_order":0,"comment_status":"closed","ping_status":"closed","template":"","meta":{"footnotes":""},"class_list":["post-944","page","type-page","status-publish","hentry"],"_links":{"self":[{"href":"https:\/\/www.bildungswerksport.de\/welt\/partnerschaft\/wp-json\/wp\/v2\/pages\/944","targetHints":{"allow":["GET"]}}],"collection":[{"href":"https:\/\/www.bildungswerksport.de\/welt\/partnerschaft\/wp-json\/wp\/v2\/pages"}],"about":[{"href":"https:\/\/www.bildungswerksport.de\/welt\/partnerschaft\/wp-json\/wp\/v2\/types\/page"}],"author":[{"embeddable":true,"href":"https:\/\/www.bildungswerksport.de\/welt\/partnerschaft\/wp-json\/wp\/v2\/users\/1"}],"replies":[{"embeddable":true,"href":"https:\/\/www.bildungswerksport.de\/welt\/partnerschaft\/wp-json\/wp\/v2\/comments?post=944"}],"version-history":[{"count":10,"href":"https:\/\/www.bildungswerksport.de\/welt\/partnerschaft\/wp-json\/wp\/v2\/pages\/944\/revisions"}],"predecessor-version":[{"id":1059,"href":"https:\/\/www.bildungswerksport.de\/welt\/partnerschaft\/wp-json\/wp\/v2\/pages\/944\/revisions\/1059"}],"wp:attachment":[{"href":"https:\/\/www.bildungswerksport.de\/welt\/partnerschaft\/wp-json\/wp\/v2\/media?parent=944"}],"curies":[{"name":"wp","href":"https:\/\/api.w.org\/{rel}","templated":true}]}}