{"id":2187,"date":"2018-05-02T08:04:35","date_gmt":"2018-05-02T06:04:35","guid":{"rendered":"http:\/\/www.bildungswerksport.de\/welt\/datenschutzeinstellungen-benutzer\/"},"modified":"2023-07-31T20:52:21","modified_gmt":"2023-07-31T18:52:21","slug":"datenschutzeinstellungen-benutzer","status":"publish","type":"page","link":"https:\/\/www.bildungswerksport.de\/welt\/datenschutzeinstellungen-benutzer\/","title":{"rendered":"Deine pers\u00f6nlichen Datenschutzeinstellungen"},"content":{"rendered":"<p><a href=\"https:\/\/www.bildungswerksport.de\/welt\/datenschutz\/\" rel=\"noopener\">Datenschutzerkl\u00e4rung<\/a><\/p>\n<p><strong><div data-borlabs-cookie-wrap=\"inline\" class=\"left\">\n    <div data-borlabs-cookie>\n        <p class=\"borlabsCookieHeadline\">Cookie-Einstellung<\/p>\n        <div data-borlabs-selection>\n            <p class=\"borlabsCookieExplanation\">Bitte treffe eine Auswahl. Weitere Informationen zu den Auswirkungen deiner Auswahl findest du unter <span data-borlabs-cookie-help-link>Hilfe<\/span>. <a href=\"https:\/\/www.bildungswerksport.de\/welt\/datenschutz\/\">Datenschutzerkl\u00e4rung<\/a> | <a href=\"https:\/\/www.bildungswerksport.de\/welt\/impressum\/\">Impressum<\/a><\/p>\n            <div data-borlabs-selection-list>\n                <ul>\n                    <li class=\"cookieOption1\"><label for=\"borlabsCookieInlineOptionAll\"><input id=\"borlabsCookieInlineOptionAll\" type=\"radio\" name=\"cookieOption\" value=\"all\">Alle Cookies zulassen<\/label><\/li>\n                                        <li class=\"cookieOption2\"><label for=\"borlabsCookieInlineOptionFirstParty\"><input id=\"borlabsCookieInlineOptionFirstParty\" type=\"radio\" name=\"cookieOption\" value=\"first-party\">Nur Cookies von bildungswerksport.de zulassen<\/label><\/li>\n                                        <li class=\"cookieOption3\"><label for=\"borlabsCookieInlineOptionRejectAll\"><input id=\"borlabsCookieInlineOptionRejectAll\" type=\"radio\" name=\"cookieOption\" value=\"reject-all\">Keine Cookies zulassen<\/label><\/li>\n                                    <\/ul>\n                <div data-borlabs-selection-success>\n                    <p class=\"borlabsCookieSuccess\">Deine Auswahl wurde gespeichert!<\/p>\n                <\/div>\n            <\/div>\n            <p class=\"borlabsCookieText\" data-borlabs-cookie-help-link>Weitere Informationen<\/p>\n        <\/div>\n        <div data-borlabs-help>\n            <p class=\"borlabsCookieSubHeadline\">Hilfe<\/p>\n            <p>Hallo! K\u00f6nnten wir bitte einige zus\u00e4tzliche Dienste f\u00fcr Besucher-Statistiken & Technisch notwendige Cookies f\u00fcr wesentliche Seitenfunktionalit\u00e4ten aktivieren? Du kannst deine Zustimmung sp\u00e4ter jederzeit \u00e4ndern oder zur\u00fcckziehen. Nachfolgend erh\u00e4ltst du eine Erl\u00e4uterung der verschiedenen Optionen und ihrer Bedeutung.<\/p>\n            <ul>\n                <li><span>Alle Cookies zulassen<\/span>:<br>Jedes Cookie wie z.B. Tracking- und Analytische-Cookies.<\/li>\n                                <li><span>Nur Cookies von bildungswerksport.de zulassen<\/span>:<br>Nur Cookies von dieser Website.<\/li>\n                                <li><span>Keine Cookies zulassen<\/span>:<br>Es werden keine Cookies gesetzt, es sei denn, es handelt sich um technisch notwendige Cookies. Borlabs Cookie hat bereits ein notwendiges Cookie gesetzt.<\/li>\n                            <\/ul>\n            <p>Du kannst deine Cookie-Einstellung jederzeit hier \u00e4ndern: <a href=\"https:\/\/www.bildungswerksport.de\/welt\/datenschutz\/\">Datenschutzerkl\u00e4rung<\/a>. <a href=\"https:\/\/www.bildungswerksport.de\/welt\/impressum\/\">Impressum<\/a><\/p>\n            <p class=\"borlabsCookieText\" data-borlabs-cookie-help-link>Zur\u00fcck<\/p>\n        <\/div>\n    <\/div>\n<\/div><\/strong><\/p>\n<p><strong><div data-borlabs-cookie-log><table><thead><tr><th>Datum<\/th><th>Benutzeraktion<\/th><\/tr><\/thead><\/table><\/div><\/strong><\/p>\n","protected":false},"excerpt":{"rendered":"<p>Datenschutzerkl\u00e4rung<\/p>\n","protected":false},"author":1,"featured_media":0,"parent":0,"menu_order":0,"comment_status":"closed","ping_status":"closed","template":"","meta":{"footnotes":""},"class_list":["post-2187","page","type-page","status-publish","hentry"],"_links":{"self":[{"href":"https:\/\/www.bildungswerksport.de\/welt\/wp-json\/wp\/v2\/pages\/2187","targetHints":{"allow":["GET"]}}],"collection":[{"href":"https:\/\/www.bildungswerksport.de\/welt\/wp-json\/wp\/v2\/pages"}],"about":[{"href":"https:\/\/www.bildungswerksport.de\/welt\/wp-json\/wp\/v2\/types\/page"}],"author":[{"embeddable":true,"href":"https:\/\/www.bildungswerksport.de\/welt\/wp-json\/wp\/v2\/users\/1"}],"replies":[{"embeddable":true,"href":"https:\/\/www.bildungswerksport.de\/welt\/wp-json\/wp\/v2\/comments?post=2187"}],"version-history":[{"count":5,"href":"https:\/\/www.bildungswerksport.de\/welt\/wp-json\/wp\/v2\/pages\/2187\/revisions"}],"predecessor-version":[{"id":10629,"href":"https:\/\/www.bildungswerksport.de\/welt\/wp-json\/wp\/v2\/pages\/2187\/revisions\/10629"}],"wp:attachment":[{"href":"https:\/\/www.bildungswerksport.de\/welt\/wp-json\/wp\/v2\/media?parent=2187"}],"curies":[{"name":"wp","href":"https:\/\/api.w.org\/{rel}","templated":true}]}}