{"id":3199,"date":"2020-09-25T23:34:03","date_gmt":"2020-09-25T21:34:03","guid":{"rendered":"http:\/\/www.bildungswerksport.de\/welt\/?page_id=3199"},"modified":"2020-09-26T00:48:15","modified_gmt":"2020-09-25T22:48:15","slug":"adobe-connect","status":"publish","type":"page","link":"https:\/\/www.bildungswerksport.de\/welt\/adobe-connect\/","title":{"rendered":"Adobe Connect"},"content":{"rendered":"<h1>Mitgliederversammlung &#8211; Adobe Connect<\/h1>\n<p>Zur Teilnahme mit einer eigenen Webcam wird die Adobe Connect App ben\u00f6tigt, Sie k\u00f6nnen die App hier herunterladen und installieren:<\/p>\n<p><a style=\"background-color: #2680eb; color: #ffffff; border-radius: 16px; padding: 6px 16px 7px 16px; border: 0px; text-decoration: none;\" href=\"https:\/\/www.adobe.com\/go\/Connectsetup\">Adobe Connect-Anwendung herunterladen<\/a><\/p>\n<h2>Systemanforderungen f\u00fcr die Teilnahme auf verschiedenen Ger\u00e4ten:<\/h2>\n<h3>Betriebssystem Windows<\/h3>\n<p><strong>F\u00fcr Adobe Connect App<\/strong><\/p>\n<ul>\n<li>Intel Core 2 oder schnellerer Prozessor (oder gleichwertig)<\/li>\n<li>Benutzer von Windows 10 (64-Bit, Windows 10 &#8216;N&#8217; Edition) m\u00fcssen eventuell das &#8216;Media Feature Pack&#8217; installieren, bevor sie die Anwendung installieren.<\/li>\n<li>1 GB RAM (2 GB oder mehrempfohlen)<\/li>\n<\/ul>\n<p><strong>F\u00fcr HTML-Client<\/strong><\/p>\n<ul>\n<li>Intel Core i5 oder schnellerer Prozessor (oder gleichwertig)<\/li>\n<li>Windows 10, 8.1 (32 Bit\/64 Bit), Windows 7 (32 Bit\/64 Bit)<\/li>\n<li>2 GB RAM (4 GB empfohlen)<\/li>\n<li>Google Chrome (v70.0 und h\u00f6her), Mozilla Firefox (v65.0 und h\u00f6her) und Microsoft Edge (Chromium, v79.0 und h\u00f6her)<\/li>\n<\/ul>\n<h3>Betriebssystem Mac OS<\/h3>\n<p><strong>F\u00fcr Adobe Connect App<\/strong><\/p>\n<ul>\n<li>1,83 GHz Intel Core Duo oder schnellerer Prozessor<\/li>\n<li>512 MB RAM (1 GB empfohlen)<\/li>\n<li>Mac OS X 10.13, 10.14 und 10.15<\/li>\n<\/ul>\n<p><strong>F\u00fcr HTML-Client<\/strong><\/p>\n<ul>\n<li>Intel Core i5 oder schnellerer Prozessor (oder gleichwertig)<\/li>\n<li>Mac OS X 10.13, 10.14 und 10.15<\/li>\n<li>2 GB RAM (4 GB empfohlen)<\/li>\n<li>Apple Safari (v12.0 und h\u00f6her), Google Chrome (v70.0 und h\u00f6her), Mozilla Firefox (v65.0 und h\u00f6her) und Microsoft Edge (Chromium) (v79.0 und h\u00f6her)<\/li>\n<\/ul>\n","protected":false},"excerpt":{"rendered":"<p>Mitgliederversammlung &#8211; Adobe Connect Zur Teilnahme mit einer eigenen Webcam wird die Adobe Connect App ben\u00f6tigt, Sie k\u00f6nnen die App hier herunterladen und installieren: Adobe<a href=\"https:\/\/www.bildungswerksport.de\/welt\/adobe-connect\/\" class=\"more-link\"><br \/>Bitte weiterlesen <i class=\"icon-angle-right\"><\/i><\/a><\/p>\n","protected":false},"author":1,"featured_media":0,"parent":0,"menu_order":0,"comment_status":"closed","ping_status":"closed","template":"","meta":{"footnotes":""},"class_list":["post-3199","page","type-page","status-publish","hentry"],"_links":{"self":[{"href":"https:\/\/www.bildungswerksport.de\/welt\/wp-json\/wp\/v2\/pages\/3199","targetHints":{"allow":["GET"]}}],"collection":[{"href":"https:\/\/www.bildungswerksport.de\/welt\/wp-json\/wp\/v2\/pages"}],"about":[{"href":"https:\/\/www.bildungswerksport.de\/welt\/wp-json\/wp\/v2\/types\/page"}],"author":[{"embeddable":true,"href":"https:\/\/www.bildungswerksport.de\/welt\/wp-json\/wp\/v2\/users\/1"}],"replies":[{"embeddable":true,"href":"https:\/\/www.bildungswerksport.de\/welt\/wp-json\/wp\/v2\/comments?post=3199"}],"version-history":[{"count":9,"href":"https:\/\/www.bildungswerksport.de\/welt\/wp-json\/wp\/v2\/pages\/3199\/revisions"}],"predecessor-version":[{"id":3244,"href":"https:\/\/www.bildungswerksport.de\/welt\/wp-json\/wp\/v2\/pages\/3199\/revisions\/3244"}],"wp:attachment":[{"href":"https:\/\/www.bildungswerksport.de\/welt\/wp-json\/wp\/v2\/media?parent=3199"}],"curies":[{"name":"wp","href":"https:\/\/api.w.org\/{rel}","templated":true}]}}